{"id":30005,"date":"2025-05-07T13:19:26","date_gmt":"2025-05-07T11:19:26","guid":{"rendered":"https:\/\/gliki.at\/?post_type=product&#038;p=30005"},"modified":"2025-10-07T16:19:12","modified_gmt":"2025-10-07T14:19:12","slug":"40-52-9-048-0000-industrijski-relej","status":"publish","type":"product","link":"https:\/\/gliki.at\/de\/shop\/releji\/industrijski-releji\/40-52-9-048-0000-industrijski-relej\/","title":{"rendered":"Finder 40.52.9.048.0000 \u2013 Industrijski relej"},"content":{"rendered":"<p>Relej iz serije 40.52 nudi pouzdano preklapanje dva odvojena elektri\u010dna kola, \u010dine\u0107i ga pogodnim za slo\u017eenije upravlja\u010dke i signalne zadatke. Namenjen je za ugradnju na DIN \u0161inu pomo\u0107u kompatibilnog podno\u017eja iz serije 95. Ovaj model karakteri\u0161e visok stepen elektri\u010dne i mehani\u010dke izdr\u017eljivosti, uz kompaktnu konstrukciju. \u0160irok spektar primena uklju\u010duje automatizaciju, signalizaciju, kontrolu procesa i druge industrijske sisteme.<\/p>\n<p>Klju\u010dne karakteristike:<\/p>\n<p>Napajanje: 48V DC<\/p>\n<p>PCB\/plugin -5mm pining<\/p>\n<p>Tip kontakata: 2 preklopna (DPDT)<\/p>\n<p>Monta\u017ea: DIN \u0161ina (uz odgovaraju\u0107e podno\u017eje)<\/p>\n<p>Radna temperatura: -40 \u00b0C do +85 \u00b0C<\/p>\n<p>Mehani\u010dka dugove\u010dnost: do 10 miliona operacija<\/p>\n<p>Finder 40.52.9.048.0000 je pouzdan i robustan relej za rad u zahtevnim industrijskim uslovima, posebno u aplikacijama gde je potrebna visoka preciznost i stabilnost pri napajanju od 48V DC.<\/p>","protected":false},"excerpt":{"rendered":"<p>Finder 40.52.9.048.0000 je elektromehani\u010dki relej sa dva preklopna kontakta (DPDT), optimizovan za rad na napajanju od 48V DC, namenjen za upravljanje elektri\u010dnim kolima u industrijskim i automatizovanim sistemima.<\/p>","protected":false},"featured_media":30130,"template":"","meta":[],"product_brand":[114],"product_cat":[237,76],"product_tag":[119],"class_list":{"0":"post-30005","1":"product","2":"type-product","3":"status-publish","4":"has-post-thumbnail","6":"product_brand-finder","7":"product_cat-industrijski-releji","8":"product_cat-releji","9":"product_tag-finder","11":"first","12":"instock","13":"taxable","14":"shipping-taxable","15":"purchasable","16":"product-type-simple"},"_links":{"self":[{"href":"https:\/\/gliki.at\/de\/wp-json\/wp\/v2\/product\/30005","targetHints":{"allow":["GET"]}}],"collection":[{"href":"https:\/\/gliki.at\/de\/wp-json\/wp\/v2\/product"}],"about":[{"href":"https:\/\/gliki.at\/de\/wp-json\/wp\/v2\/types\/product"}],"version-history":[{"count":3,"href":"https:\/\/gliki.at\/de\/wp-json\/wp\/v2\/product\/30005\/revisions"}],"predecessor-version":[{"id":33224,"href":"https:\/\/gliki.at\/de\/wp-json\/wp\/v2\/product\/30005\/revisions\/33224"}],"wp:featuredmedia":[{"embeddable":true,"href":"https:\/\/gliki.at\/de\/wp-json\/wp\/v2\/media\/30130"}],"wp:attachment":[{"href":"https:\/\/gliki.at\/de\/wp-json\/wp\/v2\/media?parent=30005"}],"wp:term":[{"taxonomy":"product_brand","embeddable":true,"href":"https:\/\/gliki.at\/de\/wp-json\/wp\/v2\/product_brand?post=30005"},{"taxonomy":"product_cat","embeddable":true,"href":"https:\/\/gliki.at\/de\/wp-json\/wp\/v2\/product_cat?post=30005"},{"taxonomy":"product_tag","embeddable":true,"href":"https:\/\/gliki.at\/de\/wp-json\/wp\/v2\/product_tag?post=30005"}],"curies":[{"name":"wp","href":"https:\/\/api.w.org\/{rel}","templated":true}]}}