{"id":30009,"date":"2025-05-07T13:46:22","date_gmt":"2025-05-07T11:46:22","guid":{"rendered":"https:\/\/gliki.at\/?post_type=product&#038;p=30009"},"modified":"2025-10-07T16:19:26","modified_gmt":"2025-10-07T14:19:26","slug":"40-52-9-110-0000-industrijski-relej","status":"publish","type":"product","link":"https:\/\/gliki.at\/de\/shop\/releji\/industrijski-releji\/40-52-9-110-0000-industrijski-relej\/","title":{"rendered":"Finder 40.52.9.110.0000 \u2013 Industrijski relej"},"content":{"rendered":"<p>Relej iz serije 40.52 nudi visoku pouzdanost i efikasnost pri preklapanju dva odvojena kola. Ovaj model je idealan za razli\u010dite aplikacije u industriji i automatizaciji, pru\u017eaju\u0107i jednostavnu integraciju u sisteme sa napajanjem od 110V DC. Namenjen je za monta\u017eu na DIN \u0161inu pomo\u0107u kompatibilnog podno\u017eja iz serije 95. Poseduje visoku elektri\u010dnu i mehani\u010dku izdr\u017eljivost, \u0161to omogu\u0107ava dugoro\u010dnu upotrebu u te\u0161kim uslovima rada.<\/p>\n<p>Klju\u010dne karakteristike:<\/p>\n<p>Napajanje: 110V DC<\/p>\n<p>PCB\/plugin -5mm pining<\/p>\n<p>Tip kontakata: 2 preklopna (DPDT)<\/p>\n<p>Monta\u017ea: DIN \u0161ina (uz odgovaraju\u0107e podno\u017eje)<\/p>\n<p>Radna temperatura: -40 \u00b0C do +85 \u00b0C<\/p>\n<p>Mehani\u010dka dugove\u010dnost: do 10 miliona operacija<\/p>\n<p>Finder 40.52.9.110.0000 je visokokvalitetan relej koji pru\u017ea stabilnost i pouzdanost u industrijskim aplikacijama sa napajanjem od 110V DC. Idealan je za slo\u017eene sisteme gde je potrebna preciznost u preklapanju elektri\u010dnih kola.<\/p>","protected":false},"excerpt":{"rendered":"<p>Finder 40.52.9.110.0000 je elektromehani\u010dki relej sa dva preklopna kontakta (DPDT), dizajniran za rad na napajanju od 110V DC, namenjen za upravljanje elektri\u010dnim kolima u industrijskim i automatizovanim sistemima.<\/p>","protected":false},"featured_media":30128,"template":"","meta":[],"product_brand":[114],"product_cat":[237,76],"product_tag":[119],"class_list":{"0":"post-30009","1":"product","2":"type-product","3":"status-publish","4":"has-post-thumbnail","6":"product_brand-finder","7":"product_cat-industrijski-releji","8":"product_cat-releji","9":"product_tag-finder","11":"first","12":"instock","13":"taxable","14":"shipping-taxable","15":"product-type-simple"},"_links":{"self":[{"href":"https:\/\/gliki.at\/de\/wp-json\/wp\/v2\/product\/30009","targetHints":{"allow":["GET"]}}],"collection":[{"href":"https:\/\/gliki.at\/de\/wp-json\/wp\/v2\/product"}],"about":[{"href":"https:\/\/gliki.at\/de\/wp-json\/wp\/v2\/types\/product"}],"version-history":[{"count":4,"href":"https:\/\/gliki.at\/de\/wp-json\/wp\/v2\/product\/30009\/revisions"}],"predecessor-version":[{"id":33223,"href":"https:\/\/gliki.at\/de\/wp-json\/wp\/v2\/product\/30009\/revisions\/33223"}],"wp:featuredmedia":[{"embeddable":true,"href":"https:\/\/gliki.at\/de\/wp-json\/wp\/v2\/media\/30128"}],"wp:attachment":[{"href":"https:\/\/gliki.at\/de\/wp-json\/wp\/v2\/media?parent=30009"}],"wp:term":[{"taxonomy":"product_brand","embeddable":true,"href":"https:\/\/gliki.at\/de\/wp-json\/wp\/v2\/product_brand?post=30009"},{"taxonomy":"product_cat","embeddable":true,"href":"https:\/\/gliki.at\/de\/wp-json\/wp\/v2\/product_cat?post=30009"},{"taxonomy":"product_tag","embeddable":true,"href":"https:\/\/gliki.at\/de\/wp-json\/wp\/v2\/product_tag?post=30009"}],"curies":[{"name":"wp","href":"https:\/\/api.w.org\/{rel}","templated":true}]}}