{"id":30029,"date":"2025-05-07T14:26:59","date_gmt":"2025-05-07T12:26:59","guid":{"rendered":"https:\/\/gliki.at\/?post_type=product&#038;p=30029"},"modified":"2025-10-07T16:20:45","modified_gmt":"2025-10-07T14:20:45","slug":"40-61-8-230-0000-industrijski-relej","status":"publish","type":"product","link":"https:\/\/gliki.at\/de\/shop\/releji\/industrijski-releji\/40-61-8-230-0000-industrijski-relej\/","title":{"rendered":"Finder 40.61.8.230.0000 \u2013 Industrijski relej"},"content":{"rendered":"<p>Relej iz serije 40.61, model 40.61.8.230.0000, odlikuje se kompaktnim ku\u0107i\u0161tem, visokom pouzdano\u0161\u0107u i velikom mehani\u010dkom dugove\u010dno\u0161\u0107u. Poseduje jedan SPDT kontakt sposoban da rukuje strujom do 16 A. Namenjen je za monta\u017eu na DIN \u0161inu u kombinaciji sa podno\u017ejima iz Finder serije 95. Ovaj relej se koristi u automatizaciji, upravlja\u010dkim ormanima i razli\u010ditim kontrolnim sistemima zahvaljuju\u0107i otpornosti na temperaturne razlike i dugotrajnosti u radu.<\/p>\n<p>Klju\u010dne karakteristike:<\/p>\n<p>Napajanje: 230V AC<\/p>\n<p>PCB\/plugin -5mm pining<\/p>\n<p>Tip kontakta: 1 preklopni (SPDT)<\/p>\n<p>Maksimalna struja: 16 A<\/p>\n<p>Monta\u017ea: DIN \u0161ina (uz podno\u017eje serije 95)<\/p>\n<p>Radna temperatura: -40 \u00b0C do +85 \u00b0C<\/p>\n<p>Mehani\u010dka dugove\u010dnost: do 10 miliona operacija<\/p>\n<p>Kompatibilnost sa LED indikatorima i EMC modulima<\/p>\n<p>Finder 40.61.8.230.0000 je robustan i pouzdan relej, odli\u010dan za aplikacije koje zahtevaju stabilno upravljanje kolima pri naponu od 230V AC. Njegove karakteristike ga \u010dine pogodnim za profesionalnu i industrijsku upotrebu.<\/p>","protected":false},"excerpt":{"rendered":"<p>Finder 40.61.8.230.0000 je elektromehani\u010dki relej sa jednim preklopnim kontaktom (SPDT), projektovan za rad na 230V AC, idealan za upravljanje raznim elektri\u010dnim ure\u0111ajima u industrijskim i komercijalnim aplikacijama.<\/p>","protected":false},"featured_media":30118,"template":"","meta":[],"product_brand":[114],"product_cat":[237,76],"product_tag":[119],"class_list":{"0":"post-30029","1":"product","2":"type-product","3":"status-publish","4":"has-post-thumbnail","6":"product_brand-finder","7":"product_cat-industrijski-releji","8":"product_cat-releji","9":"product_tag-finder","11":"first","12":"instock","13":"taxable","14":"shipping-taxable","15":"purchasable","16":"product-type-simple"},"_links":{"self":[{"href":"https:\/\/gliki.at\/de\/wp-json\/wp\/v2\/product\/30029","targetHints":{"allow":["GET"]}}],"collection":[{"href":"https:\/\/gliki.at\/de\/wp-json\/wp\/v2\/product"}],"about":[{"href":"https:\/\/gliki.at\/de\/wp-json\/wp\/v2\/types\/product"}],"version-history":[{"count":4,"href":"https:\/\/gliki.at\/de\/wp-json\/wp\/v2\/product\/30029\/revisions"}],"predecessor-version":[{"id":33218,"href":"https:\/\/gliki.at\/de\/wp-json\/wp\/v2\/product\/30029\/revisions\/33218"}],"wp:featuredmedia":[{"embeddable":true,"href":"https:\/\/gliki.at\/de\/wp-json\/wp\/v2\/media\/30118"}],"wp:attachment":[{"href":"https:\/\/gliki.at\/de\/wp-json\/wp\/v2\/media?parent=30029"}],"wp:term":[{"taxonomy":"product_brand","embeddable":true,"href":"https:\/\/gliki.at\/de\/wp-json\/wp\/v2\/product_brand?post=30029"},{"taxonomy":"product_cat","embeddable":true,"href":"https:\/\/gliki.at\/de\/wp-json\/wp\/v2\/product_cat?post=30029"},{"taxonomy":"product_tag","embeddable":true,"href":"https:\/\/gliki.at\/de\/wp-json\/wp\/v2\/product_tag?post=30029"}],"curies":[{"name":"wp","href":"https:\/\/api.w.org\/{rel}","templated":true}]}}