{"id":30037,"date":"2025-05-07T14:32:05","date_gmt":"2025-05-07T12:32:05","guid":{"rendered":"https:\/\/gliki.at\/?post_type=product&#038;p=30037"},"modified":"2025-10-07T16:21:21","modified_gmt":"2025-10-07T14:21:21","slug":"40-61-9-009-0000-industrijski-relej","status":"publish","type":"product","link":"https:\/\/gliki.at\/de\/shop\/releji\/industrijski-releji\/40-61-9-009-0000-industrijski-relej\/","title":{"rendered":"Finder 40.61.9.009.0000 \u2013 Industrijski relej"},"content":{"rendered":"<p>Relej 40.61.9.009.0000 iz serije 40.61 kompanije Finder pru\u017ea pouzdan rad u aplikacijama koje zahtevaju niskonaponsko upravljanje. Opremljen je jednim kontaktom ,\u00a0 kompatibilan je sa podno\u017ejima serije 95, \u0161to omogu\u0107ava laku ugradnju i odr\u017eavanje u razvodnim ormanima. Idealan je za automatizaciju, kontrolu i signalizaciju u elektronici i industrijskim sistemima.<\/p>\n<p>Klju\u010dne karakteristike:<\/p>\n<p>Napajanje: 9V DC<\/p>\n<p>PCB\/plugin -5mm pining<\/p>\n<p>Tip kontakta: 1 preklopni (SPDT)<\/p>\n<p>Monta\u017ea: DIN \u0161ina (uz podno\u017eje serije 95)<\/p>\n<p>Radna temperatura: -40 \u00b0C do +85 \u00b0C<\/p>\n<p>Mehani\u010dka dugove\u010dnost: do 10 miliona operacija<\/p>\n<p>Visoka otpornost na elektri\u010dnu i mehani\u010dku habanje<\/p>\n<p>Finder 40.61.9.009.0000 je prakti\u010dan izbor za upravljanje u niskonaponskim aplikacijama, nude\u0107i sigurnost, dugotrajnost i kompatibilnost sa standardnom industrijskom opremom.<\/p>\n<p>&nbsp;<\/p>\n<p>&nbsp;<\/p>\n<p>&nbsp;<\/p>","protected":false},"excerpt":{"rendered":"<p>Finder 40.61.9.009.0000 je kompaktan elektromehani\u010dki relej sa jednim preklopnim kontaktom (SPDT) i zavojnicom za napajanje od 9V DC, dizajniran za DIN \u0161ina monta\u017eu u industrijskim i komercijalnim aplikacijama.<\/p>","protected":false},"featured_media":30114,"template":"","meta":[],"product_brand":[114],"product_cat":[237,76],"product_tag":[119],"class_list":{"0":"post-30037","1":"product","2":"type-product","3":"status-publish","4":"has-post-thumbnail","6":"product_brand-finder","7":"product_cat-industrijski-releji","8":"product_cat-releji","9":"product_tag-finder","11":"first","12":"instock","13":"taxable","14":"shipping-taxable","15":"product-type-simple"},"_links":{"self":[{"href":"https:\/\/gliki.at\/de\/wp-json\/wp\/v2\/product\/30037","targetHints":{"allow":["GET"]}}],"collection":[{"href":"https:\/\/gliki.at\/de\/wp-json\/wp\/v2\/product"}],"about":[{"href":"https:\/\/gliki.at\/de\/wp-json\/wp\/v2\/types\/product"}],"version-history":[{"count":3,"href":"https:\/\/gliki.at\/de\/wp-json\/wp\/v2\/product\/30037\/revisions"}],"predecessor-version":[{"id":33216,"href":"https:\/\/gliki.at\/de\/wp-json\/wp\/v2\/product\/30037\/revisions\/33216"}],"wp:featuredmedia":[{"embeddable":true,"href":"https:\/\/gliki.at\/de\/wp-json\/wp\/v2\/media\/30114"}],"wp:attachment":[{"href":"https:\/\/gliki.at\/de\/wp-json\/wp\/v2\/media?parent=30037"}],"wp:term":[{"taxonomy":"product_brand","embeddable":true,"href":"https:\/\/gliki.at\/de\/wp-json\/wp\/v2\/product_brand?post=30037"},{"taxonomy":"product_cat","embeddable":true,"href":"https:\/\/gliki.at\/de\/wp-json\/wp\/v2\/product_cat?post=30037"},{"taxonomy":"product_tag","embeddable":true,"href":"https:\/\/gliki.at\/de\/wp-json\/wp\/v2\/product_tag?post=30037"}],"curies":[{"name":"wp","href":"https:\/\/api.w.org\/{rel}","templated":true}]}}