{"id":30041,"date":"2025-05-07T14:34:52","date_gmt":"2025-05-07T12:34:52","guid":{"rendered":"https:\/\/gliki.at\/?post_type=product&#038;p=30041"},"modified":"2025-10-07T16:21:36","modified_gmt":"2025-10-07T14:21:36","slug":"40-61-9-012-0000-industrijski-relej","status":"publish","type":"product","link":"https:\/\/gliki.at\/de\/shop\/releji\/industrijski-releji\/40-61-9-012-0000-industrijski-relej\/","title":{"rendered":"Finder 40.61.9.012.0000 \u2013 Industrijski relej"},"content":{"rendered":"<p>Ovaj relej iz serije 40.61 nudi pouzdan rad u upravlja\u010dkim i signalnim kolima. Namenjen je za monta\u017eu na DIN \u0161inu uz kori\u0161\u0107enje odgovaraju\u0107eg podno\u017eja iz serije 95. Njegova kompaktna konstrukcija\u00a0 \u010dini ga pogodnim za upotrebu u \u0161irokom spektru aplikacija \u2013 od industrijskih automatizovanih sistema do ku\u0107nih instalacija. Ima visoku otpornost na mehani\u010dko habanje i osigurava dugotrajan rad \u010dak i u zahtevnim uslovima.<\/p>\n<p>Klju\u010dne karakteristike:<\/p>\n<p>Napajanje: 12V DC<\/p>\n<p>PCB\/plugin -5mm pining<\/p>\n<p>Tip kontakta: 1 preklopni (SPDT)<\/p>\n<p>Monta\u017ea: DIN \u0161ina (uz podno\u017eje serije 95)<\/p>\n<p>Radna temperatura: -40 \u00b0C do +85 \u00b0C<\/p>\n<p>Mehani\u010dka dugove\u010dnost: do 10 miliona operacija<\/p>\n<p>Elektri\u010dna dugove\u010dnost: do 100.000 operacija pri nominalnom optere\u0107enju<\/p>\n<p>Finder 40.61.9.012.0000 je pouzdan i izdr\u017eljiv relej za aplikacije koje zahtevaju 12V DC upravljanje. Njegova robusnost i fleksibilnost ga \u010dine odli\u010dnim izborom za profesionalne instalacije i sisteme automatizacije.<\/p>","protected":false},"excerpt":{"rendered":"<p>Finder 40.61.9.012.0000 je elektromehani\u010dki relej sa jednim preklopnim kontaktom (SPDT) i zavojnicom za napajanje od 12V DC, pogodan za razne industrijske primene i automatizaciju.<\/p>","protected":false},"featured_media":30112,"template":"","meta":[],"product_brand":[114],"product_cat":[237,76],"product_tag":[119],"class_list":{"0":"post-30041","1":"product","2":"type-product","3":"status-publish","4":"has-post-thumbnail","6":"product_brand-finder","7":"product_cat-industrijski-releji","8":"product_cat-releji","9":"product_tag-finder","11":"first","12":"instock","13":"taxable","14":"shipping-taxable","15":"product-type-simple"},"_links":{"self":[{"href":"https:\/\/gliki.at\/de\/wp-json\/wp\/v2\/product\/30041","targetHints":{"allow":["GET"]}}],"collection":[{"href":"https:\/\/gliki.at\/de\/wp-json\/wp\/v2\/product"}],"about":[{"href":"https:\/\/gliki.at\/de\/wp-json\/wp\/v2\/types\/product"}],"version-history":[{"count":4,"href":"https:\/\/gliki.at\/de\/wp-json\/wp\/v2\/product\/30041\/revisions"}],"predecessor-version":[{"id":33215,"href":"https:\/\/gliki.at\/de\/wp-json\/wp\/v2\/product\/30041\/revisions\/33215"}],"wp:featuredmedia":[{"embeddable":true,"href":"https:\/\/gliki.at\/de\/wp-json\/wp\/v2\/media\/30112"}],"wp:attachment":[{"href":"https:\/\/gliki.at\/de\/wp-json\/wp\/v2\/media?parent=30041"}],"wp:term":[{"taxonomy":"product_brand","embeddable":true,"href":"https:\/\/gliki.at\/de\/wp-json\/wp\/v2\/product_brand?post=30041"},{"taxonomy":"product_cat","embeddable":true,"href":"https:\/\/gliki.at\/de\/wp-json\/wp\/v2\/product_cat?post=30041"},{"taxonomy":"product_tag","embeddable":true,"href":"https:\/\/gliki.at\/de\/wp-json\/wp\/v2\/product_tag?post=30041"}],"curies":[{"name":"wp","href":"https:\/\/api.w.org\/{rel}","templated":true}]}}