{"id":30057,"date":"2025-05-07T17:55:27","date_gmt":"2025-05-07T15:55:27","guid":{"rendered":"https:\/\/gliki.at\/?post_type=product&#038;p=30057"},"modified":"2025-10-07T16:22:55","modified_gmt":"2025-10-07T14:22:55","slug":"40-62-7-012-0000-industrijski-relej","status":"publish","type":"product","link":"https:\/\/gliki.at\/de\/shop\/releji\/industrijski-releji\/40-62-7-012-0000-industrijski-relej\/","title":{"rendered":"Finder 40.62.7.012.0000 \u2013 Industrijski relej"},"content":{"rendered":"<p>Ovaj model je deo serije 40 i koristi se u brojnim industrijskim i komercijalnim aplikacijama koje zahtevaju pouzdano preklapanje vi\u0161e elektri\u010dnih kola. Finder 40.62.7.012.0000\u00a0 poseduje dva nezavisna preklopna kontakta, \u0161to omogu\u0107ava fleksibilnost u dizajnu sistema. Kompatibilan je sa DIN \u0161inskim podno\u017ejem serije 95, \u0161to omogu\u0107ava laku monta\u017eu i zamenu. Idealan je za upotrebu u sistemima automatizacije, signalizacije i kontrole.<\/p>\n<p>Klju\u010dne karakteristike:<\/p>\n<p>Napajanje: 12V\u00a0 sensitivni DC<\/p>\n<p>PCB\/plugin -5mm pining<\/p>\n<p>Tip kontakta: 2 preklopna (DPDT)<\/p>\n<p>Monta\u017ea: DIN \u0161ina (uz podno\u017eje serije 95)<\/p>\n<p>Radna temperatura: -40 \u00b0C do +85 \u00b0C<\/p>\n<p>Mehani\u010dka dugove\u010dnost: do 10 miliona operacija<\/p>\n<p>Elektri\u010dna dugove\u010dnost: do 100.000 operacija pri nominalnom optere\u0107enju<\/p>\n<p>Finder 40.62.7.012.0000 je pouzdan relej sa dva preklopna kontakta, pogodan za razne primene u automatizaciji i kontroli, posebno kada je potrebno upravljanje sa 12V DC napajanjem i stabilan rad u zahtevnim uslovima.<\/p>","protected":false},"excerpt":{"rendered":"<p>Ovaj model je deo serije 40 i koristi se u brojnim industrijskim i komercijalnim aplikacijama koje zahtevaju pouzdano preklapanje vi\u0161e elektri\u010dnih kola. Finder 40.62.7.012.0000\u00a0 poseduje dva nezavisna preklopna kontakta, \u0161to omogu\u0107ava fleksibilnost u dizajnu sistema<\/p>","protected":false},"featured_media":30104,"template":"","meta":[],"product_brand":[114],"product_cat":[237,76],"product_tag":[119],"class_list":{"0":"post-30057","1":"product","2":"type-product","3":"status-publish","4":"has-post-thumbnail","6":"product_brand-finder","7":"product_cat-industrijski-releji","8":"product_cat-releji","9":"product_tag-finder","11":"first","12":"instock","13":"taxable","14":"shipping-taxable","15":"product-type-simple"},"_links":{"self":[{"href":"https:\/\/gliki.at\/de\/wp-json\/wp\/v2\/product\/30057","targetHints":{"allow":["GET"]}}],"collection":[{"href":"https:\/\/gliki.at\/de\/wp-json\/wp\/v2\/product"}],"about":[{"href":"https:\/\/gliki.at\/de\/wp-json\/wp\/v2\/types\/product"}],"version-history":[{"count":4,"href":"https:\/\/gliki.at\/de\/wp-json\/wp\/v2\/product\/30057\/revisions"}],"predecessor-version":[{"id":33211,"href":"https:\/\/gliki.at\/de\/wp-json\/wp\/v2\/product\/30057\/revisions\/33211"}],"wp:featuredmedia":[{"embeddable":true,"href":"https:\/\/gliki.at\/de\/wp-json\/wp\/v2\/media\/30104"}],"wp:attachment":[{"href":"https:\/\/gliki.at\/de\/wp-json\/wp\/v2\/media?parent=30057"}],"wp:term":[{"taxonomy":"product_brand","embeddable":true,"href":"https:\/\/gliki.at\/de\/wp-json\/wp\/v2\/product_brand?post=30057"},{"taxonomy":"product_cat","embeddable":true,"href":"https:\/\/gliki.at\/de\/wp-json\/wp\/v2\/product_cat?post=30057"},{"taxonomy":"product_tag","embeddable":true,"href":"https:\/\/gliki.at\/de\/wp-json\/wp\/v2\/product_tag?post=30057"}],"curies":[{"name":"wp","href":"https:\/\/api.w.org\/{rel}","templated":true}]}}