{"id":30086,"date":"2025-05-07T18:13:25","date_gmt":"2025-05-07T16:13:25","guid":{"rendered":"https:\/\/gliki.at\/?post_type=product&#038;p=30086"},"modified":"2025-10-07T16:24:45","modified_gmt":"2025-10-07T14:24:45","slug":"41-61-9-012-0010-industrijski-relej","status":"publish","type":"product","link":"https:\/\/gliki.at\/de\/shop\/releji\/industrijski-releji\/41-61-9-012-0010-industrijski-relej\/","title":{"rendered":"Finder 41.61.9.012.0010 \u2013 Industrijski relej"},"content":{"rendered":"<p>Relej Finder 41.61.9.012.0010 deo je serije 41.61, namenjene za \u0161irok spektar automatizovanih sistema. Relej je opremljen jednim preklopnim kontaktom sa nosivo\u0161\u0107u do 16 A, omogu\u0107avaju\u0107i stabilno preklapanje i u zahtevnim uslovima.<\/p>\n<p>Klju\u010dne karakteristike:<\/p>\n<p>Napajanje: 12V DC<\/p>\n<p>PCB- 5.0mm pining<\/p>\n<p>Tip kontakta: 1 preklopni (SPDT)<\/p>\n<p>Maksimalna struja: 16 A<\/p>\n<p>Monta\u017ea: DIN \u0161ina (uz odgovaraju\u0107e podno\u017eje \u2013 serija 93)<\/p>\n<p>&nbsp;<\/p>\n<p>Elektri\u010dna dugove\u010dnost: do 100.000 ciklusa<\/p>\n<p>Mehani\u010dka dugove\u010dnost: do 10 miliona ciklusa<\/p>\n<p>Radna temperatura: -40 \u00b0C do +85 \u00b0C<\/p>\n<p>Finder 41.61.9.012.0010 je pouzdan relej sa dodatnim za\u0161titnim funkcijama, idealan za upravljanje elektri\u010dnim kolima u sistemima sa napajanjem od 12V DC.<\/p>","protected":false},"excerpt":{"rendered":"<p>Finder 41.61.9.012.0010 je elektromehani\u010dki relej sa jednim preklopnim kontaktom (SPDT), projektovan za rad sa napajanjem od 12V DC.<\/p>","protected":false},"featured_media":30090,"template":"","meta":[],"product_brand":[114],"product_cat":[237,76],"product_tag":[119],"class_list":{"0":"post-30086","1":"product","2":"type-product","3":"status-publish","4":"has-post-thumbnail","6":"product_brand-finder","7":"product_cat-industrijski-releji","8":"product_cat-releji","9":"product_tag-finder","11":"first","12":"instock","13":"taxable","14":"shipping-taxable","15":"product-type-simple"},"_links":{"self":[{"href":"https:\/\/gliki.at\/de\/wp-json\/wp\/v2\/product\/30086","targetHints":{"allow":["GET"]}}],"collection":[{"href":"https:\/\/gliki.at\/de\/wp-json\/wp\/v2\/product"}],"about":[{"href":"https:\/\/gliki.at\/de\/wp-json\/wp\/v2\/types\/product"}],"version-history":[{"count":4,"href":"https:\/\/gliki.at\/de\/wp-json\/wp\/v2\/product\/30086\/revisions"}],"predecessor-version":[{"id":33204,"href":"https:\/\/gliki.at\/de\/wp-json\/wp\/v2\/product\/30086\/revisions\/33204"}],"wp:featuredmedia":[{"embeddable":true,"href":"https:\/\/gliki.at\/de\/wp-json\/wp\/v2\/media\/30090"}],"wp:attachment":[{"href":"https:\/\/gliki.at\/de\/wp-json\/wp\/v2\/media?parent=30086"}],"wp:term":[{"taxonomy":"product_brand","embeddable":true,"href":"https:\/\/gliki.at\/de\/wp-json\/wp\/v2\/product_brand?post=30086"},{"taxonomy":"product_cat","embeddable":true,"href":"https:\/\/gliki.at\/de\/wp-json\/wp\/v2\/product_cat?post=30086"},{"taxonomy":"product_tag","embeddable":true,"href":"https:\/\/gliki.at\/de\/wp-json\/wp\/v2\/product_tag?post=30086"}],"curies":[{"name":"wp","href":"https:\/\/api.w.org\/{rel}","templated":true}]}}