{"id":30281,"date":"2025-05-09T14:53:45","date_gmt":"2025-05-09T12:53:45","guid":{"rendered":"https:\/\/gliki.at\/?post_type=product&#038;p=30281"},"modified":"2025-10-07T16:27:54","modified_gmt":"2025-10-07T14:27:54","slug":"46-52-9-012-0040-industrijski-relej","status":"publish","type":"product","link":"https:\/\/gliki.at\/de\/shop\/releji\/industrijski-releji\/46-52-9-012-0040-industrijski-relej\/","title":{"rendered":"Finder 46.52.9.012.0040 \u2013 Industrijski relej"},"content":{"rendered":"<p>Relej 46.52.9.012.0040iz Finder serije 46 je pouzdani minijaturni industrijski relej.Sa tipom kontakta\u00a0 Spade\/blade solder terminal<br \/>\n(2.5 x 0.5)mm. Poseduje dva pola ,8A.<\/p>\n<p>Sadr\u017ei test dugme i mehanicki indokator.<\/p>\n<p>Klju\u010dne karakteristike:<br \/>\nNapajanje: 12V DC<br \/>\nTip kontakta: 2,8A<br \/>\nMaksimalna struja: 8A po kontaktu<\/p>\n<p>Monta\u017ea: DIN \u0161ina (uz podno\u017eje serije 97)<\/p>\n<p>Mehani\u010dka dugove\u010dnost: do 10 miliona operacija<br \/>\nElektri\u010dna dugove\u010dnost: do 100.000 operacija<br \/>\nFinder 46.52.9.012.0040je kvalitetan industrijski relej sa dva preklopna kontakta i LED indikatorom, idealan za automatizovane sisteme koji koriste napajanje od 48V DC, gde je potrebna pouzdanost i jednostavna dijagnostika.<\/p>","protected":false},"excerpt":{"rendered":"<p>Relej 46.52.9.012.0040iz Finder serije 46 je pouzdani minijaturni industrijski relej.Sa tipom kontakta\u00a0 Spade\/blade solder terminal<br \/>\n(2.5 x 0.5)mm.<\/p>","protected":false},"featured_media":30282,"template":"","meta":[],"product_brand":[114],"product_cat":[237,76],"product_tag":[119],"class_list":{"0":"post-30281","1":"product","2":"type-product","3":"status-publish","4":"has-post-thumbnail","6":"product_brand-finder","7":"product_cat-industrijski-releji","8":"product_cat-releji","9":"product_tag-finder","11":"first","12":"instock","13":"taxable","14":"shipping-taxable","15":"purchasable","16":"product-type-simple"},"_links":{"self":[{"href":"https:\/\/gliki.at\/de\/wp-json\/wp\/v2\/product\/30281","targetHints":{"allow":["GET"]}}],"collection":[{"href":"https:\/\/gliki.at\/de\/wp-json\/wp\/v2\/product"}],"about":[{"href":"https:\/\/gliki.at\/de\/wp-json\/wp\/v2\/types\/product"}],"version-history":[{"count":5,"href":"https:\/\/gliki.at\/de\/wp-json\/wp\/v2\/product\/30281\/revisions"}],"predecessor-version":[{"id":33194,"href":"https:\/\/gliki.at\/de\/wp-json\/wp\/v2\/product\/30281\/revisions\/33194"}],"wp:featuredmedia":[{"embeddable":true,"href":"https:\/\/gliki.at\/de\/wp-json\/wp\/v2\/media\/30282"}],"wp:attachment":[{"href":"https:\/\/gliki.at\/de\/wp-json\/wp\/v2\/media?parent=30281"}],"wp:term":[{"taxonomy":"product_brand","embeddable":true,"href":"https:\/\/gliki.at\/de\/wp-json\/wp\/v2\/product_brand?post=30281"},{"taxonomy":"product_cat","embeddable":true,"href":"https:\/\/gliki.at\/de\/wp-json\/wp\/v2\/product_cat?post=30281"},{"taxonomy":"product_tag","embeddable":true,"href":"https:\/\/gliki.at\/de\/wp-json\/wp\/v2\/product_tag?post=30281"}],"curies":[{"name":"wp","href":"https:\/\/api.w.org\/{rel}","templated":true}]}}