{"id":30348,"date":"2025-05-13T09:19:18","date_gmt":"2025-05-13T07:19:18","guid":{"rendered":"https:\/\/gliki.at\/?post_type=product&#038;p=30348"},"modified":"2025-10-07T16:33:18","modified_gmt":"2025-10-07T14:33:18","slug":"50-16-9-024-5420-industrijski-relej","status":"publish","type":"product","link":"https:\/\/gliki.at\/de\/shop\/releji\/industrijski-releji\/50-16-9-024-5420-industrijski-relej\/","title":{"rendered":"Finder 50.16.9.024.5420 \u2013 Industrijski relej"},"content":{"rendered":"<p>Relej Finder 50.16.9.024.5420 deo je serije 50, poznate po kompaktnim i pouzdanim relejima za monta\u017eu na \u0161tampanu plo\u010du (PCB). Ovaj model poseduje dva NO kontakta sa maksimalnim optere\u0107enjem do 8 A. Radni napon je 24V DC, a integrisana LED omogu\u0107ava brzu vizuelnu kontrolu statusa releja. Tako\u0111e je opremljen za\u0161titom od prenapona, \u0161to produ\u017eava njegov vek trajanja i \u0161titi osetljive elektronske komponente. Namenjen je za automatizaciju, industrijske kontrole, kao i razne elektri\u010dne upravlja\u010dke sisteme.Materijal kontakta Ag ,SnO2+Au. Opcije 2NC(DPST-NC) specijalna verzija flux prouf<\/p>\n<p>Klju\u010dne karakteristike:<\/p>\n<p>Veza kontakta: 4 NO (4PST-NO)<\/p>\n<p>Napajanje: 24V DC<\/p>\n<p>Kontakti: 6 polova do 8A<\/p>\n<p>Maksimalna struja: 8 A<\/p>\n<p>Tip monta\u017ee: PCB (\u0161tampana plo\u010da)<\/p>\n<p>Indikacija: Ugra\u0111ena LED<\/p>\n<p>&nbsp;<\/p>\n<p>&nbsp;<\/p>\n<p>&nbsp;<\/p>\n<p>Dimenzije: kompaktne, idealne za ograni\u010den prostor<\/p>\n<p>Finder 50.16.9.024.5420 je pouzdan relej sa 2 NO kontakta ,idealan za upravlja\u010dke kontrolne sisteme gde je potrebna sigurnost, preglednost i kompaktna izvedba.<\/p>\n<p>&nbsp;<\/p>\n<p>&nbsp;<\/p>\n<p>&nbsp;<\/p>","protected":false},"excerpt":{"rendered":"<p>Finder 50.16.9.024.5420 je elektromehani\u010dki relej sa dva normalno otvorena (NO) kontakta, projektovan za rad sa naponom od 24V DC.<\/p>","protected":false},"featured_media":30349,"template":"","meta":[],"product_brand":[114],"product_cat":[237,76],"product_tag":[119],"class_list":{"0":"post-30348","1":"product","2":"type-product","3":"status-publish","4":"has-post-thumbnail","6":"product_brand-finder","7":"product_cat-industrijski-releji","8":"product_cat-releji","9":"product_tag-finder","11":"first","12":"instock","13":"taxable","14":"shipping-taxable","15":"product-type-simple"},"_links":{"self":[{"href":"https:\/\/gliki.at\/de\/wp-json\/wp\/v2\/product\/30348","targetHints":{"allow":["GET"]}}],"collection":[{"href":"https:\/\/gliki.at\/de\/wp-json\/wp\/v2\/product"}],"about":[{"href":"https:\/\/gliki.at\/de\/wp-json\/wp\/v2\/types\/product"}],"version-history":[{"count":5,"href":"https:\/\/gliki.at\/de\/wp-json\/wp\/v2\/product\/30348\/revisions"}],"predecessor-version":[{"id":33183,"href":"https:\/\/gliki.at\/de\/wp-json\/wp\/v2\/product\/30348\/revisions\/33183"}],"wp:featuredmedia":[{"embeddable":true,"href":"https:\/\/gliki.at\/de\/wp-json\/wp\/v2\/media\/30349"}],"wp:attachment":[{"href":"https:\/\/gliki.at\/de\/wp-json\/wp\/v2\/media?parent=30348"}],"wp:term":[{"taxonomy":"product_brand","embeddable":true,"href":"https:\/\/gliki.at\/de\/wp-json\/wp\/v2\/product_brand?post=30348"},{"taxonomy":"product_cat","embeddable":true,"href":"https:\/\/gliki.at\/de\/wp-json\/wp\/v2\/product_cat?post=30348"},{"taxonomy":"product_tag","embeddable":true,"href":"https:\/\/gliki.at\/de\/wp-json\/wp\/v2\/product_tag?post=30348"}],"curies":[{"name":"wp","href":"https:\/\/api.w.org\/{rel}","templated":true}]}}