{"id":30357,"date":"2025-05-13T10:24:58","date_gmt":"2025-05-13T08:24:58","guid":{"rendered":"https:\/\/gliki.at\/?post_type=product&#038;p=30357"},"modified":"2025-05-19T09:33:13","modified_gmt":"2025-05-19T07:33:13","slug":"kutija-za-dva-tastera-za-montazu-tastera-o-22-mm","status":"publish","type":"product","link":"https:\/\/gliki.at\/de\/shop\/prekidaci\/kutija-za-dva-tastera-za-montazu-tastera-o-22-mm\/","title":{"rendered":"Kutija za dva tastera, za monta\u017eu tastera (\u00d8 22 mm)"},"content":{"rendered":"<p>Ova kutija je izra\u0111ena od kvalitetne plastike otporne na udarce, vlagu i hemikalije, \u0161to je \u010dini idealnom za te\u0161ke industrijske uslove. Predvi\u0111ena je za instalaciju dva standardna tastera \u00d8 22 mm, raspore\u0111ena u liniji, \u010dime se omogu\u0107ava pregledna i funkcionalna kontrolna jedinica. Gornji deo kutije je predbu\u0161en ili ima jasno obele\u017eene pozicije za bu\u0161enje, \u0161to olak\u0161ava monta\u017eu. Ku\u0107i\u0161te je kompaktno, a istovremeno dovoljno prostrano da omogu\u0107i laku monta\u017eu i povezivanje tastera.<\/p>\n<p>Klju\u010dne karakteristike:<\/p>\n<p>Kapacitet: za 2 tastera \u00d8 22 mm<\/p>\n<p>Materijal: otporna industrijska plastika<\/p>\n<p>Monta\u017ea: zidna ili panelna<\/p>\n<p>Boja: siva osnova sa crnim poklopcem<\/p>\n<p>Otpornost: na vlagu, pra\u0161inu i mehani\u010dke uticaje<\/p>\n<p>Primenjivost: industrijski kontrolni sistemi, ma\u0161inske komande, signalizacija<\/p>\n<p>Jednostavna ugradnja i povezivanje<\/p>\n<p>Auspicious kutija za dva tastera je prakti\u010dno i robusno re\u0161enje za postavljanje osnovnih komandi u industrijskim aplikacijama. Njena \u010dvrsta konstrukcija i kompatibilnost sa standardnim tasterima \u00d8 22 mm \u010dine je idealnim izborom za raznovrsne upravlja\u010dke sisteme.<\/p>","protected":false},"excerpt":{"rendered":"<p>Auspicious kutija za dva tastera omogu\u0107ava monta\u017eu dve komande (tastera ili prekida\u010da) pre\u010dnika 22 mm, pogodna za upotrebu u industrijskim upravlja\u010dkim sistemima.<\/p>","protected":false},"featured_media":30358,"template":"","meta":[],"product_brand":[115],"product_cat":[29],"product_tag":[],"class_list":{"0":"post-30357","1":"product","2":"type-product","3":"status-publish","4":"has-post-thumbnail","6":"product_brand-auspicious","7":"product_cat-prekidaci","9":"first","10":"instock","11":"taxable","12":"shipping-taxable","13":"purchasable","14":"product-type-simple"},"_links":{"self":[{"href":"https:\/\/gliki.at\/de\/wp-json\/wp\/v2\/product\/30357","targetHints":{"allow":["GET"]}}],"collection":[{"href":"https:\/\/gliki.at\/de\/wp-json\/wp\/v2\/product"}],"about":[{"href":"https:\/\/gliki.at\/de\/wp-json\/wp\/v2\/types\/product"}],"version-history":[{"count":1,"href":"https:\/\/gliki.at\/de\/wp-json\/wp\/v2\/product\/30357\/revisions"}],"predecessor-version":[{"id":30360,"href":"https:\/\/gliki.at\/de\/wp-json\/wp\/v2\/product\/30357\/revisions\/30360"}],"wp:featuredmedia":[{"embeddable":true,"href":"https:\/\/gliki.at\/de\/wp-json\/wp\/v2\/media\/30358"}],"wp:attachment":[{"href":"https:\/\/gliki.at\/de\/wp-json\/wp\/v2\/media?parent=30357"}],"wp:term":[{"taxonomy":"product_brand","embeddable":true,"href":"https:\/\/gliki.at\/de\/wp-json\/wp\/v2\/product_brand?post=30357"},{"taxonomy":"product_cat","embeddable":true,"href":"https:\/\/gliki.at\/de\/wp-json\/wp\/v2\/product_cat?post=30357"},{"taxonomy":"product_tag","embeddable":true,"href":"https:\/\/gliki.at\/de\/wp-json\/wp\/v2\/product_tag?post=30357"}],"curies":[{"name":"wp","href":"https:\/\/api.w.org\/{rel}","templated":true}]}}