{"id":30439,"date":"2025-05-26T12:23:13","date_gmt":"2025-05-26T10:23:13","guid":{"rendered":"https:\/\/gliki.at\/?post_type=product&#038;p=30439"},"modified":"2025-10-07T16:39:13","modified_gmt":"2025-10-07T14:39:13","slug":"finder-60-13-8-024-0040-industrijski-relej","status":"publish","type":"product","link":"https:\/\/gliki.at\/de\/shop\/releji\/industrijski-releji\/finder-60-13-8-024-0040-industrijski-relej\/","title":{"rendered":"Finder 60.13.8.024.0040 \u2013 Industrijski relej"},"content":{"rendered":"<p>Model 60.13.8.024.0040 je deo Finder serije 60, poznate po visokoj izdr\u017eljivosti i funkcionalnosti. Relej sadr\u017ei tri preklopna kontakta, svaki sa kapacitetom do 10 A, omogu\u0107avaju\u0107i upravljanje vi\u0161e strujnih kola istovremeno. Kalem je dizajniran za rad sa 24V AC naponom, a izolacija izme\u0111u kalema i kontakata iznosi 6 kV, \u0161to garantuje bezbedan i stabilan rad. Montira se na DIN \u0161inu uz kori\u0161\u0107enje podno\u017eja iz serije 90.Sadr\u017ei mehani\u010dki indiaktor i test dugme.<\/p>\n<p>Klju\u010dne karakteristike:<\/p>\n<p>Napajanje: 24V AC<\/p>\n<p>Tip kontakta:8\/11 pin plug-in 3 preklopna (3PDT)<\/p>\n<p>Maksimalna struja: 10 A po kontaktu<\/p>\n<p>Monta\u017ea: DIN \u0161ina (uz podno\u017eje serije 90.)<\/p>\n<p>Dielektri\u010dna \u010dvrsto\u0107a: 6 kV (1.2\/50 \u00b5s impuls)<\/p>\n<p>Radna temperatura: -40 \u00b0C do +70 \u00b0C<\/p>\n<p>Mehani\u010dka dugove\u010dnost: do 10 miliona operacija<\/p>\n<p>Kompatibilnost sa dodacima: LED indikator, mehani\u010dka zastavica, test dugme<\/p>\n<p>Finder 60.13.8.024.0040 je pouzdan i fleksibilan relej namenjen za profesionalne instalacije i industrijske aplikacije. Njegova funkcionalnost i dodatne mogu\u0107nosti \u010dine ga idealnim izborom za automatizovane sisteme sa napajanjem od 24V AC.<\/p>","protected":false},"excerpt":{"rendered":"<p>Finder 60.13.8.024.0040 je elektromehani\u010dki relej sa tri preklopna kontakta (3PDT), dizajniran za upravljanje elektri\u010dnim kolima sa napajanjem od 24V AC. Namenjen je za DIN \u0161insku monta\u017eu u kombinaciji sa odgovaraju\u0107im podno\u017ejem, pru\u017eaju\u0107i pouzdanost u razli\u010ditim industrijskim aplikacijama.<\/p>","protected":false},"featured_media":30440,"template":"","meta":[],"product_brand":[114],"product_cat":[237,76],"product_tag":[119],"class_list":{"0":"post-30439","1":"product","2":"type-product","3":"status-publish","4":"has-post-thumbnail","6":"product_brand-finder","7":"product_cat-industrijski-releji","8":"product_cat-releji","9":"product_tag-finder","11":"first","12":"instock","13":"taxable","14":"shipping-taxable","15":"purchasable","16":"product-type-simple"},"_links":{"self":[{"href":"https:\/\/gliki.at\/de\/wp-json\/wp\/v2\/product\/30439","targetHints":{"allow":["GET"]}}],"collection":[{"href":"https:\/\/gliki.at\/de\/wp-json\/wp\/v2\/product"}],"about":[{"href":"https:\/\/gliki.at\/de\/wp-json\/wp\/v2\/types\/product"}],"version-history":[{"count":3,"href":"https:\/\/gliki.at\/de\/wp-json\/wp\/v2\/product\/30439\/revisions"}],"predecessor-version":[{"id":30547,"href":"https:\/\/gliki.at\/de\/wp-json\/wp\/v2\/product\/30439\/revisions\/30547"}],"wp:featuredmedia":[{"embeddable":true,"href":"https:\/\/gliki.at\/de\/wp-json\/wp\/v2\/media\/30440"}],"wp:attachment":[{"href":"https:\/\/gliki.at\/de\/wp-json\/wp\/v2\/media?parent=30439"}],"wp:term":[{"taxonomy":"product_brand","embeddable":true,"href":"https:\/\/gliki.at\/de\/wp-json\/wp\/v2\/product_brand?post=30439"},{"taxonomy":"product_cat","embeddable":true,"href":"https:\/\/gliki.at\/de\/wp-json\/wp\/v2\/product_cat?post=30439"},{"taxonomy":"product_tag","embeddable":true,"href":"https:\/\/gliki.at\/de\/wp-json\/wp\/v2\/product_tag?post=30439"}],"curies":[{"name":"wp","href":"https:\/\/api.w.org\/{rel}","templated":true}]}}