{"id":30443,"date":"2025-05-26T12:25:34","date_gmt":"2025-05-26T10:25:34","guid":{"rendered":"https:\/\/gliki.at\/?post_type=product&#038;p=30443"},"modified":"2025-10-07T16:38:55","modified_gmt":"2025-10-07T14:38:55","slug":"finder-60-12-9-048-0040-industrijski-relej","status":"publish","type":"product","link":"https:\/\/gliki.at\/de\/shop\/releji\/industrijski-releji\/finder-60-12-9-048-0040-industrijski-relej\/","title":{"rendered":"Finder 60.12.9.048.0040 \u2013 Industrijski relej"},"content":{"rendered":"<p>Model 60.12.9.048.0040 pripada Finder seriji 60 i poseduje dva preklopna kontakta sa maksimalnim strujnim kapacitetom do 10 A po kontaktu. Relej je dizajniran za rad na 48V DC naponu i pru\u017ea izolaciju od 6 kV izme\u0111u kalema i kontakata, \u0161to obezbe\u0111uje sigurnost i pouzdanost u radu. Monta\u017ea je predvi\u0111ena na DIN \u0161inu koriste\u0107i kompatibilno podno\u017eje serije 90.Ovaj model je pogodan za automatizaciju i kontrolu u industrijskim okru\u017eenjima. Sadr\u017ei test dugme i mehanicku indikaciju pol\u017eaja kontakta<\/p>\n<p>Klju\u010dne karakteristike:<\/p>\n<p>Napajanje: 48V DC<\/p>\n<p>Tip kontakta:8\/11 pin plug-in 2 preklopna (2PDT)<\/p>\n<p>Maksimalna struja: 10 A po kontaktu<\/p>\n<p>Monta\u017ea: DIN \u0161ina (uz podno\u017eje serije 90.12)<\/p>\n<p>Dielektri\u010dna \u010dvrsto\u0107a: 6 kV (1.2\/50 \u00b5s impuls)<\/p>\n<p>Radna temperatura: -40 \u00b0C do +70 \u00b0C<\/p>\n<p>Mehani\u010dka dugove\u010dnost: do 10 miliona operacija<\/p>\n<p>Mogu\u0107nost dodataka: LED indikator, mehani\u010dka zastavica, test dugme<\/p>\n<p>Finder 60.12.9.048.0040 je sna\u017ean i efikasan relej za profesionalne industrijske aplikacije, sa napajanjem od 48V DC. Njegova pouzdanost i vi\u0161estruke funkcionalnosti omogu\u0107avaju sigurnu kontrolu i automatizaciju raznih elektri\u010dnih kola.<\/p>","protected":false},"excerpt":{"rendered":"<p>Finder 60.12.9.048.0040 je elektromehani\u010dki relej sa dva preklopna kontakta (2PDT), namenjen za upravljanje elektri\u010dnim kolima sa napajanjem od 48V DC. Kompaktan i pouzdan, idealan za razli\u010dite industrijske primene.<\/p>","protected":false},"featured_media":30444,"template":"","meta":[],"product_brand":[114],"product_cat":[237,76],"product_tag":[119],"class_list":{"0":"post-30443","1":"product","2":"type-product","3":"status-publish","4":"has-post-thumbnail","6":"product_brand-finder","7":"product_cat-industrijski-releji","8":"product_cat-releji","9":"product_tag-finder","11":"first","12":"instock","13":"taxable","14":"shipping-taxable","15":"purchasable","16":"product-type-simple"},"_links":{"self":[{"href":"https:\/\/gliki.at\/de\/wp-json\/wp\/v2\/product\/30443","targetHints":{"allow":["GET"]}}],"collection":[{"href":"https:\/\/gliki.at\/de\/wp-json\/wp\/v2\/product"}],"about":[{"href":"https:\/\/gliki.at\/de\/wp-json\/wp\/v2\/types\/product"}],"version-history":[{"count":3,"href":"https:\/\/gliki.at\/de\/wp-json\/wp\/v2\/product\/30443\/revisions"}],"predecessor-version":[{"id":30545,"href":"https:\/\/gliki.at\/de\/wp-json\/wp\/v2\/product\/30443\/revisions\/30545"}],"wp:featuredmedia":[{"embeddable":true,"href":"https:\/\/gliki.at\/de\/wp-json\/wp\/v2\/media\/30444"}],"wp:attachment":[{"href":"https:\/\/gliki.at\/de\/wp-json\/wp\/v2\/media?parent=30443"}],"wp:term":[{"taxonomy":"product_brand","embeddable":true,"href":"https:\/\/gliki.at\/de\/wp-json\/wp\/v2\/product_brand?post=30443"},{"taxonomy":"product_cat","embeddable":true,"href":"https:\/\/gliki.at\/de\/wp-json\/wp\/v2\/product_cat?post=30443"},{"taxonomy":"product_tag","embeddable":true,"href":"https:\/\/gliki.at\/de\/wp-json\/wp\/v2\/product_tag?post=30443"}],"curies":[{"name":"wp","href":"https:\/\/api.w.org\/{rel}","templated":true}]}}