{"id":30472,"date":"2025-05-26T13:23:29","date_gmt":"2025-05-26T11:23:29","guid":{"rendered":"https:\/\/gliki.at\/?post_type=product&#038;p=30472"},"modified":"2025-10-07T16:38:32","modified_gmt":"2025-10-07T14:38:32","slug":"finder-60-12-8-230-0040-industrijski-relej","status":"publish","type":"product","link":"https:\/\/gliki.at\/de\/shop\/releji\/industrijski-releji\/finder-60-12-8-230-0040-industrijski-relej\/","title":{"rendered":"Finder 60.12.8.230.0040 \u2013 Industrijski relej"},"content":{"rendered":"<p>Relej iz Finder serije 60 je poznat po svojoj pouzdanosti i svestranosti u industrijskim aplikacijama. Model 60.12.8.230.0040 poseduje dva nezavisna preklopna kontakta i projektovan je za monta\u017eu u kombinaciji sa standardnim podno\u017ejima serije 90.\u00a0 \u00a0 Ovaj relej je pogodan za automatizaciju, upravljanje motorima, signalizaciju i sli\u010dne primene.<\/p>\n<p>Klju\u010dne karakteristike:<\/p>\n<p>Napajanje: 230V AC<\/p>\n<p>Tip kontakta: 8\/11 pin plug-in 2 preklopna (DPDT)<\/p>\n<p>&nbsp;<\/p>\n<p>Maksimalna struja kontakta: 12 A<\/p>\n<p>Monta\u017ea: DIN \u0161ina (uz odgovaraju\u0107e podno\u017eje)<\/p>\n<p>Potro\u0161nja: 1,2 VA (AC)<\/p>\n<p>Izolacija: 6.4 mm, 6 kV (1.2\/50 \u00b5s) izme\u0111u kalema i kontakata<\/p>\n<p>Temperaturni opseg: od -40 \u00b0C do +70 \u00b0C<\/p>\n<p>Mehani\u010dka dugove\u010dnost: do 10 miliona operacija<\/p>\n<p>Elektri\u010dna dugove\u010dnost: do 100.000 operacija pri nazivnom optere\u0107enju<\/p>\n<p>Finder 60.12.8.230.0040 je izdr\u017eljiv i efikasan relej sa dva preklopna kontakta, idealan za \u0161irok spektar industrijskih i komercijalnih primena. Njegova kompatibilnost sa dodatnom opremom i otpornost na spoljne uslove \u010dine ga odli\u010dnim izborom za automatizovane sisteme i upravljanje elektri\u010dnim optere\u0107enjima.<\/p>","protected":false},"excerpt":{"rendered":"<p>Finder 60.12.8.230.0040 je industrijski elektromehani\u010dki relej sa dva preklopna kontakta (DPDT), optimizovan za upravljanje elektri\u010dnim kolima pri napajanju od 230V AC, sa mogu\u0107no\u0161\u0107u ugradnje na DIN \u0161inu uz odgovaraju\u0107e podno\u017eje.<\/p>","protected":false},"featured_media":30473,"template":"","meta":[],"product_brand":[114],"product_cat":[237,76],"product_tag":[119],"class_list":{"0":"post-30472","1":"product","2":"type-product","3":"status-publish","4":"has-post-thumbnail","6":"product_brand-finder","7":"product_cat-industrijski-releji","8":"product_cat-releji","9":"product_tag-finder","11":"first","12":"instock","13":"taxable","14":"shipping-taxable","15":"purchasable","16":"product-type-simple"},"_links":{"self":[{"href":"https:\/\/gliki.at\/de\/wp-json\/wp\/v2\/product\/30472","targetHints":{"allow":["GET"]}}],"collection":[{"href":"https:\/\/gliki.at\/de\/wp-json\/wp\/v2\/product"}],"about":[{"href":"https:\/\/gliki.at\/de\/wp-json\/wp\/v2\/types\/product"}],"version-history":[{"count":3,"href":"https:\/\/gliki.at\/de\/wp-json\/wp\/v2\/product\/30472\/revisions"}],"predecessor-version":[{"id":30541,"href":"https:\/\/gliki.at\/de\/wp-json\/wp\/v2\/product\/30472\/revisions\/30541"}],"wp:featuredmedia":[{"embeddable":true,"href":"https:\/\/gliki.at\/de\/wp-json\/wp\/v2\/media\/30473"}],"wp:attachment":[{"href":"https:\/\/gliki.at\/de\/wp-json\/wp\/v2\/media?parent=30472"}],"wp:term":[{"taxonomy":"product_brand","embeddable":true,"href":"https:\/\/gliki.at\/de\/wp-json\/wp\/v2\/product_brand?post=30472"},{"taxonomy":"product_cat","embeddable":true,"href":"https:\/\/gliki.at\/de\/wp-json\/wp\/v2\/product_cat?post=30472"},{"taxonomy":"product_tag","embeddable":true,"href":"https:\/\/gliki.at\/de\/wp-json\/wp\/v2\/product_tag?post=30472"}],"curies":[{"name":"wp","href":"https:\/\/api.w.org\/{rel}","templated":true}]}}