{"id":30650,"date":"2025-05-27T11:25:54","date_gmt":"2025-05-27T09:25:54","guid":{"rendered":"https:\/\/gliki.at\/?post_type=product&#038;p=30650"},"modified":"2025-08-05T19:18:52","modified_gmt":"2025-08-05T17:18:52","slug":"finder-55-34-8-024-0040-industrijski-relej","status":"publish","type":"product","link":"https:\/\/gliki.at\/de\/shop\/releji\/finder-55-34-8-024-0040-industrijski-relej\/","title":{"rendered":"Finder 55.34.8.024.0040 \u2013 Vi\u0161enamenski relej 7-10A"},"content":{"rendered":"<p>Opseg radne temperature<br \/>\n-40&#8230;85 \u00b0C<\/p>\n<p>Vi\u0161enamenski uti\u010dni relej. 4 promenljiva kontakta (CO) 7 A. Za upotrebu sa podno\u017ejima serije 94. AC ili DC kalem. Opcija zaklju\u010davaju\u0107eg test dugmeta i mehani\u010dki indikator kao standard. Varijanta sa LED signalizacijom i integrisanim za\u0161titnim kolom.<\/p>\n<p>Konfiguracija kontakata<br \/>\n4-polni, CO (nPDT)<\/p>\n<p>Dimenzije<br \/>\n20,7 x 37,2 x 27,7 mm<\/p>\n<p>Elektri\u010dni vek trajanja<br \/>\n150.000 ciklusa<\/p>\n<p>Izolacija kalem\/kontakti<br \/>\n4 kV<\/p>\n<p>Nazivni napon AC<br \/>\n24 V<\/p>\n<p>Radni opseg AC<br \/>\n19,2&#8230;26,4 V<\/p>\n<p>Nazivni napon kontakata<br \/>\n250 V AC<\/p>\n<p>Nazivna struja (kontakti)<br \/>\n7 A<\/p>\n<p>Nazivna snaga AC<br \/>\n1,5 VA<\/p>\n<p>Napajanje<br \/>\nAC kalem<\/p>","protected":false},"excerpt":{"rendered":"<p>Finder 55.34.8.024.0040\u00a0 je industrijski relej, verzija za uti\u010dno podno\u017eje, 4-polni, CO (nPDT), 7 A, AgNi, AC kalem, 24 V, radni opseg od 19,2 do 26,4 V, nazivna snaga 1,5 VA, otpornost 190 \u03a9, potro\u0161nja 53 mA, napon dr\u017eanja 19,2 V, napon za ispadanje 4,8 V, opcija: zaklju\u010davaju\u0107e test dugme + mehani\u010dki indikator, radna temperatura od -40 do +85<\/p>","protected":false},"featured_media":30651,"template":"","meta":[],"product_brand":[114],"product_cat":[76],"product_tag":[],"class_list":{"0":"post-30650","1":"product","2":"type-product","3":"status-publish","4":"has-post-thumbnail","6":"product_brand-finder","7":"product_cat-releji","9":"first","10":"instock","11":"taxable","12":"shipping-taxable","13":"purchasable","14":"product-type-simple"},"_links":{"self":[{"href":"https:\/\/gliki.at\/de\/wp-json\/wp\/v2\/product\/30650","targetHints":{"allow":["GET"]}}],"collection":[{"href":"https:\/\/gliki.at\/de\/wp-json\/wp\/v2\/product"}],"about":[{"href":"https:\/\/gliki.at\/de\/wp-json\/wp\/v2\/types\/product"}],"version-history":[{"count":6,"href":"https:\/\/gliki.at\/de\/wp-json\/wp\/v2\/product\/30650\/revisions"}],"predecessor-version":[{"id":33182,"href":"https:\/\/gliki.at\/de\/wp-json\/wp\/v2\/product\/30650\/revisions\/33182"}],"wp:featuredmedia":[{"embeddable":true,"href":"https:\/\/gliki.at\/de\/wp-json\/wp\/v2\/media\/30651"}],"wp:attachment":[{"href":"https:\/\/gliki.at\/de\/wp-json\/wp\/v2\/media?parent=30650"}],"wp:term":[{"taxonomy":"product_brand","embeddable":true,"href":"https:\/\/gliki.at\/de\/wp-json\/wp\/v2\/product_brand?post=30650"},{"taxonomy":"product_cat","embeddable":true,"href":"https:\/\/gliki.at\/de\/wp-json\/wp\/v2\/product_cat?post=30650"},{"taxonomy":"product_tag","embeddable":true,"href":"https:\/\/gliki.at\/de\/wp-json\/wp\/v2\/product_tag?post=30650"}],"curies":[{"name":"wp","href":"https:\/\/api.w.org\/{rel}","templated":true}]}}