{"id":30664,"date":"2025-05-27T12:03:27","date_gmt":"2025-05-27T10:03:27","guid":{"rendered":"https:\/\/gliki.at\/?post_type=product&#038;p=30664"},"modified":"2025-08-05T19:17:38","modified_gmt":"2025-08-05T17:17:38","slug":"finder-55-33-9-024-0090-industrijski-relej","status":"publish","type":"product","link":"https:\/\/gliki.at\/de\/shop\/releji\/finder-55-33-9-024-0090-industrijski-relej\/","title":{"rendered":"Finder 55.33.9.024.0090 \u2013 Univerzalni relej"},"content":{"rendered":"<p>Opseg radne temperature<br \/>\n-40&#8230;85 \u00b0C<\/p>\n<p>Vi\u0161enamenski uti\u010dni relej. 3 promenljiva kontakta (CO) 10 A. Za upotrebu sa podno\u017ejima serije 94. Sa AC ili DC kalemom. Zaklju\u010davaju\u0107e test dugme i standardni mehani\u010dki indikator kod tipova sa 2 i 4 kontakta.<\/p>\n<p>Konfiguracija kontakata<br \/>\n3-polni, CO (nPDT)<\/p>\n<p>Dimenzije<br \/>\n20,7 x 37,2 x 27,7 mm<\/p>\n<p>Elektri\u010dni vek trajanja<br \/>\n200.000 ciklusa<\/p>\n<p>Izolacija kalem\/kontakti<br \/>\n4 kVNazivni napon DC<br \/>\n24 VRadni opseg DC<br \/>\n19,2&#8230;26,4 V<\/p>\n<p>Nazivni napon kontakta<br \/>\n250 V AC<\/p>\n<p>Nazivna struja (kontakti)<br \/>\n10 A<\/p>\n<p>Nazivna snaga DC<br \/>\n1 W<\/p>\n<p>Napajanje<br \/>\nDC kalem<\/p>","protected":false},"excerpt":{"rendered":"<p>Finder 55.33.9.024.0090 je industrijski relej, verzija za uti\u010dno podno\u017eje, 3-polni, CO (nPDT), 10 A, AgNi, DC kalem, 24 V, radni opseg 19,2 do 26,4 V, nazivna snaga 1 W, otpornost 600 \u03a9, potro\u0161nja 40 mA, napon dr\u017eanja 12 V, napon za ispadanje 2,4 V, opcija: zaklju\u010davaju\u0107e test dugme + LED + dioda, radna temperatura od -40 do +85 \u00b0C.<\/p>","protected":false},"featured_media":30665,"template":"","meta":[],"product_brand":[114],"product_cat":[76],"product_tag":[],"class_list":{"0":"post-30664","1":"product","2":"type-product","3":"status-publish","4":"has-post-thumbnail","6":"product_brand-finder","7":"product_cat-releji","9":"first","10":"instock","11":"taxable","12":"shipping-taxable","13":"purchasable","14":"product-type-simple"},"_links":{"self":[{"href":"https:\/\/gliki.at\/de\/wp-json\/wp\/v2\/product\/30664","targetHints":{"allow":["GET"]}}],"collection":[{"href":"https:\/\/gliki.at\/de\/wp-json\/wp\/v2\/product"}],"about":[{"href":"https:\/\/gliki.at\/de\/wp-json\/wp\/v2\/types\/product"}],"version-history":[{"count":5,"href":"https:\/\/gliki.at\/de\/wp-json\/wp\/v2\/product\/30664\/revisions"}],"predecessor-version":[{"id":33179,"href":"https:\/\/gliki.at\/de\/wp-json\/wp\/v2\/product\/30664\/revisions\/33179"}],"wp:featuredmedia":[{"embeddable":true,"href":"https:\/\/gliki.at\/de\/wp-json\/wp\/v2\/media\/30665"}],"wp:attachment":[{"href":"https:\/\/gliki.at\/de\/wp-json\/wp\/v2\/media?parent=30664"}],"wp:term":[{"taxonomy":"product_brand","embeddable":true,"href":"https:\/\/gliki.at\/de\/wp-json\/wp\/v2\/product_brand?post=30664"},{"taxonomy":"product_cat","embeddable":true,"href":"https:\/\/gliki.at\/de\/wp-json\/wp\/v2\/product_cat?post=30664"},{"taxonomy":"product_tag","embeddable":true,"href":"https:\/\/gliki.at\/de\/wp-json\/wp\/v2\/product_tag?post=30664"}],"curies":[{"name":"wp","href":"https:\/\/api.w.org\/{rel}","templated":true}]}}