{"id":30683,"date":"2025-05-27T16:55:51","date_gmt":"2025-05-27T14:55:51","guid":{"rendered":"https:\/\/gliki.at\/?post_type=product&#038;p=30683"},"modified":"2025-08-05T19:15:44","modified_gmt":"2025-08-05T17:15:44","slug":"finder-55-33-8-230-0050-industrijski-relej","status":"publish","type":"product","link":"https:\/\/gliki.at\/de\/shop\/releji\/finder-55-33-8-230-0050-industrijski-relej\/","title":{"rendered":"Finder 55.33.8.230.0050 \u2013 Relej op\u0161te namene"},"content":{"rendered":"<p>Temperaturni opseg rada<br \/>\n-40&#8230;85 \u00b0C<\/p>\n<p>Vi\u0161enamenski uklopni relej za plug-in monta\u017eu. 3 preklopna kontakta (3 CO) sa strujom od 10 A. Namenjen za upotrebu sa 94 serijom le\u017ei\u0161ta. Sa AC ili DC kalemom. Opcija sa zaklju\u010davaju\u0107im tasterom za testiranje i standardnim mehani\u010dkim indikatorom na tipovima sa 2 i 4 kontakta.<\/p>\n<p>Konfiguracija kontakata<br \/>\n3 pola, CO (nPDT)<\/p>\n<p>Dimenzije<br \/>\n20.7 x 37.2 x 27.7 mm<\/p>\n<p>Elektri\u010dni vek trajanja<br \/>\n200000 ciklusa<\/p>\n<p>Izolacija kalema\/kontakata<br \/>\n4 kV<\/p>\n<p>Nominovani napon naizmeni\u010dne struje (AC)<br \/>\n230 V<\/p>\n<p>Nominovani napon jednosmerne struje (DC)<br \/>\nRadni opseg AC napona<br \/>\n184&#8230;253 V<\/p>\n<p>Radni opseg DC napona<br \/>\nNominovani napon kontakata<br \/>\n250 V AC<\/p>\n<p>Nominovana struja kontakata<br \/>\n10 A<\/p>\n<p>Nazivna snaga AC<br \/>\n1.5 VA<\/p>\n<p>Napajanje<br data-start=\"816\" data-end=\"819\" \/>AC kalem<\/p>","protected":false},"excerpt":{"rendered":"<p>Finder 55.33.8.230.0050 je industrijski relej, plug-in verzija za le\u017ei\u0161te, 3 pola, CO (nPDT), 10 A, kontakti AgNi, AC kalem, 230 V, radni napon od 184 do 253 V, nazivna snaga 1.5 VA, otpor kalema 17000 \u03a9, potro\u0161nja 6 mA, zadr\u017eavaju\u0107i napon 184 V, minimalni napon za isklop 46 V, opcija: zaklju\u010davaju\u0107i taster za test + LED (AC), temperaturni opseg rada od -40 do +85 \u00b0C.<\/p>","protected":false},"featured_media":30684,"template":"","meta":[],"product_brand":[114],"product_cat":[76],"product_tag":[],"class_list":{"0":"post-30683","1":"product","2":"type-product","3":"status-publish","4":"has-post-thumbnail","6":"product_brand-finder","7":"product_cat-releji","9":"first","10":"instock","11":"taxable","12":"shipping-taxable","13":"purchasable","14":"product-type-simple"},"_links":{"self":[{"href":"https:\/\/gliki.at\/de\/wp-json\/wp\/v2\/product\/30683","targetHints":{"allow":["GET"]}}],"collection":[{"href":"https:\/\/gliki.at\/de\/wp-json\/wp\/v2\/product"}],"about":[{"href":"https:\/\/gliki.at\/de\/wp-json\/wp\/v2\/types\/product"}],"version-history":[{"count":6,"href":"https:\/\/gliki.at\/de\/wp-json\/wp\/v2\/product\/30683\/revisions"}],"predecessor-version":[{"id":33175,"href":"https:\/\/gliki.at\/de\/wp-json\/wp\/v2\/product\/30683\/revisions\/33175"}],"wp:featuredmedia":[{"embeddable":true,"href":"https:\/\/gliki.at\/de\/wp-json\/wp\/v2\/media\/30684"}],"wp:attachment":[{"href":"https:\/\/gliki.at\/de\/wp-json\/wp\/v2\/media?parent=30683"}],"wp:term":[{"taxonomy":"product_brand","embeddable":true,"href":"https:\/\/gliki.at\/de\/wp-json\/wp\/v2\/product_brand?post=30683"},{"taxonomy":"product_cat","embeddable":true,"href":"https:\/\/gliki.at\/de\/wp-json\/wp\/v2\/product_cat?post=30683"},{"taxonomy":"product_tag","embeddable":true,"href":"https:\/\/gliki.at\/de\/wp-json\/wp\/v2\/product_tag?post=30683"}],"curies":[{"name":"wp","href":"https:\/\/api.w.org\/{rel}","templated":true}]}}