{"id":30840,"date":"2025-05-28T10:48:17","date_gmt":"2025-05-28T08:48:17","guid":{"rendered":"https:\/\/gliki.at\/?post_type=product&#038;p=30840"},"modified":"2025-08-05T19:03:37","modified_gmt":"2025-08-05T17:03:37","slug":"finder-55-32-8-024-0040-industrijski-relej","status":"publish","type":"product","link":"https:\/\/gliki.at\/de\/shop\/releji\/finder-55-32-8-024-0040-industrijski-relej\/","title":{"rendered":"Finder 55.32.8.024.0040 \u2013 Releji op\u0161te namene 7-10A"},"content":{"rendered":"<p>Opseg radne temperature:<br \/>\n-40&#8230;85 \u00b0C<\/p>\n<p>Releji op\u0161te namene za ugradnju u podno\u017eje. 2 promenljiva kontakta (CO) za 10 A. Namenjeni za upotrebu sa le\u017ei\u0161tima serije 94. Dostupni sa AC ili DC kalemom. Mogu\u0107nost zaklju\u010davanja test tastera i mehani\u010dki indikator u standardnoj verziji. Varijanta sa LED indikatorom i integrisanom za\u0161titnom diodom.<\/p>\n<p>Konfiguracija kontakata:<br \/>\n2-polni, CO (nPDT)<\/p>\n<p>Dimenzije:<br \/>\n20,7 x 37,2 x 27,7 mm<\/p>\n<p>Elektri\u010dni vek trajanja:<br \/>\n200.000 ciklusa<\/p>\n<p>Izolacija izme\u0111u kalema i kontakata:<br \/>\n4 kV<\/p>\n<p>Nazivni napon AC:<br \/>\n24 V<\/p>\n<p>&nbsp;<\/p>\n<p>Radni opseg AC:<br \/>\n19,2&#8230;26,4 V<\/p>\n<p>Radni opseg DC:<br \/>\n\u2013<\/p>\n<p>Nazivni napon kontakata:<br \/>\n250 V AC<\/p>\n<p>Nazivna struja (kontakti):<br \/>\n10 A<\/p>\n<p>&nbsp;<\/p>\n<p>Napajanje:<br \/>\nAC kalem<\/p>","protected":false},"excerpt":{"rendered":"<p>Finder 55.32.8.024.0040 je industrijski relej za monta\u017eu u podno\u017eje, 2-polni, promenljivi kontakti (CO \u2013 nPDT), 10 A, AgNi kontakti, AC kalem 24 V, radni opseg od 19,2 do 26,4 V, nazivna snaga 1,5 VA, otpornost 190 \u03a9, potro\u0161nja 53 mA, napon zadr\u017eavanja 19,2 V, minimalni napon za otpu\u0161tanje 4,8 V. Opcije: zaklju\u010davaju\u0107i test taster i mehani\u010dki indikator. Opseg radne temperature od -40 do +85 \u00b0C.<\/p>","protected":false},"featured_media":30841,"template":"","meta":[],"product_brand":[114],"product_cat":[76],"product_tag":[],"class_list":{"0":"post-30840","1":"product","2":"type-product","3":"status-publish","4":"has-post-thumbnail","6":"product_brand-finder","7":"product_cat-releji","9":"first","10":"instock","11":"taxable","12":"shipping-taxable","13":"purchasable","14":"product-type-simple"},"_links":{"self":[{"href":"https:\/\/gliki.at\/de\/wp-json\/wp\/v2\/product\/30840","targetHints":{"allow":["GET"]}}],"collection":[{"href":"https:\/\/gliki.at\/de\/wp-json\/wp\/v2\/product"}],"about":[{"href":"https:\/\/gliki.at\/de\/wp-json\/wp\/v2\/types\/product"}],"version-history":[{"count":6,"href":"https:\/\/gliki.at\/de\/wp-json\/wp\/v2\/product\/30840\/revisions"}],"predecessor-version":[{"id":33165,"href":"https:\/\/gliki.at\/de\/wp-json\/wp\/v2\/product\/30840\/revisions\/33165"}],"wp:featuredmedia":[{"embeddable":true,"href":"https:\/\/gliki.at\/de\/wp-json\/wp\/v2\/media\/30841"}],"wp:attachment":[{"href":"https:\/\/gliki.at\/de\/wp-json\/wp\/v2\/media?parent=30840"}],"wp:term":[{"taxonomy":"product_brand","embeddable":true,"href":"https:\/\/gliki.at\/de\/wp-json\/wp\/v2\/product_brand?post=30840"},{"taxonomy":"product_cat","embeddable":true,"href":"https:\/\/gliki.at\/de\/wp-json\/wp\/v2\/product_cat?post=30840"},{"taxonomy":"product_tag","embeddable":true,"href":"https:\/\/gliki.at\/de\/wp-json\/wp\/v2\/product_tag?post=30840"}],"curies":[{"name":"wp","href":"https:\/\/api.w.org\/{rel}","templated":true}]}}