{"id":30869,"date":"2025-05-28T12:16:53","date_gmt":"2025-05-28T10:16:53","guid":{"rendered":"https:\/\/gliki.at\/?post_type=product&#038;p=30869"},"modified":"2025-10-07T16:35:29","modified_gmt":"2025-10-07T14:35:29","slug":"finder-50-14-9-012-4310-impulsni-relej","status":"publish","type":"product","link":"https:\/\/gliki.at\/de\/shop\/releji\/releji-za-pcb\/finder-50-14-9-012-4310-impulsni-relej\/","title":{"rendered":"Finder 50.14.9.012.4310 \u2013 Relej za \u0161tampanu plo\u010du sa prinudno vo\u0111enim kontaktima"},"content":{"rendered":"<p>Opseg radne temperature okoline<br \/>\n-40&#8230;70 \u00b0C<\/p>\n<p>Relej za \u0161tampanu plo\u010du sa prinudno vo\u0111enim kontaktima u skladu sa EN 61810 (biv\u0161i EN 50205) Tip A. Relej za sigurnosne aplikacije, 4 kontakta, 8 A (2 NO + 2 NC) ili (3 NO + 1 NC). Materijal kontakta: AgSnO\u2082.<\/p>\n<p>Konfiguracija kontakata<br \/>\n3 NO + 1 NC<\/p>\n<p>Dimenzije<br \/>\n13 x 16,5 x 40 mm<\/p>\n<p>Elektri\u010dni vek trajanja<br \/>\n100.000 ciklusa<\/p>\n<p>Izolacija kalem\/kontakti<br \/>\n6 kV<\/p>\n<p>Nazivni napon istosmernog napajanja (DC)<br \/>\n12 V<\/p>\n<p>Radni opseg istosmernog napajanja (DC)<br \/>\n9&#8230;14,4 V<\/p>\n<p>Nazivni napon kontakata<br \/>\n250 V AC<\/p>\n<p>Nazivna struja kontakata<br \/>\n8 A<\/p>\n<p>Nazivna snaga istosmernog napajanja<br \/>\n0,8 W<\/p>\n<p>Napajanje<br \/>\nDC kalem<\/p>","protected":false},"excerpt":{"rendered":"<p>Finder 50.14.9.012.4310 je relej sa prinudno vo\u0111enim kontaktima, monta\u017ea na \u0161tampanu plo\u010du, 4 pola, 3 NO, 8 A, AgSnO\u2082, DC kalem, 12 V, radni opseg 9 do 14,4 V, nazivna snaga 0,8 W, otpornost 180 \u03a9, potro\u0161nja 66,6 mA, napon dr\u017eanja 4,8 V, napon isklju\u010denja 1,2 V, opcija: 1 NC, verzija: Periv (RT III), radna temperatura okoline od -40 do +70 \u00b0C.<\/p>","protected":false},"featured_media":30871,"template":"","meta":[],"product_brand":[114],"product_cat":[234,76],"product_tag":[],"class_list":{"0":"post-30869","1":"product","2":"type-product","3":"status-publish","4":"has-post-thumbnail","6":"product_brand-finder","7":"product_cat-releji-za-pcb","8":"product_cat-releji","10":"first","11":"instock","12":"taxable","13":"shipping-taxable","14":"product-type-simple"},"_links":{"self":[{"href":"https:\/\/gliki.at\/de\/wp-json\/wp\/v2\/product\/30869","targetHints":{"allow":["GET"]}}],"collection":[{"href":"https:\/\/gliki.at\/de\/wp-json\/wp\/v2\/product"}],"about":[{"href":"https:\/\/gliki.at\/de\/wp-json\/wp\/v2\/types\/product"}],"version-history":[{"count":6,"href":"https:\/\/gliki.at\/de\/wp-json\/wp\/v2\/product\/30869\/revisions"}],"predecessor-version":[{"id":33152,"href":"https:\/\/gliki.at\/de\/wp-json\/wp\/v2\/product\/30869\/revisions\/33152"}],"wp:featuredmedia":[{"embeddable":true,"href":"https:\/\/gliki.at\/de\/wp-json\/wp\/v2\/media\/30871"}],"wp:attachment":[{"href":"https:\/\/gliki.at\/de\/wp-json\/wp\/v2\/media?parent=30869"}],"wp:term":[{"taxonomy":"product_brand","embeddable":true,"href":"https:\/\/gliki.at\/de\/wp-json\/wp\/v2\/product_brand?post=30869"},{"taxonomy":"product_cat","embeddable":true,"href":"https:\/\/gliki.at\/de\/wp-json\/wp\/v2\/product_cat?post=30869"},{"taxonomy":"product_tag","embeddable":true,"href":"https:\/\/gliki.at\/de\/wp-json\/wp\/v2\/product_tag?post=30869"}],"curies":[{"name":"wp","href":"https:\/\/api.w.org\/{rel}","templated":true}]}}