{"id":30958,"date":"2025-05-29T11:12:12","date_gmt":"2025-05-29T09:12:12","guid":{"rendered":"https:\/\/gliki.at\/?post_type=product&#038;p=30958"},"modified":"2025-08-05T18:37:02","modified_gmt":"2025-08-05T16:37:02","slug":"finder-90-21-sma-montazna-baza-sa-opruznim-prikljuccima-za-releje","status":"publish","type":"product","link":"https:\/\/gliki.at\/de\/shop\/releji\/oprema-za-releje\/finder-90-21-sma-montazna-baza-sa-opruznim-prikljuccima-za-releje\/","title":{"rendered":"Finder 90.21 SMA \u2013 Podno\u017eje za relej"},"content":{"rendered":"<p><strong>Proizvo\u0111a\u010d:<\/strong><br \/>\nFINDER<\/p>\n<p><strong>Tip dodatne opreme za releje:<\/strong><br \/>\nPodno\u017eje<\/p>\n<p><strong>Broj pinova:<\/strong><br \/>\n11<\/p>\n<p><strong>Nazivna struja:<\/strong><br \/>\n10A<\/p>\n<p><strong>Nazivni napon:<\/strong><br \/>\n250V AC<\/p>\n<p><strong>Povezani proizvodi:<\/strong><br \/>\n88.02<\/p>\n<p><strong>Monta\u017ea:<\/strong><br \/>\nZa monta\u017eu na DIN \u0161inu i panel<\/p>\n<p><strong>Priklju\u010dci:<\/strong><br \/>\nVij\u010dani priklju\u010dci<\/p>\n<p><strong>Radna temperatura:<\/strong><br \/>\n-40&#8230;70\u00b0C<\/p>\n<p><strong>Elektri\u010dno povezivanje:<\/strong><br \/>\nOkrugli konektor (round socket)<\/p>\n<p>&nbsp;<\/p>\n<p><strong>Primena \u2013 serija\/proizvo\u0111a\u010d:<\/strong><br \/>\nSerija 60.13<\/p>","protected":false},"excerpt":{"rendered":"<p>Finder podno\u017eje sa 11 pinova, 10A, 250V AC, vij\u010dani priklju\u010dci, monta\u017ea na DIN \u0161inu i panel, kompatibilno sa serijom 60.13.<\/p>","protected":false},"featured_media":30959,"template":"","meta":[],"product_brand":[114],"product_cat":[132,76],"product_tag":[],"class_list":{"0":"post-30958","1":"product","2":"type-product","3":"status-publish","4":"has-post-thumbnail","6":"product_brand-finder","7":"product_cat-oprema-za-releje","8":"product_cat-releji","10":"first","11":"instock","12":"taxable","13":"shipping-taxable","14":"purchasable","15":"product-type-simple"},"_links":{"self":[{"href":"https:\/\/gliki.at\/de\/wp-json\/wp\/v2\/product\/30958","targetHints":{"allow":["GET"]}}],"collection":[{"href":"https:\/\/gliki.at\/de\/wp-json\/wp\/v2\/product"}],"about":[{"href":"https:\/\/gliki.at\/de\/wp-json\/wp\/v2\/types\/product"}],"version-history":[{"count":3,"href":"https:\/\/gliki.at\/de\/wp-json\/wp\/v2\/product\/30958\/revisions"}],"predecessor-version":[{"id":33379,"href":"https:\/\/gliki.at\/de\/wp-json\/wp\/v2\/product\/30958\/revisions\/33379"}],"wp:featuredmedia":[{"embeddable":true,"href":"https:\/\/gliki.at\/de\/wp-json\/wp\/v2\/media\/30959"}],"wp:attachment":[{"href":"https:\/\/gliki.at\/de\/wp-json\/wp\/v2\/media?parent=30958"}],"wp:term":[{"taxonomy":"product_brand","embeddable":true,"href":"https:\/\/gliki.at\/de\/wp-json\/wp\/v2\/product_brand?post=30958"},{"taxonomy":"product_cat","embeddable":true,"href":"https:\/\/gliki.at\/de\/wp-json\/wp\/v2\/product_cat?post=30958"},{"taxonomy":"product_tag","embeddable":true,"href":"https:\/\/gliki.at\/de\/wp-json\/wp\/v2\/product_tag?post=30958"}],"curies":[{"name":"wp","href":"https:\/\/api.w.org\/{rel}","templated":true}]}}