{"id":30967,"date":"2025-05-29T11:35:51","date_gmt":"2025-05-29T09:35:51","guid":{"rendered":"https:\/\/gliki.at\/?post_type=product&#038;p=30967"},"modified":"2025-08-05T18:35:31","modified_gmt":"2025-08-05T16:35:31","slug":"finder-93-01-0-024-interfejs-baza-sa-relejem-i-zastitnim-modulom","status":"publish","type":"product","link":"https:\/\/gliki.at\/de\/shop\/releji\/oprema-za-releje\/finder-93-01-0-024-interfejs-baza-sa-relejem-i-zastitnim-modulom\/","title":{"rendered":"Finder 93.01.0.024 \u2013 Podno\u017eje za relej"},"content":{"rendered":"<p>Podno\u017eje za relej, 6A, 250V, vij\u010dano, monta\u017ea na DIN \u0161inu, za upotrebu sa serijama 34.51 i 93 | Finder 93.01.0.024<\/p>","protected":false},"excerpt":{"rendered":"<p>Finder 93.01.0.024 podno\u017eje za relej, 6A, 250V, vij\u010dano, za monta\u017eu na DIN \u0161inu, kompatibilno sa serijama 34.51 i 93.<\/p>","protected":false},"featured_media":30974,"template":"","meta":[],"product_brand":[114],"product_cat":[132,76],"product_tag":[],"class_list":{"0":"post-30967","1":"product","2":"type-product","3":"status-publish","4":"has-post-thumbnail","6":"product_brand-finder","7":"product_cat-oprema-za-releje","8":"product_cat-releji","10":"first","11":"instock","12":"taxable","13":"shipping-taxable","14":"purchasable","15":"product-type-simple"},"_links":{"self":[{"href":"https:\/\/gliki.at\/de\/wp-json\/wp\/v2\/product\/30967","targetHints":{"allow":["GET"]}}],"collection":[{"href":"https:\/\/gliki.at\/de\/wp-json\/wp\/v2\/product"}],"about":[{"href":"https:\/\/gliki.at\/de\/wp-json\/wp\/v2\/types\/product"}],"version-history":[{"count":3,"href":"https:\/\/gliki.at\/de\/wp-json\/wp\/v2\/product\/30967\/revisions"}],"predecessor-version":[{"id":33373,"href":"https:\/\/gliki.at\/de\/wp-json\/wp\/v2\/product\/30967\/revisions\/33373"}],"wp:featuredmedia":[{"embeddable":true,"href":"https:\/\/gliki.at\/de\/wp-json\/wp\/v2\/media\/30974"}],"wp:attachment":[{"href":"https:\/\/gliki.at\/de\/wp-json\/wp\/v2\/media?parent=30967"}],"wp:term":[{"taxonomy":"product_brand","embeddable":true,"href":"https:\/\/gliki.at\/de\/wp-json\/wp\/v2\/product_brand?post=30967"},{"taxonomy":"product_cat","embeddable":true,"href":"https:\/\/gliki.at\/de\/wp-json\/wp\/v2\/product_cat?post=30967"},{"taxonomy":"product_tag","embeddable":true,"href":"https:\/\/gliki.at\/de\/wp-json\/wp\/v2\/product_tag?post=30967"}],"curies":[{"name":"wp","href":"https:\/\/api.w.org\/{rel}","templated":true}]}}