{"id":30985,"date":"2025-05-29T11:51:47","date_gmt":"2025-05-29T09:51:47","guid":{"rendered":"https:\/\/gliki.at\/?post_type=product&#038;p=30985"},"modified":"2025-08-05T17:57:29","modified_gmt":"2025-08-05T15:57:29","slug":"finder-93-02-7-024-interfejs-baza-sa-relejem","status":"publish","type":"product","link":"https:\/\/gliki.at\/de\/shop\/releji\/oprema-za-releje\/finder-93-02-7-024-interfejs-baza-sa-relejem\/","title":{"rendered":"Finder 93.02.7.024 \u2013 podno\u017eje za relej"},"content":{"rendered":"<p data-start=\"0\" data-end=\"24\"><strong data-start=\"0\" data-end=\"15\">Proizvo\u0111a\u010d:<\/strong><br data-start=\"15\" data-end=\"18\" \/>FINDER<\/p>\n<p data-start=\"26\" data-end=\"70\"><strong data-start=\"26\" data-end=\"59\">Tip dodatne opreme za releje:<\/strong><br data-start=\"59\" data-end=\"62\" \/>Podno\u017eje<\/p>\n<p data-start=\"72\" data-end=\"96\"><strong data-start=\"72\" data-end=\"91\">Nazivna struja:<\/strong><br data-start=\"91\" data-end=\"94\" \/>6A<\/p>\n<p data-start=\"98\" data-end=\"359\"><strong data-start=\"98\" data-end=\"116\">Nazivni napon:<\/strong><br data-start=\"116\" data-end=\"119\" \/>250V AC<br data-start=\"126\" data-end=\"129\" \/>\n<\/p>\n<p data-start=\"361\" data-end=\"421\"><strong data-start=\"361\" data-end=\"384\">Povezani proizvodi:<\/strong><br data-start=\"384\" data-end=\"387\" \/>41.52.9.012.0010, 41.52.9.024.0010<\/p>\n<p data-start=\"423\" data-end=\"460\"><strong data-start=\"423\" data-end=\"435\">Monta\u017ea:<\/strong><br data-start=\"435\" data-end=\"438\" \/>Za monta\u017eu na DIN \u0161inu<\/p>\n<p data-start=\"462\" data-end=\"509\" data-is-last-node=\"\" data-is-only-node=\"\"><strong data-start=\"462\" data-end=\"494\">Primena \u2013 serija\/proizvo\u0111a\u010d:<\/strong><br data-start=\"494\" data-end=\"497\" \/>Serija 41.52<\/p>","protected":false},"excerpt":{"rendered":"<p>Finder podno\u017eje za relej, 6A, 250V AC, za monta\u017eu na DIN \u0161inu, kompatibilno sa serijama 41.52.9.012.0010 i 41.52.9.024.0010.<\/p>","protected":false},"featured_media":30986,"template":"","meta":[],"product_brand":[114],"product_cat":[132,76],"product_tag":[],"class_list":{"0":"post-30985","1":"product","2":"type-product","3":"status-publish","4":"has-post-thumbnail","6":"product_brand-finder","7":"product_cat-oprema-za-releje","8":"product_cat-releji","10":"first","11":"instock","12":"taxable","13":"shipping-taxable","14":"product-type-simple"},"_links":{"self":[{"href":"https:\/\/gliki.at\/de\/wp-json\/wp\/v2\/product\/30985","targetHints":{"allow":["GET"]}}],"collection":[{"href":"https:\/\/gliki.at\/de\/wp-json\/wp\/v2\/product"}],"about":[{"href":"https:\/\/gliki.at\/de\/wp-json\/wp\/v2\/types\/product"}],"version-history":[{"count":3,"href":"https:\/\/gliki.at\/de\/wp-json\/wp\/v2\/product\/30985\/revisions"}],"predecessor-version":[{"id":33365,"href":"https:\/\/gliki.at\/de\/wp-json\/wp\/v2\/product\/30985\/revisions\/33365"}],"wp:featuredmedia":[{"embeddable":true,"href":"https:\/\/gliki.at\/de\/wp-json\/wp\/v2\/media\/30986"}],"wp:attachment":[{"href":"https:\/\/gliki.at\/de\/wp-json\/wp\/v2\/media?parent=30985"}],"wp:term":[{"taxonomy":"product_brand","embeddable":true,"href":"https:\/\/gliki.at\/de\/wp-json\/wp\/v2\/product_brand?post=30985"},{"taxonomy":"product_cat","embeddable":true,"href":"https:\/\/gliki.at\/de\/wp-json\/wp\/v2\/product_cat?post=30985"},{"taxonomy":"product_tag","embeddable":true,"href":"https:\/\/gliki.at\/de\/wp-json\/wp\/v2\/product_tag?post=30985"}],"curies":[{"name":"wp","href":"https:\/\/api.w.org\/{rel}","templated":true}]}}