{"id":30995,"date":"2025-05-29T11:56:24","date_gmt":"2025-05-29T09:56:24","guid":{"rendered":"https:\/\/gliki.at\/?post_type=product&#038;p=30995"},"modified":"2025-08-05T17:43:46","modified_gmt":"2025-08-05T15:43:46","slug":"finder-94-03-spa-stitnik-za-prenaponsku-zastitu-surge-protector","status":"publish","type":"product","link":"https:\/\/gliki.at\/de\/shop\/releji\/oprema-za-releje\/finder-94-03-spa-stitnik-za-prenaponsku-zastitu-surge-protector\/","title":{"rendered":"Finder 94.03.SPA \u2013 podno\u017eje za relej"},"content":{"rendered":"<p>DIN-\u0161inska\/panel monta\u017ea, podno\u017eje sa vij\u010danim priklju\u010dcima (stezni dr\u017ea\u010d) za relej 55.33 (plavo)<\/p>","protected":false},"excerpt":{"rendered":"<p>Finder 94.03.SPA \u2013 podno\u017eje za relej<\/p>","protected":false},"featured_media":30996,"template":"","meta":[],"product_brand":[114],"product_cat":[132,76],"product_tag":[],"class_list":{"0":"post-30995","1":"product","2":"type-product","3":"status-publish","4":"has-post-thumbnail","6":"product_brand-finder","7":"product_cat-oprema-za-releje","8":"product_cat-releji","10":"first","11":"instock","12":"taxable","13":"shipping-taxable","14":"product-type-simple"},"_links":{"self":[{"href":"https:\/\/gliki.at\/de\/wp-json\/wp\/v2\/product\/30995","targetHints":{"allow":["GET"]}}],"collection":[{"href":"https:\/\/gliki.at\/de\/wp-json\/wp\/v2\/product"}],"about":[{"href":"https:\/\/gliki.at\/de\/wp-json\/wp\/v2\/types\/product"}],"version-history":[{"count":3,"href":"https:\/\/gliki.at\/de\/wp-json\/wp\/v2\/product\/30995\/revisions"}],"predecessor-version":[{"id":33359,"href":"https:\/\/gliki.at\/de\/wp-json\/wp\/v2\/product\/30995\/revisions\/33359"}],"wp:featuredmedia":[{"embeddable":true,"href":"https:\/\/gliki.at\/de\/wp-json\/wp\/v2\/media\/30996"}],"wp:attachment":[{"href":"https:\/\/gliki.at\/de\/wp-json\/wp\/v2\/media?parent=30995"}],"wp:term":[{"taxonomy":"product_brand","embeddable":true,"href":"https:\/\/gliki.at\/de\/wp-json\/wp\/v2\/product_brand?post=30995"},{"taxonomy":"product_cat","embeddable":true,"href":"https:\/\/gliki.at\/de\/wp-json\/wp\/v2\/product_cat?post=30995"},{"taxonomy":"product_tag","embeddable":true,"href":"https:\/\/gliki.at\/de\/wp-json\/wp\/v2\/product_tag?post=30995"}],"curies":[{"name":"wp","href":"https:\/\/api.w.org\/{rel}","templated":true}]}}