{"id":31010,"date":"2025-05-29T12:03:41","date_gmt":"2025-05-29T10:03:41","guid":{"rendered":"https:\/\/gliki.at\/?post_type=product&#038;p=31010"},"modified":"2025-08-05T17:36:58","modified_gmt":"2025-08-05T15:36:58","slug":"finder-94-14-sma-adapter-za-montazu-sa-sarkom","status":"publish","type":"product","link":"https:\/\/gliki.at\/de\/shop\/releji\/oprema-za-releje\/finder-94-14-sma-adapter-za-montazu-sa-sarkom\/","title":{"rendered":"Finder 94.14.SMA \u2013 podno\u017eje za relej"},"content":{"rendered":"<p><strong>Proizvo\u0111a\u010d:<\/strong><br \/>\nFINDER<\/p>\n<p><strong>Tip dodatne opreme za releje:<\/strong><br \/>\nPodno\u017eje<\/p>\n<p><strong>Broj pinova:<\/strong><br \/>\n14<\/p>\n<p><strong>Nazivna struja:<\/strong><br \/>\n10A<\/p>\n<p><strong>Nazivni napon:<\/strong><br \/>\n250V AC<\/p>\n<p><strong>Povezani proizvodi:<\/strong><br \/>\n55.32, 55.34<\/p>\n<p><strong>Monta\u017ea:<\/strong><br \/>\nZa \u0161tampanu plo\u010du (PCB)<\/p>\n<p><strong>Priklju\u010dci:<\/strong><br \/>\nZa PCB<\/p>\n<p><strong>Radna temperatura:<\/strong><br \/>\n-40&#8230;70\u00b0C<\/p>\n<p><strong>Primena \u2013 serija\/proizvo\u0111a\u010d:<\/strong><br \/>\nSerija 55.34<\/p>","protected":false},"excerpt":{"rendered":"<p>Finder 94.14.SMA podno\u017eje za releje iz serije 55.34<\/p>","protected":false},"featured_media":31011,"template":"","meta":[],"product_brand":[114],"product_cat":[132,76],"product_tag":[],"class_list":{"0":"post-31010","1":"product","2":"type-product","3":"status-publish","4":"has-post-thumbnail","6":"product_brand-finder","7":"product_cat-oprema-za-releje","8":"product_cat-releji","10":"first","11":"instock","12":"taxable","13":"shipping-taxable","14":"product-type-simple"},"_links":{"self":[{"href":"https:\/\/gliki.at\/de\/wp-json\/wp\/v2\/product\/31010","targetHints":{"allow":["GET"]}}],"collection":[{"href":"https:\/\/gliki.at\/de\/wp-json\/wp\/v2\/product"}],"about":[{"href":"https:\/\/gliki.at\/de\/wp-json\/wp\/v2\/types\/product"}],"version-history":[{"count":3,"href":"https:\/\/gliki.at\/de\/wp-json\/wp\/v2\/product\/31010\/revisions"}],"predecessor-version":[{"id":33351,"href":"https:\/\/gliki.at\/de\/wp-json\/wp\/v2\/product\/31010\/revisions\/33351"}],"wp:featuredmedia":[{"embeddable":true,"href":"https:\/\/gliki.at\/de\/wp-json\/wp\/v2\/media\/31011"}],"wp:attachment":[{"href":"https:\/\/gliki.at\/de\/wp-json\/wp\/v2\/media?parent=31010"}],"wp:term":[{"taxonomy":"product_brand","embeddable":true,"href":"https:\/\/gliki.at\/de\/wp-json\/wp\/v2\/product_brand?post=31010"},{"taxonomy":"product_cat","embeddable":true,"href":"https:\/\/gliki.at\/de\/wp-json\/wp\/v2\/product_cat?post=31010"},{"taxonomy":"product_tag","embeddable":true,"href":"https:\/\/gliki.at\/de\/wp-json\/wp\/v2\/product_tag?post=31010"}],"curies":[{"name":"wp","href":"https:\/\/api.w.org\/{rel}","templated":true}]}}