{"id":31014,"date":"2025-05-29T12:07:11","date_gmt":"2025-05-29T10:07:11","guid":{"rendered":"https:\/\/gliki.at\/?post_type=product&#038;p=31014"},"modified":"2025-08-05T17:33:32","modified_gmt":"2025-08-05T15:33:32","slug":"finder-94-54-1-relejna-baza-za-4-polne-releje","status":"publish","type":"product","link":"https:\/\/gliki.at\/de\/shop\/releji\/oprema-za-releje\/finder-94-54-1-relejna-baza-za-4-polne-releje\/","title":{"rendered":"Finder 94.54.1 \u2013 Podno\u017eje za relej"},"content":{"rendered":"<p>Finder 94.54.1<\/p>\n<p>Podno\u017eje; 14 pinova; za monta\u017eu na DIN \u0161inu; za serije 55.32 i 55.34.<\/p>","protected":false},"excerpt":{"rendered":"<p>Podno\u017eje sa 14 pinova za DIN \u0161inu, namenjeno za releje serije 55.32 i 55.34.<\/p>","protected":false},"featured_media":31015,"template":"","meta":[],"product_brand":[114],"product_cat":[132,76],"product_tag":[],"class_list":{"0":"post-31014","1":"product","2":"type-product","3":"status-publish","4":"has-post-thumbnail","6":"product_brand-finder","7":"product_cat-oprema-za-releje","8":"product_cat-releji","10":"first","11":"instock","12":"taxable","13":"shipping-taxable","14":"product-type-simple"},"_links":{"self":[{"href":"https:\/\/gliki.at\/de\/wp-json\/wp\/v2\/product\/31014","targetHints":{"allow":["GET"]}}],"collection":[{"href":"https:\/\/gliki.at\/de\/wp-json\/wp\/v2\/product"}],"about":[{"href":"https:\/\/gliki.at\/de\/wp-json\/wp\/v2\/types\/product"}],"version-history":[{"count":3,"href":"https:\/\/gliki.at\/de\/wp-json\/wp\/v2\/product\/31014\/revisions"}],"predecessor-version":[{"id":33349,"href":"https:\/\/gliki.at\/de\/wp-json\/wp\/v2\/product\/31014\/revisions\/33349"}],"wp:featuredmedia":[{"embeddable":true,"href":"https:\/\/gliki.at\/de\/wp-json\/wp\/v2\/media\/31015"}],"wp:attachment":[{"href":"https:\/\/gliki.at\/de\/wp-json\/wp\/v2\/media?parent=31014"}],"wp:term":[{"taxonomy":"product_brand","embeddable":true,"href":"https:\/\/gliki.at\/de\/wp-json\/wp\/v2\/product_brand?post=31014"},{"taxonomy":"product_cat","embeddable":true,"href":"https:\/\/gliki.at\/de\/wp-json\/wp\/v2\/product_cat?post=31014"},{"taxonomy":"product_tag","embeddable":true,"href":"https:\/\/gliki.at\/de\/wp-json\/wp\/v2\/product_tag?post=31014"}],"curies":[{"name":"wp","href":"https:\/\/api.w.org\/{rel}","templated":true}]}}