{"id":31049,"date":"2025-05-29T12:31:21","date_gmt":"2025-05-29T10:31:21","guid":{"rendered":"https:\/\/gliki.at\/?post_type=product&#038;p=31049"},"modified":"2025-08-05T16:43:42","modified_gmt":"2025-08-05T14:43:42","slug":"finder-95-95-3spa-relejna-baza","status":"publish","type":"product","link":"https:\/\/gliki.at\/de\/shop\/releji\/oprema-za-releje\/finder-95-95-3spa-relejna-baza\/","title":{"rendered":"Finder 95.95.3SPA \u2013 Podno\u017eje za relej"},"content":{"rendered":"<p>Proizvo\u0111a\u010d: FINDER<\/p>\n<p>Tip dodatka za releje: le\u017ei\u0161te (socket)<\/p>\n<p>Broj pinova: 8<\/p>\n<p>Nazivna struja: 10 A<\/p>\n<p>Nazivni napon: 250 V AC<\/p>\n<p>Monta\u017ea: za monta\u017eu na DIN \u0161inu<\/p>\n<p>Priklju\u010dci: zavrtni terminali (screw terminals)<\/p>\n<p>Radna temperatura: -40 &#8230; +70 \u00b0C<\/p>\n<p>Primena \u2013 serije \/ proizvo\u0111a\u010d:<br \/>\n40.51, 40.52, 40.61, 44.52, 44.62<\/p>\n<p>&nbsp;<\/p>","protected":false},"excerpt":{"rendered":"<p>Proizvo\u0111a\u010d: FINDER Tip dodatka za releje: le\u017ei\u0161te (socket) Broj pinova: 8 Nazivna struja: 10 A Nazivni napon: 250 V AC<\/p>","protected":false},"featured_media":31050,"template":"","meta":[],"product_brand":[114],"product_cat":[132,76],"product_tag":[119],"class_list":{"0":"post-31049","1":"product","2":"type-product","3":"status-publish","4":"has-post-thumbnail","6":"product_brand-finder","7":"product_cat-oprema-za-releje","8":"product_cat-releji","9":"product_tag-finder","11":"first","12":"instock","13":"taxable","14":"shipping-taxable","15":"purchasable","16":"product-type-simple"},"_links":{"self":[{"href":"https:\/\/gliki.at\/de\/wp-json\/wp\/v2\/product\/31049","targetHints":{"allow":["GET"]}}],"collection":[{"href":"https:\/\/gliki.at\/de\/wp-json\/wp\/v2\/product"}],"about":[{"href":"https:\/\/gliki.at\/de\/wp-json\/wp\/v2\/types\/product"}],"version-history":[{"count":3,"href":"https:\/\/gliki.at\/de\/wp-json\/wp\/v2\/product\/31049\/revisions"}],"predecessor-version":[{"id":32174,"href":"https:\/\/gliki.at\/de\/wp-json\/wp\/v2\/product\/31049\/revisions\/32174"}],"wp:featuredmedia":[{"embeddable":true,"href":"https:\/\/gliki.at\/de\/wp-json\/wp\/v2\/media\/31050"}],"wp:attachment":[{"href":"https:\/\/gliki.at\/de\/wp-json\/wp\/v2\/media?parent=31049"}],"wp:term":[{"taxonomy":"product_brand","embeddable":true,"href":"https:\/\/gliki.at\/de\/wp-json\/wp\/v2\/product_brand?post=31049"},{"taxonomy":"product_cat","embeddable":true,"href":"https:\/\/gliki.at\/de\/wp-json\/wp\/v2\/product_cat?post=31049"},{"taxonomy":"product_tag","embeddable":true,"href":"https:\/\/gliki.at\/de\/wp-json\/wp\/v2\/product_tag?post=31049"}],"curies":[{"name":"wp","href":"https:\/\/api.w.org\/{rel}","templated":true}]}}