{"id":31063,"date":"2025-05-29T15:22:18","date_gmt":"2025-05-29T13:22:18","guid":{"rendered":"https:\/\/gliki.at\/?post_type=product&#038;p=31063"},"modified":"2025-10-07T13:01:33","modified_gmt":"2025-10-07T11:01:33","slug":"finder-72-11-industrijski-elektromehanicki-relej","status":"publish","type":"product","link":"https:\/\/gliki.at\/de\/shop\/industrijski-senzori\/detektori-nivoa\/finder-72-11-industrijski-elektromehanicki-relej\/","title":{"rendered":"Finder 072.11 \u2013 Podni senzor nivoa vode"},"content":{"rendered":"<p>Tehni\u010dki podaci:<\/p>\n<p>Materijal elektrode: ner\u0111aju\u0107i \u010delik (AISI 301)<\/p>\n<p>Kapacitet priklju\u010dnih terminala:<\/p>\n<p>Maksimalni obrtni moment zavrtnja: 0.8 Nm<\/p>\n<p>Maksimalni presek \u017eica:<\/p>\n<p>Puni provodnik: 1 x 6 mm\u00b2 \/ 2 x 6 mm\u00b2<\/p>\n<p>Vi\u017ei\u010dani provodnik: 1 x 6 mm\u00b2 \/ 2 x 4 mm\u00b2<\/p>\n<p>AWG veli\u010dina:<\/p>\n<p>Puni provodnik: 1 x 10 \/ 2 x 10<\/p>\n<p>Vi\u017ei\u010dani provodnik: 1 x 10 \/ 2 x 12<\/p>\n<p>Du\u017eina skidanja izolacije: 9 mm<\/p>\n<p>Ostali podaci:<\/p>\n<p>Rastojanje izme\u0111u elektroda i poda: 1 mm<\/p>\n<p>Pre\u010dnik \u0161rafa za pri\u010dvr\u0161\u0107ivanje za pod: maksimalno M5<\/p>\n<p>Maksimalni pre\u010dnik kabla: 10 mm<\/p>\n<p>Maksimalna du\u017eina kabla izme\u0111u senzora i releja: 200 m (pri kapacitivnosti kabla od 100 nF\/km)<\/p>\n<p>Maksimalna temperatura te\u010dnosti: +100\u202f\u00b0C<\/p>\n<p>&nbsp;<\/p>","protected":false},"excerpt":{"rendered":"<p>Tehni\u010dki podaci: Materijal elektrode: ner\u0111aju\u0107i \u010delik (AISI 301) Kapacitet priklju\u010dnih terminala: Maksimalni obrtni moment zavrtnja: 0.8 Nm Maksimalni presek \u017eica:<\/p>","protected":false},"featured_media":31064,"template":"","meta":[],"product_brand":[114],"product_cat":[30,93],"product_tag":[119],"class_list":{"0":"post-31063","1":"product","2":"type-product","3":"status-publish","4":"has-post-thumbnail","6":"product_brand-finder","7":"product_cat-industrijski-senzori","8":"product_cat-detektori-nivoa","9":"product_tag-finder","11":"first","12":"instock","13":"taxable","14":"shipping-taxable","15":"purchasable","16":"product-type-simple"},"_links":{"self":[{"href":"https:\/\/gliki.at\/de\/wp-json\/wp\/v2\/product\/31063","targetHints":{"allow":["GET"]}}],"collection":[{"href":"https:\/\/gliki.at\/de\/wp-json\/wp\/v2\/product"}],"about":[{"href":"https:\/\/gliki.at\/de\/wp-json\/wp\/v2\/types\/product"}],"version-history":[{"count":4,"href":"https:\/\/gliki.at\/de\/wp-json\/wp\/v2\/product\/31063\/revisions"}],"predecessor-version":[{"id":33339,"href":"https:\/\/gliki.at\/de\/wp-json\/wp\/v2\/product\/31063\/revisions\/33339"}],"wp:featuredmedia":[{"embeddable":true,"href":"https:\/\/gliki.at\/de\/wp-json\/wp\/v2\/media\/31064"}],"wp:attachment":[{"href":"https:\/\/gliki.at\/de\/wp-json\/wp\/v2\/media?parent=31063"}],"wp:term":[{"taxonomy":"product_brand","embeddable":true,"href":"https:\/\/gliki.at\/de\/wp-json\/wp\/v2\/product_brand?post=31063"},{"taxonomy":"product_cat","embeddable":true,"href":"https:\/\/gliki.at\/de\/wp-json\/wp\/v2\/product_cat?post=31063"},{"taxonomy":"product_tag","embeddable":true,"href":"https:\/\/gliki.at\/de\/wp-json\/wp\/v2\/product_tag?post=31063"}],"curies":[{"name":"wp","href":"https:\/\/api.w.org\/{rel}","templated":true}]}}