{"id":31068,"date":"2025-05-29T15:26:53","date_gmt":"2025-05-29T13:26:53","guid":{"rendered":"https:\/\/gliki.at\/?post_type=product&#038;p=31068"},"modified":"2025-10-07T13:02:26","modified_gmt":"2025-10-07T11:02:26","slug":"finder-72-31-industrijski-elektromehanicki-relej","status":"publish","type":"product","link":"https:\/\/gliki.at\/de\/shop\/releji\/oprema-za-releje\/finder-72-31-industrijski-elektromehanicki-relej\/","title":{"rendered":"Finder 72.31 \u2013 Vise\u0107a elektroda"},"content":{"rendered":"<p>Maksimalna temperatura te\u010dnosti: +80\u202f\u00b0C<\/p>\n<p>Pre\u010dnik dr\u017ea\u010da kabla: \u00d8 \u2264 2.5\u20263.5 mm<\/p>\n<p>Materijal elektrode: ner\u0111aju\u0107i \u010delik (AISI 316L)<\/p>\n<p>Materijal ku\u0107i\u0161ta: polipropilen<\/p>\n<p>Maksimalni obrtni moment za zavrtanje: 0.7 Nm<\/p>\n<p>Maksimalni presek provodnika: 1 x 2.5 mm\u00b2<\/p>\n<p>AWG veli\u010dina provodnika: 1 x 14<\/p>\n<p>Du\u017eina skidanja izolacije: 5\u20269 mm<\/p>\n<p>&nbsp;<\/p>","protected":false},"excerpt":{"rendered":"<p>Maksimalna temperatura te\u010dnosti: +80\u202f\u00b0C Pre\u010dnik dr\u017ea\u010da kabla: \u00d8 \u2264 2.5\u20263.5 mm Materijal elektrode: ner\u0111aju\u0107i \u010delik (AISI 316L) Materijal ku\u0107i\u0161ta: polipropilen<\/p>","protected":false},"featured_media":31069,"template":"","meta":[],"product_brand":[114],"product_cat":[132,76],"product_tag":[119],"class_list":{"0":"post-31068","1":"product","2":"type-product","3":"status-publish","4":"has-post-thumbnail","6":"product_brand-finder","7":"product_cat-oprema-za-releje","8":"product_cat-releji","9":"product_tag-finder","11":"first","12":"instock","13":"taxable","14":"shipping-taxable","15":"product-type-simple"},"_links":{"self":[{"href":"https:\/\/gliki.at\/de\/wp-json\/wp\/v2\/product\/31068","targetHints":{"allow":["GET"]}}],"collection":[{"href":"https:\/\/gliki.at\/de\/wp-json\/wp\/v2\/product"}],"about":[{"href":"https:\/\/gliki.at\/de\/wp-json\/wp\/v2\/types\/product"}],"version-history":[{"count":4,"href":"https:\/\/gliki.at\/de\/wp-json\/wp\/v2\/product\/31068\/revisions"}],"predecessor-version":[{"id":32164,"href":"https:\/\/gliki.at\/de\/wp-json\/wp\/v2\/product\/31068\/revisions\/32164"}],"wp:featuredmedia":[{"embeddable":true,"href":"https:\/\/gliki.at\/de\/wp-json\/wp\/v2\/media\/31069"}],"wp:attachment":[{"href":"https:\/\/gliki.at\/de\/wp-json\/wp\/v2\/media?parent=31068"}],"wp:term":[{"taxonomy":"product_brand","embeddable":true,"href":"https:\/\/gliki.at\/de\/wp-json\/wp\/v2\/product_brand?post=31068"},{"taxonomy":"product_cat","embeddable":true,"href":"https:\/\/gliki.at\/de\/wp-json\/wp\/v2\/product_cat?post=31068"},{"taxonomy":"product_tag","embeddable":true,"href":"https:\/\/gliki.at\/de\/wp-json\/wp\/v2\/product_tag?post=31068"}],"curies":[{"name":"wp","href":"https:\/\/api.w.org\/{rel}","templated":true}]}}