{"id":31152,"date":"2025-06-02T12:53:30","date_gmt":"2025-06-02T10:53:30","guid":{"rendered":"https:\/\/gliki.at\/?post_type=product&#038;p=31152"},"modified":"2025-06-21T13:46:28","modified_gmt":"2025-06-21T11:46:28","slug":"finder-7e-13-8-230-0000-pas-digitalni-brojac-radnih-sati","status":"publish","type":"product","link":"https:\/\/gliki.at\/de\/shop\/merni-instrumenti\/finder-7e-13-8-230-0000-pas-digitalni-brojac-radnih-sati\/","title":{"rendered":"Finder 7E.13.8.230.0000 PAS \u2013 Mera\u010d potro\u0161nje elektri\u010dne energije"},"content":{"rendered":"<p>Jenofazni finderov mera\u010d elektri\u010dne energije sa horizontalnim mehani\u010dkim displejem<\/p>\n<p>i S0 puls interfejsom.<\/p>\n<p>&nbsp;<\/p>\n<p>Nominalna struja 5A , 32 A maksimun<\/p>\n<p>jednofazno 230V AC<\/p>\n<p>integrisan S0 puls izlaz<\/p>\n<p>kombatibilan za 50\/60 Hz<\/p>","protected":false},"excerpt":{"rendered":"<p>Finder 7E.13.8.230.0000 PAS je digitalni broja\u010d radnih sati za AC sisteme, sa napajanjem od 230 V i mogu\u0107no\u0161\u0107u monta\u017ee na DIN \u0161inu. Koristi se za precizno pra\u0107enje ukupnog vremena rada opreme ili ma\u0161ina u industrijskim i tehni\u010dkim sistemima.<\/p>","protected":false},"featured_media":31153,"template":"","meta":[],"product_brand":[114],"product_cat":[104],"product_tag":[119],"class_list":{"0":"post-31152","1":"product","2":"type-product","3":"status-publish","4":"has-post-thumbnail","6":"product_brand-finder","7":"product_cat-merni-instrumenti","8":"product_tag-finder","10":"first","11":"instock","12":"taxable","13":"shipping-taxable","14":"product-type-simple"},"_links":{"self":[{"href":"https:\/\/gliki.at\/de\/wp-json\/wp\/v2\/product\/31152","targetHints":{"allow":["GET"]}}],"collection":[{"href":"https:\/\/gliki.at\/de\/wp-json\/wp\/v2\/product"}],"about":[{"href":"https:\/\/gliki.at\/de\/wp-json\/wp\/v2\/types\/product"}],"version-history":[{"count":3,"href":"https:\/\/gliki.at\/de\/wp-json\/wp\/v2\/product\/31152\/revisions"}],"predecessor-version":[{"id":32123,"href":"https:\/\/gliki.at\/de\/wp-json\/wp\/v2\/product\/31152\/revisions\/32123"}],"wp:featuredmedia":[{"embeddable":true,"href":"https:\/\/gliki.at\/de\/wp-json\/wp\/v2\/media\/31153"}],"wp:attachment":[{"href":"https:\/\/gliki.at\/de\/wp-json\/wp\/v2\/media?parent=31152"}],"wp:term":[{"taxonomy":"product_brand","embeddable":true,"href":"https:\/\/gliki.at\/de\/wp-json\/wp\/v2\/product_brand?post=31152"},{"taxonomy":"product_cat","embeddable":true,"href":"https:\/\/gliki.at\/de\/wp-json\/wp\/v2\/product_cat?post=31152"},{"taxonomy":"product_tag","embeddable":true,"href":"https:\/\/gliki.at\/de\/wp-json\/wp\/v2\/product_tag?post=31152"}],"curies":[{"name":"wp","href":"https:\/\/api.w.org\/{rel}","templated":true}]}}