{"id":31221,"date":"2025-06-02T13:35:18","date_gmt":"2025-06-02T11:35:18","guid":{"rendered":"https:\/\/gliki.at\/?post_type=product&#038;p=31221"},"modified":"2025-06-12T19:55:29","modified_gmt":"2025-06-12T17:55:29","slug":"finder-8a-04-9-024-8300-industrijski-elektromagnetni-relej","status":"publish","type":"product","link":"https:\/\/gliki.at\/de\/shop\/plc-kontroleri\/cpu\/finder-8a-04-9-024-8300-industrijski-elektromagnetni-relej\/","title":{"rendered":"Finder 8A.04.9.024.8300 \u2013 OPTA programbilni relej(PLR)"},"content":{"rendered":"<p>Opta \u2013 Prvi inovativni i povezani programabilni logi\u010dki rele<\/p>\n<p>Opta je prvi programabilni logi\u010dki rele nove generacije, sa podr\u0161kom za Ethernet, Wi-Fi i Bluetooth\u00ae Low Energy tehnologije. Programira se bez licenci, pomo\u0107u Arduino IDE platforme ili po standardima IEC\/EN 61131 (npr. LADDER, FBD i sl.). Model Type 8A.04-832C omogu\u0107ava i programiranje putem CODESYS platforme.<\/p>\n<p>Zahvaljuju\u0107i ugra\u0111enom sigurnosnom \u010dipu, Opta nudi naprednu IoT za\u0161titu, \u010dine\u0107i ga idealnim za pametne industrijske i ku\u0107ne aplikacije.<\/p>\n<p>Tehni\u010dke karakteristike:<\/p>\n<p>Ulazni napon: 12\u202624 V DC<\/p>\n<p>8 digitalnih\/analognih ulaza<\/p>\n<p>4 relejna izlaza (10 A)<\/p>\n<p>Port za pomo\u0107ne module<\/p>\n<p>Sna\u017ean procesor: STM32H747XI Dual-Core CORTEX\u00ae-M7 + M4<\/p>\n<p>Napredna IoT sigurnost zahvaljuju\u0107i sigurnosnom \u010dipu<\/p>","protected":false},"excerpt":{"rendered":"<p>Industrijski elektromehani\u010dki relej sa LED i mehani\u010dkim indikatorom i ON\/OFF tasterom, namenjen za pouzdano upravljanje u automatizovanim sistemima.<\/p>","protected":false},"featured_media":31222,"template":"","meta":[],"product_brand":[114],"product_cat":[43,94],"product_tag":[119],"class_list":{"0":"post-31221","1":"product","2":"type-product","3":"status-publish","4":"has-post-thumbnail","6":"product_brand-finder","7":"product_cat-plc-kontroleri","8":"product_cat-cpu","9":"product_tag-finder","11":"first","12":"instock","13":"taxable","14":"shipping-taxable","15":"product-type-simple"},"_links":{"self":[{"href":"https:\/\/gliki.at\/de\/wp-json\/wp\/v2\/product\/31221","targetHints":{"allow":["GET"]}}],"collection":[{"href":"https:\/\/gliki.at\/de\/wp-json\/wp\/v2\/product"}],"about":[{"href":"https:\/\/gliki.at\/de\/wp-json\/wp\/v2\/types\/product"}],"version-history":[{"count":5,"href":"https:\/\/gliki.at\/de\/wp-json\/wp\/v2\/product\/31221\/revisions"}],"predecessor-version":[{"id":31951,"href":"https:\/\/gliki.at\/de\/wp-json\/wp\/v2\/product\/31221\/revisions\/31951"}],"wp:featuredmedia":[{"embeddable":true,"href":"https:\/\/gliki.at\/de\/wp-json\/wp\/v2\/media\/31222"}],"wp:attachment":[{"href":"https:\/\/gliki.at\/de\/wp-json\/wp\/v2\/media?parent=31221"}],"wp:term":[{"taxonomy":"product_brand","embeddable":true,"href":"https:\/\/gliki.at\/de\/wp-json\/wp\/v2\/product_brand?post=31221"},{"taxonomy":"product_cat","embeddable":true,"href":"https:\/\/gliki.at\/de\/wp-json\/wp\/v2\/product_cat?post=31221"},{"taxonomy":"product_tag","embeddable":true,"href":"https:\/\/gliki.at\/de\/wp-json\/wp\/v2\/product_tag?post=31221"}],"curies":[{"name":"wp","href":"https:\/\/api.w.org\/{rel}","templated":true}]}}