{"id":31239,"date":"2025-06-02T13:43:05","date_gmt":"2025-06-02T11:43:05","guid":{"rendered":"https:\/\/gliki.at\/?post_type=product&#038;p=31239"},"modified":"2025-08-05T15:23:47","modified_gmt":"2025-08-05T13:23:47","slug":"finder-10-51-8-230-0000-industrijski-vremenski-relej","status":"publish","type":"product","link":"https:\/\/gliki.at\/de\/shop\/industrijski-senzori\/fotoelektricni\/finder-10-51-8-230-0000-industrijski-vremenski-relej\/","title":{"rendered":"Finder 10.51.8.230.0000 \u2013 foto prekidac"},"content":{"rendered":"<p>Jednopolni prekidac za svetlost.(foto prekidac)<\/p>\n<p><strong>Tehni\u010dke specifikacije:<\/strong><\/p>\n<table>\n<thead>\n<tr>\n<td><strong>Naziv modela<\/strong><\/td>\n<td><strong>Finder 10.51.8.230.0000 <\/strong><\/td>\n<\/tr>\n<\/thead>\n<tbody>\n<tr>\n<td><strong>Proizvo\u0111a\u010d<\/strong><\/td>\n<td>Finder<\/td>\n<\/tr>\n<tr>\n<td><strong>Kontakt konfiguracija<\/strong><\/td>\n<td>1 preklopni<\/td>\n<\/tr>\n<tr>\n<td><strong>Tip kontakata<\/strong><\/td>\n<td>1NO<\/td>\n<\/tr>\n<tr>\n<td><strong>Materijal kontakata<\/strong><\/td>\n<td>AgSnO2<\/td>\n<\/tr>\n<tr>\n<td><strong>Radni napon zavojnice<\/strong><\/td>\n<td>\u00a0230 V AC<\/td>\n<\/tr>\n<tr>\n<td><strong>Tip napajanja<\/strong><\/td>\n<td>AC<\/td>\n<\/tr>\n<tr>\n<td><strong>Maksimalna struja<\/strong><\/td>\n<td>12A<\/td>\n<\/tr>\n<tr>\n<td><strong>LED indikator<\/strong><\/td>\n<td>Ne<\/td>\n<\/tr>\n<tr>\n<td><strong>Mehani\u010dki indikator<\/strong><\/td>\n<td>Ne<\/td>\n<\/tr>\n<tr>\n<td><strong>ON\/OFF taster<\/strong><\/td>\n<td>Ne<\/td>\n<\/tr>\n<\/tbody>\n<\/table>","protected":false},"excerpt":{"rendered":"<p>Jednopolni prekidac za svetlost.(foto prekidac) Tehni\u010dke specifikacije: Naziv modela Finder 10.51.8.230.0000 Proizvo\u0111a\u010d Finder Kontakt konfiguracija 1 preklopni Tip kontakata 1NO<\/p>","protected":false},"featured_media":31240,"template":"","meta":[],"product_brand":[114],"product_cat":[30,91,76],"product_tag":[119],"class_list":{"0":"post-31239","1":"product","2":"type-product","3":"status-publish","4":"has-post-thumbnail","6":"product_brand-finder","7":"product_cat-industrijski-senzori","8":"product_cat-fotoelektricni","9":"product_cat-releji","10":"product_tag-finder","12":"first","13":"instock","14":"taxable","15":"shipping-taxable","16":"purchasable","17":"product-type-simple"},"_links":{"self":[{"href":"https:\/\/gliki.at\/de\/wp-json\/wp\/v2\/product\/31239","targetHints":{"allow":["GET"]}}],"collection":[{"href":"https:\/\/gliki.at\/de\/wp-json\/wp\/v2\/product"}],"about":[{"href":"https:\/\/gliki.at\/de\/wp-json\/wp\/v2\/types\/product"}],"version-history":[{"count":6,"href":"https:\/\/gliki.at\/de\/wp-json\/wp\/v2\/product\/31239\/revisions"}],"predecessor-version":[{"id":31944,"href":"https:\/\/gliki.at\/de\/wp-json\/wp\/v2\/product\/31239\/revisions\/31944"}],"wp:featuredmedia":[{"embeddable":true,"href":"https:\/\/gliki.at\/de\/wp-json\/wp\/v2\/media\/31240"}],"wp:attachment":[{"href":"https:\/\/gliki.at\/de\/wp-json\/wp\/v2\/media?parent=31239"}],"wp:term":[{"taxonomy":"product_brand","embeddable":true,"href":"https:\/\/gliki.at\/de\/wp-json\/wp\/v2\/product_brand?post=31239"},{"taxonomy":"product_cat","embeddable":true,"href":"https:\/\/gliki.at\/de\/wp-json\/wp\/v2\/product_cat?post=31239"},{"taxonomy":"product_tag","embeddable":true,"href":"https:\/\/gliki.at\/de\/wp-json\/wp\/v2\/product_tag?post=31239"}],"curies":[{"name":"wp","href":"https:\/\/api.w.org\/{rel}","templated":true}]}}