{"id":31306,"date":"2025-06-02T14:17:09","date_gmt":"2025-06-02T12:17:09","guid":{"rendered":"https:\/\/gliki.at\/?post_type=product&#038;p=31306"},"modified":"2025-08-05T15:10:54","modified_gmt":"2025-08-05T13:10:54","slug":"finder-20-23-8-230-0000-industrijski-potrosni-relej","status":"publish","type":"product","link":"https:\/\/gliki.at\/de\/shop\/releji\/finder-20-23-8-230-0000-industrijski-potrosni-relej\/","title":{"rendered":"Finder modularni step relej 20.23.8.012.0000"},"content":{"rendered":"<p>Opis proizvoda:<\/p>\n<p>Finder relej 20.23.8.012.0000 je kvalitetan elektromehani\u010dki relej dizajniran za industrijsku upotrebu u sistemima automatizacije, kontrole i signalizacije. Opremljen je mehani\u010dkim indikatorom polo\u017eaja kontakta, \u00a0i ON\/OFF tasterom za ru\u010dno upravljanje, \u0161to omogu\u0107ava jednostavno testiranje bez dodatne opreme. Zahvaljuju\u0107i kontaktima izra\u0111enim od AgNi legure i podr\u0161ci za AC napajanje, ovaj relej obezbe\u0111uje dugotrajan i pouzdan rad pri optere\u0107enjima do 16 A.<\/p>\n<p>Tehni\u010dke specifikacije:<\/p>\n<p>Naziv modela Finder 20.23.9.012.0000<br \/>\nProizvo\u0111a\u010d Finder<br \/>\nKontakt konfiguracija 2 preklopna kontakta<br \/>\nTip kontakata 1NO + 1NC<br \/>\nMaterijal kontakata AgNi (srebrno-niklovana legura)<br \/>\nRadni napon zavojnice\u00a0 AC 12 V<br \/>\nTip napajanja AC<br \/>\nMaksimalna struja \u00a016 A<br \/>\nLED indikator Ne<br \/>\nMehani\u010dki indikator Da<br \/>\nON\/OFF taster Da<\/p>","protected":false},"excerpt":{"rendered":"<p>Industrijski elektromehani\u010dki relej sa LED i mehani\u010dkim indikatorom i ON\/OFF tasterom, namenjen za pouzdano upravljanje u automatizovanim sistemima.<\/p>","protected":false},"featured_media":31307,"template":"","meta":[],"product_brand":[114],"product_cat":[76],"product_tag":[119],"class_list":{"0":"post-31306","1":"product","2":"type-product","3":"status-publish","4":"has-post-thumbnail","6":"product_brand-finder","7":"product_cat-releji","8":"product_tag-finder","10":"first","11":"instock","12":"taxable","13":"shipping-taxable","14":"product-type-simple"},"_links":{"self":[{"href":"https:\/\/gliki.at\/de\/wp-json\/wp\/v2\/product\/31306","targetHints":{"allow":["GET"]}}],"collection":[{"href":"https:\/\/gliki.at\/de\/wp-json\/wp\/v2\/product"}],"about":[{"href":"https:\/\/gliki.at\/de\/wp-json\/wp\/v2\/types\/product"}],"version-history":[{"count":8,"href":"https:\/\/gliki.at\/de\/wp-json\/wp\/v2\/product\/31306\/revisions"}],"predecessor-version":[{"id":33333,"href":"https:\/\/gliki.at\/de\/wp-json\/wp\/v2\/product\/31306\/revisions\/33333"}],"wp:featuredmedia":[{"embeddable":true,"href":"https:\/\/gliki.at\/de\/wp-json\/wp\/v2\/media\/31307"}],"wp:attachment":[{"href":"https:\/\/gliki.at\/de\/wp-json\/wp\/v2\/media?parent=31306"}],"wp:term":[{"taxonomy":"product_brand","embeddable":true,"href":"https:\/\/gliki.at\/de\/wp-json\/wp\/v2\/product_brand?post=31306"},{"taxonomy":"product_cat","embeddable":true,"href":"https:\/\/gliki.at\/de\/wp-json\/wp\/v2\/product_cat?post=31306"},{"taxonomy":"product_tag","embeddable":true,"href":"https:\/\/gliki.at\/de\/wp-json\/wp\/v2\/product_tag?post=31306"}],"curies":[{"name":"wp","href":"https:\/\/api.w.org\/{rel}","templated":true}]}}