{"id":31424,"date":"2025-06-03T09:42:47","date_gmt":"2025-06-03T07:42:47","guid":{"rendered":"https:\/\/gliki.at\/?post_type=product&#038;p=31424"},"modified":"2025-06-04T19:13:25","modified_gmt":"2025-06-04T17:13:25","slug":"finder-71-91-8-230-0300-impulsni-relej","status":"publish","type":"product","link":"https:\/\/gliki.at\/de\/shop\/kontaktori\/finder-71-91-8-230-0300-impulsni-relej\/","title":{"rendered":"Finder 71.91.8.230.0300 temperaturni relej sa termistorom"},"content":{"rendered":"<p>Finder temperaturni relej 71.91.8.230.0300 omogu\u0107ava nadzor temperature pomo\u0107u PTC termistora i namenjen je za upotrebu u industrijskim aplikacijama koje zahtevaju pouzdanu termalnu za\u0161titu. Relej detektuje previsoku temperaturu putem PTC senzora i reaguje zatvaranjem SPST-NO kontakta.<\/p>\n<p>Pored standardne funkcije detekcije temperature, ure\u0111aj prepoznaje i kvarove poput kratkog spoja ili prekida PTC senzora, \u010dime dodatno osigurava pouzdanost sistema. Kompatibilan je sa PTC sondama prema DIN 44081\/44082 standardima.<\/p>\n<p>Idealan je za za\u0161titu elektromotora, transformatora i drugih termi\u010dki osetljivih komponenti.<\/p>\n<p>Specifikacije:<br \/>\nProizvo\u0111a\u010d: Finder<\/p>\n<p>Model: 71.91.8.230.0300<\/p>\n<p>Funkcija: Temperaturni relej sa termistorom (PTC)<\/p>\n<p>Kontakt: 1 pol, normalno otvoren (SPST-NO)<\/p>\n<p>Napajanje:\u00a0 230V AC<\/p>\n<p>Detekcija temperature: PTC senzor (DIN 44081\/44082)<\/p>\n<p>Funkcije za\u0161tite:<\/p>\n<p>Detekcija previsoke temperature<\/p>\n<p>Detekcija kratkog spoja PTC senzora<\/p>\n<p>Detekcija prekida \u017eice PTC senzora<\/p>\n<p>Monta\u017ea: DIN \u0161ina 35 mm<\/p>\n<p>Dimenzije: Kompaktno DIN ku\u0107i\u0161te<\/p>\n<p>Primena: Industrijska automatizacija, za\u0161tita motora, HVAC sistemi<\/p>","protected":false},"excerpt":{"rendered":"<p>Industrijski temperaturni relej sa PTC senzorom, namenjen za preciznu za\u0161titu i nadzor temperature u elektri\u010dnim i industrijskim sistemima.<\/p>","protected":false},"featured_media":31425,"template":"","meta":[],"product_brand":[114],"product_cat":[81],"product_tag":[119],"class_list":{"0":"post-31424","1":"product","2":"type-product","3":"status-publish","4":"has-post-thumbnail","6":"product_brand-finder","7":"product_cat-kontaktori","8":"product_tag-finder","10":"first","11":"instock","12":"taxable","13":"shipping-taxable","14":"product-type-simple"},"_links":{"self":[{"href":"https:\/\/gliki.at\/de\/wp-json\/wp\/v2\/product\/31424","targetHints":{"allow":["GET"]}}],"collection":[{"href":"https:\/\/gliki.at\/de\/wp-json\/wp\/v2\/product"}],"about":[{"href":"https:\/\/gliki.at\/de\/wp-json\/wp\/v2\/types\/product"}],"version-history":[{"count":4,"href":"https:\/\/gliki.at\/de\/wp-json\/wp\/v2\/product\/31424\/revisions"}],"predecessor-version":[{"id":31525,"href":"https:\/\/gliki.at\/de\/wp-json\/wp\/v2\/product\/31424\/revisions\/31525"}],"wp:featuredmedia":[{"embeddable":true,"href":"https:\/\/gliki.at\/de\/wp-json\/wp\/v2\/media\/31425"}],"wp:attachment":[{"href":"https:\/\/gliki.at\/de\/wp-json\/wp\/v2\/media?parent=31424"}],"wp:term":[{"taxonomy":"product_brand","embeddable":true,"href":"https:\/\/gliki.at\/de\/wp-json\/wp\/v2\/product_brand?post=31424"},{"taxonomy":"product_cat","embeddable":true,"href":"https:\/\/gliki.at\/de\/wp-json\/wp\/v2\/product_cat?post=31424"},{"taxonomy":"product_tag","embeddable":true,"href":"https:\/\/gliki.at\/de\/wp-json\/wp\/v2\/product_tag?post=31424"}],"curies":[{"name":"wp","href":"https:\/\/api.w.org\/{rel}","templated":true}]}}