{"id":31442,"date":"2025-06-03T10:35:37","date_gmt":"2025-06-03T08:35:37","guid":{"rendered":"https:\/\/gliki.at\/?post_type=product&#038;p=31442"},"modified":"2025-08-05T14:40:06","modified_gmt":"2025-08-05T12:40:06","slug":"hd30-22awg-200","status":"publish","type":"product","link":"https:\/\/gliki.at\/de\/shop\/kablovi-za-programiranje\/hd30-22awg-200\/","title":{"rendered":"Fatek HD30-22AWG-200"},"content":{"rendered":"<p>HD30-22AWG-200 je visokokvalitetan kabl dizajniran za pouzdane elektri\u010dne veze u industrijskim i tehni\u010dkim aplikacijama. Sa provodnikom debljine 22 AWG i du\u017einom od 200 cm, ovaj kabl nudi optimalnu fleksibilnost i otpornost na mehani\u010dka o\u0161te\u0107enja.<\/p>\n<p>Izra\u0111en od kvalitetnih materijala, HD30 kabl je pogodan za povezivanje senzora, aktuatora i drugih komponenti gde je potrebna stabilna i dugotrajna veza. Njegova konstrukcija garantuje dobru provodljivost i sigurnost u radu, \u010dak i u zahtevnim uslovima.<\/p>\n<p>Specifikacije:<br \/>\nModel: HD30-22AWG-200<\/p>\n<p>Tip kabla: HD30<\/p>\n<p>Debljina provodnika: 22 AWG<\/p>\n<p>Du\u017eina: 200 cm (2 metra)<\/p>\n<p>Namena: Industrijske elektri\u010dne veze, povezivanje senzora i aktuatora<\/p>\n<p>Materijal izolacije: PVC \/ Specifikacija zavisi od modela<\/p>\n<p>Otpornost: Otporan na savijanje i mehani\u010dka o\u0161te\u0107enja<\/p>\n<p>&nbsp;<\/p>\n<p>&nbsp;<\/p>\n<p>&nbsp;<\/p>","protected":false},"excerpt":{"rendered":"<p>Kabl visokog kvaliteta HD30 sa provodnikom 22 AWG i du\u017einom od 2 metra, idealan za precizne elektri\u010dne veze i industrijsku upotrebu.<\/p>","protected":false},"featured_media":31443,"template":"","meta":[],"product_brand":[111],"product_cat":[108],"product_tag":[120],"class_list":{"0":"post-31442","1":"product","2":"type-product","3":"status-publish","4":"has-post-thumbnail","6":"product_brand-fatek","7":"product_cat-kablovi-za-programiranje","8":"product_tag-fatek","10":"first","11":"instock","12":"taxable","13":"shipping-taxable","14":"product-type-simple"},"_links":{"self":[{"href":"https:\/\/gliki.at\/de\/wp-json\/wp\/v2\/product\/31442","targetHints":{"allow":["GET"]}}],"collection":[{"href":"https:\/\/gliki.at\/de\/wp-json\/wp\/v2\/product"}],"about":[{"href":"https:\/\/gliki.at\/de\/wp-json\/wp\/v2\/types\/product"}],"version-history":[{"count":4,"href":"https:\/\/gliki.at\/de\/wp-json\/wp\/v2\/product\/31442\/revisions"}],"predecessor-version":[{"id":33329,"href":"https:\/\/gliki.at\/de\/wp-json\/wp\/v2\/product\/31442\/revisions\/33329"}],"wp:featuredmedia":[{"embeddable":true,"href":"https:\/\/gliki.at\/de\/wp-json\/wp\/v2\/media\/31443"}],"wp:attachment":[{"href":"https:\/\/gliki.at\/de\/wp-json\/wp\/v2\/media?parent=31442"}],"wp:term":[{"taxonomy":"product_brand","embeddable":true,"href":"https:\/\/gliki.at\/de\/wp-json\/wp\/v2\/product_brand?post=31442"},{"taxonomy":"product_cat","embeddable":true,"href":"https:\/\/gliki.at\/de\/wp-json\/wp\/v2\/product_cat?post=31442"},{"taxonomy":"product_tag","embeddable":true,"href":"https:\/\/gliki.at\/de\/wp-json\/wp\/v2\/product_tag?post=31442"}],"curies":[{"name":"wp","href":"https:\/\/api.w.org\/{rel}","templated":true}]}}