{"id":31496,"date":"2025-06-04T11:47:23","date_gmt":"2025-06-04T09:47:23","guid":{"rendered":"https:\/\/gliki.at\/?post_type=product&#038;p=31496"},"modified":"2025-06-04T17:45:45","modified_gmt":"2025-06-04T15:45:45","slug":"fatek-fbs-bpep-oled-displej-za-plc","status":"publish","type":"product","link":"https:\/\/gliki.at\/de\/shop\/plc-kontroleri\/periferije\/fatek-fbs-bpep-oled-displej-za-plc\/","title":{"rendered":"Fatek FBs-BPEP \u2013 OLED displej za PLC"},"content":{"rendered":"<p>FBs-BPEP je grafi\u010dki OLED displej rezolucije 128&#215;64 piksela, namenjen za ugradnju u prednji panel FATEK PLC ure\u0111aja. Omogu\u0107ava pregled i pode\u0161avanje parametara sistema preko \u0161est tastera. Softver PEP Designer koristi se za jednostavno kreiranje i prilago\u0111avanje menija. Instalacija je brza i laka, a ure\u0111aj pru\u017ea lokalnu vizualizaciju i kontrolu bez potrebe za dodatnim HMI.<\/p>\n<p>Osnovne specifikacije:<\/p>\n<p>Tip displeja: OLED grafi\u010dki<\/p>\n<p>Rezolucija: 128 x 64 piksela<\/p>\n<p>Broj tastera: 6 fizi\u010dkih tastera<\/p>\n<p>Kompatibilnost: Serija PLC ure\u0111aja<\/p>","protected":false},"excerpt":{"rendered":"<p>Fatek FBs-BPEP je kompaktni OLED displej za PLC ure\u0111aje serije FBs, koji omogu\u0107ava jasan prikaz podataka i parametara sistema.<\/p>","protected":false},"featured_media":31497,"template":"","meta":[],"product_brand":[111],"product_cat":[43,95,54],"product_tag":[120],"class_list":{"0":"post-31496","1":"product","2":"type-product","3":"status-publish","4":"has-post-thumbnail","6":"product_brand-fatek","7":"product_cat-plc-kontroleri","8":"product_cat-periferije","9":"product_cat-touch-paneli","10":"product_tag-fatek","12":"first","13":"instock","14":"taxable","15":"shipping-taxable","16":"product-type-simple"},"_links":{"self":[{"href":"https:\/\/gliki.at\/de\/wp-json\/wp\/v2\/product\/31496","targetHints":{"allow":["GET"]}}],"collection":[{"href":"https:\/\/gliki.at\/de\/wp-json\/wp\/v2\/product"}],"about":[{"href":"https:\/\/gliki.at\/de\/wp-json\/wp\/v2\/types\/product"}],"version-history":[{"count":1,"href":"https:\/\/gliki.at\/de\/wp-json\/wp\/v2\/product\/31496\/revisions"}],"predecessor-version":[{"id":31498,"href":"https:\/\/gliki.at\/de\/wp-json\/wp\/v2\/product\/31496\/revisions\/31498"}],"wp:featuredmedia":[{"embeddable":true,"href":"https:\/\/gliki.at\/de\/wp-json\/wp\/v2\/media\/31497"}],"wp:attachment":[{"href":"https:\/\/gliki.at\/de\/wp-json\/wp\/v2\/media?parent=31496"}],"wp:term":[{"taxonomy":"product_brand","embeddable":true,"href":"https:\/\/gliki.at\/de\/wp-json\/wp\/v2\/product_brand?post=31496"},{"taxonomy":"product_cat","embeddable":true,"href":"https:\/\/gliki.at\/de\/wp-json\/wp\/v2\/product_cat?post=31496"},{"taxonomy":"product_tag","embeddable":true,"href":"https:\/\/gliki.at\/de\/wp-json\/wp\/v2\/product_tag?post=31496"}],"curies":[{"name":"wp","href":"https:\/\/api.w.org\/{rel}","templated":true}]}}