{"id":32280,"date":"2025-07-04T11:51:00","date_gmt":"2025-07-04T09:51:00","guid":{"rendered":"https:\/\/gliki.at\/?post_type=product&#038;p=32280"},"modified":"2025-07-22T11:52:36","modified_gmt":"2025-07-22T09:52:36","slug":"fatek-m04da-4-kanalni-analogni-izlazni-modul-za-fatek-plc-automatizaciju","status":"publish","type":"product","link":"https:\/\/gliki.at\/de\/shop\/plc-kontroleri\/periferije\/fatek-m04da-4-kanalni-analogni-izlazni-modul-za-fatek-plc-automatizaciju\/","title":{"rendered":"Fatek M04DA- Analogni I\/O Modul"},"content":{"rendered":"<p>Pro\u0161irenje za Fatek M seriju PLC kontrolera omogu\u0107ava pouzdano \u0161irenje I\/O kapaciteta uz minimalnu latenciju signala. Kompatibilno sa osnovnim jedinicama, namenjeno za kompleksne automatizovane sisteme koji zahtevaju skalabilnost, preciznost i integraciju sa savremenim komunikacionim protokolima.<\/p>","protected":false},"excerpt":{"rendered":"<p>Pro\u0161irenje za Fatek M seriju PLC kontrolera<\/p>","protected":false},"featured_media":32281,"template":"","meta":[],"product_brand":[111],"product_cat":[43,95],"product_tag":[],"class_list":{"0":"post-32280","1":"product","2":"type-product","3":"status-publish","4":"has-post-thumbnail","6":"product_brand-fatek","7":"product_cat-plc-kontroleri","8":"product_cat-periferije","10":"first","11":"instock","12":"taxable","13":"shipping-taxable","14":"purchasable","15":"product-type-simple"},"_links":{"self":[{"href":"https:\/\/gliki.at\/de\/wp-json\/wp\/v2\/product\/32280","targetHints":{"allow":["GET"]}}],"collection":[{"href":"https:\/\/gliki.at\/de\/wp-json\/wp\/v2\/product"}],"about":[{"href":"https:\/\/gliki.at\/de\/wp-json\/wp\/v2\/types\/product"}],"version-history":[{"count":4,"href":"https:\/\/gliki.at\/de\/wp-json\/wp\/v2\/product\/32280\/revisions"}],"predecessor-version":[{"id":32723,"href":"https:\/\/gliki.at\/de\/wp-json\/wp\/v2\/product\/32280\/revisions\/32723"}],"wp:featuredmedia":[{"embeddable":true,"href":"https:\/\/gliki.at\/de\/wp-json\/wp\/v2\/media\/32281"}],"wp:attachment":[{"href":"https:\/\/gliki.at\/de\/wp-json\/wp\/v2\/media?parent=32280"}],"wp:term":[{"taxonomy":"product_brand","embeddable":true,"href":"https:\/\/gliki.at\/de\/wp-json\/wp\/v2\/product_brand?post=32280"},{"taxonomy":"product_cat","embeddable":true,"href":"https:\/\/gliki.at\/de\/wp-json\/wp\/v2\/product_cat?post=32280"},{"taxonomy":"product_tag","embeddable":true,"href":"https:\/\/gliki.at\/de\/wp-json\/wp\/v2\/product_tag?post=32280"}],"curies":[{"name":"wp","href":"https:\/\/api.w.org\/{rel}","templated":true}]}}