{"id":32294,"date":"2025-07-04T12:11:19","date_gmt":"2025-07-04T10:11:19","guid":{"rendered":"https:\/\/gliki.at\/?post_type=product&#038;p=32294"},"modified":"2025-07-22T11:40:08","modified_gmt":"2025-07-22T09:40:08","slug":"fatek-m16yt-16-kanalni-tranzistorski-izlazni-modul-za-fatek-plc-sisteme","status":"publish","type":"product","link":"https:\/\/gliki.at\/de\/shop\/plc-kontroleri\/periferije\/fatek-m16yt-16-kanalni-tranzistorski-izlazni-modul-za-fatek-plc-sisteme\/","title":{"rendered":"Fatek M16YT- Digitalni Ulazno\/Izlazni Modul za Industrijsku Automatizaciju"},"content":{"rendered":"<p>Fatek\u00a0 M16YT digitalni I\/O modul omogu\u0107ava precizno i pouzdano upravljanje digitalnim signalima u automatizacionim sistemima, idealan za industrijsku primenu.<\/p>","protected":false},"excerpt":{"rendered":"<p>Fatek M16YT \u00a0digitalni ulazno\/izlazni modul pru\u017ea fleksibilno i efikasno pro\u0161irenje za PLC sisteme, omogu\u0107avaju\u0107i pouzdanu obradu digitalnih signala u industrijskoj automatizaciji.<\/p>","protected":false},"featured_media":32295,"template":"","meta":[],"product_brand":[111],"product_cat":[43,95],"product_tag":[],"class_list":{"0":"post-32294","1":"product","2":"type-product","3":"status-publish","4":"has-post-thumbnail","6":"product_brand-fatek","7":"product_cat-plc-kontroleri","8":"product_cat-periferije","10":"first","11":"instock","12":"taxable","13":"shipping-taxable","14":"purchasable","15":"product-type-simple"},"_links":{"self":[{"href":"https:\/\/gliki.at\/de\/wp-json\/wp\/v2\/product\/32294","targetHints":{"allow":["GET"]}}],"collection":[{"href":"https:\/\/gliki.at\/de\/wp-json\/wp\/v2\/product"}],"about":[{"href":"https:\/\/gliki.at\/de\/wp-json\/wp\/v2\/types\/product"}],"version-history":[{"count":6,"href":"https:\/\/gliki.at\/de\/wp-json\/wp\/v2\/product\/32294\/revisions"}],"predecessor-version":[{"id":32719,"href":"https:\/\/gliki.at\/de\/wp-json\/wp\/v2\/product\/32294\/revisions\/32719"}],"wp:featuredmedia":[{"embeddable":true,"href":"https:\/\/gliki.at\/de\/wp-json\/wp\/v2\/media\/32295"}],"wp:attachment":[{"href":"https:\/\/gliki.at\/de\/wp-json\/wp\/v2\/media?parent=32294"}],"wp:term":[{"taxonomy":"product_brand","embeddable":true,"href":"https:\/\/gliki.at\/de\/wp-json\/wp\/v2\/product_brand?post=32294"},{"taxonomy":"product_cat","embeddable":true,"href":"https:\/\/gliki.at\/de\/wp-json\/wp\/v2\/product_cat?post=32294"},{"taxonomy":"product_tag","embeddable":true,"href":"https:\/\/gliki.at\/de\/wp-json\/wp\/v2\/product_tag?post=32294"}],"curies":[{"name":"wp","href":"https:\/\/api.w.org\/{rel}","templated":true}]}}