{"id":32331,"date":"2025-07-04T12:41:29","date_gmt":"2025-07-04T10:41:29","guid":{"rendered":"https:\/\/gliki.at\/?post_type=product&#038;p=32331"},"modified":"2025-07-22T11:23:47","modified_gmt":"2025-07-22T09:23:47","slug":"fatek-mc0en-ethernet-komunikacioni-modul-za-fatek-plc-sisteme","status":"publish","type":"product","link":"https:\/\/gliki.at\/de\/shop\/plc-kontroleri\/cpu\/fatek-mc0en-ethernet-komunikacioni-modul-za-fatek-plc-sisteme\/","title":{"rendered":"Fatek MC0MN \u2013 Interfejs Modul za Industrijsku Automatizaciju"},"content":{"rendered":"<p>Fatek MC0MN interfejs modul omogu\u0107ava pouzdanu i efikasnu komunikaciju izme\u0111u PLC sistema i razli\u010ditih industrijskih mre\u017ea, olak\u0161avaju\u0107i integraciju i upravljanje automatizacijom u slo\u017eenim procesima.<\/p>","protected":false},"excerpt":{"rendered":"<p>Fatek MC0MN interfejs modul pru\u017ea stabilnu i sigurnu vezu izme\u0111u automatizacionih ure\u0111aja, omogu\u0107avaju\u0107i fleksibilnu integraciju i optimizaciju industrijskih kontrolnih sistema.<\/p>","protected":false},"featured_media":32332,"template":"","meta":[],"product_brand":[111],"product_cat":[43,94],"product_tag":[],"class_list":{"0":"post-32331","1":"product","2":"type-product","3":"status-publish","4":"has-post-thumbnail","6":"product_brand-fatek","7":"product_cat-plc-kontroleri","8":"product_cat-cpu","10":"first","11":"instock","12":"taxable","13":"shipping-taxable","14":"purchasable","15":"product-type-simple"},"_links":{"self":[{"href":"https:\/\/gliki.at\/de\/wp-json\/wp\/v2\/product\/32331","targetHints":{"allow":["GET"]}}],"collection":[{"href":"https:\/\/gliki.at\/de\/wp-json\/wp\/v2\/product"}],"about":[{"href":"https:\/\/gliki.at\/de\/wp-json\/wp\/v2\/types\/product"}],"version-history":[{"count":5,"href":"https:\/\/gliki.at\/de\/wp-json\/wp\/v2\/product\/32331\/revisions"}],"predecessor-version":[{"id":32715,"href":"https:\/\/gliki.at\/de\/wp-json\/wp\/v2\/product\/32331\/revisions\/32715"}],"wp:featuredmedia":[{"embeddable":true,"href":"https:\/\/gliki.at\/de\/wp-json\/wp\/v2\/media\/32332"}],"wp:attachment":[{"href":"https:\/\/gliki.at\/de\/wp-json\/wp\/v2\/media?parent=32331"}],"wp:term":[{"taxonomy":"product_brand","embeddable":true,"href":"https:\/\/gliki.at\/de\/wp-json\/wp\/v2\/product_brand?post=32331"},{"taxonomy":"product_cat","embeddable":true,"href":"https:\/\/gliki.at\/de\/wp-json\/wp\/v2\/product_cat?post=32331"},{"taxonomy":"product_tag","embeddable":true,"href":"https:\/\/gliki.at\/de\/wp-json\/wp\/v2\/product_tag?post=32331"}],"curies":[{"name":"wp","href":"https:\/\/api.w.org\/{rel}","templated":true}]}}