{"id":32337,"date":"2025-07-04T12:43:23","date_gmt":"2025-07-04T10:43:23","guid":{"rendered":"https:\/\/gliki.at\/?post_type=product&#038;p=32337"},"modified":"2025-07-22T11:18:50","modified_gmt":"2025-07-22T09:18:50","slug":"fatek-mhcm55-napredni-modul-za-upravljanje-pokretima-za-fatek-plc-sisteme","status":"publish","type":"product","link":"https:\/\/gliki.at\/de\/shop\/plc-kontroleri\/periferije\/fatek-mhcm55-napredni-modul-za-upravljanje-pokretima-za-fatek-plc-sisteme\/","title":{"rendered":"Fatek MHCM55 \u2013 Komunikacioni Modul za Industrijsku Automatizaciju"},"content":{"rendered":"<p>Fatek MHCM55 je komunikacioni modul dizajniran za pouzdanu i efikasnu integraciju PLC sistema sa razli\u010ditim industrijskim mre\u017eama, omogu\u0107avaju\u0107i stabilnu razmenu podataka i naprednu kontrolu automatizacije.<\/p>","protected":false},"excerpt":{"rendered":"<p>Fatek MHCM55 komunikacioni modul omogu\u0107ava fleksibilnu i sigurnu povezivost izme\u0111u industrijskih ure\u0111aja, podr\u017eavaju\u0107i razli\u010dite protokole za efikasnu automatizaciju i upravljanje podacima.<\/p>","protected":false},"featured_media":32338,"template":"","meta":[],"product_brand":[111],"product_cat":[43,95],"product_tag":[],"class_list":{"0":"post-32337","1":"product","2":"type-product","3":"status-publish","4":"has-post-thumbnail","6":"product_brand-fatek","7":"product_cat-plc-kontroleri","8":"product_cat-periferije","10":"first","11":"instock","12":"taxable","13":"shipping-taxable","14":"purchasable","15":"product-type-simple"},"_links":{"self":[{"href":"https:\/\/gliki.at\/de\/wp-json\/wp\/v2\/product\/32337","targetHints":{"allow":["GET"]}}],"collection":[{"href":"https:\/\/gliki.at\/de\/wp-json\/wp\/v2\/product"}],"about":[{"href":"https:\/\/gliki.at\/de\/wp-json\/wp\/v2\/types\/product"}],"version-history":[{"count":5,"href":"https:\/\/gliki.at\/de\/wp-json\/wp\/v2\/product\/32337\/revisions"}],"predecessor-version":[{"id":32713,"href":"https:\/\/gliki.at\/de\/wp-json\/wp\/v2\/product\/32337\/revisions\/32713"}],"wp:featuredmedia":[{"embeddable":true,"href":"https:\/\/gliki.at\/de\/wp-json\/wp\/v2\/media\/32338"}],"wp:attachment":[{"href":"https:\/\/gliki.at\/de\/wp-json\/wp\/v2\/media?parent=32337"}],"wp:term":[{"taxonomy":"product_brand","embeddable":true,"href":"https:\/\/gliki.at\/de\/wp-json\/wp\/v2\/product_brand?post=32337"},{"taxonomy":"product_cat","embeddable":true,"href":"https:\/\/gliki.at\/de\/wp-json\/wp\/v2\/product_cat?post=32337"},{"taxonomy":"product_tag","embeddable":true,"href":"https:\/\/gliki.at\/de\/wp-json\/wp\/v2\/product_tag?post=32337"}],"curies":[{"name":"wp","href":"https:\/\/api.w.org\/{rel}","templated":true}]}}