{"id":32736,"date":"2025-07-22T20:08:00","date_gmt":"2025-07-22T18:08:00","guid":{"rendered":"https:\/\/gliki.at\/?post_type=product&#038;p=32736"},"modified":"2025-07-22T20:22:07","modified_gmt":"2025-07-22T18:22:07","slug":"sfera-prenosivi-radioupravljac-za-nosenje-oko-struka","status":"publish","type":"product","link":"https:\/\/gliki.at\/de\/shop\/radio-komande\/sfera-prenosivi-radioupravljac-za-nosenje-oko-struka\/","title":{"rendered":"SFERA prenosivi radioupravlja\u010d za no\u0161enje oko struka"},"content":{"rendered":"<p>Industrijski sigurnosni radioupravlja\u010d (be\u017ei\u010dno upravljanje) SFERA ima iste karakteristike kao model PUNTO, iako je ne\u0161to ve\u0107i<br \/>\nkako bi mogao da sadr\u017ei 3 uklju\u010deno\/isklju\u010deno d\u017eojstika (jednoosna ili dvoosna) ili 3 proporcionalna d\u017eojstika, odnosno 6 jednoosnih,<br \/>\n5 prekida\u010da, uklonjiv klju\u010d za aktivaciju i taster za hitno zaustavljanje.<br \/>\nPrenosiva stanica mo\u017ee se prilagoditi potrebama korisnika.<br \/>\nNapaja se pomo\u0107u zamenljive baterije sa posebnim punja\u010dem.<\/p>\n<p>Koristi se za daljinsko upravljanje septi\u010dkim pumpama, raspr\u0161iva\u010dima pra\u0161ine, kompaktnim presama, ma\u0161inama za kamenolome, testerama, mlinovima,<br \/>\nma\u0161inama za prosejavanje, transporterima, ru\u0161ilicama, bu\u0161ilicama, tunelskim ma\u0161inama, \u0161lep vozilima, pokretnim kamionima za hranu ili prodaju,<br \/>\nplatformama za utovar, tornjevskim i samopodiznim kranovima, kontejnerskim kamionima, dizalicama sa kukom, mostnim kranovima, grednim kranovima,<br \/>\ntrono\u017enim kranovima, zastavastim kranovima, hidrauli\u010dnim kranovima za kamione, mobilnim kranovima, radnim platformama, u industrijskim procesima i logistici.<\/p>","protected":false},"excerpt":{"rendered":"<p>SFERA je be\u017ei\u010dni industrijski radioupravlja\u010d ve\u0107eg kapaciteta, idealan za daljinsko upravljanje ma\u0161inama, kranovima i industrijskim procesima. Prilagodljiv prema zahtevima korisnika.<\/p>","protected":false},"featured_media":32737,"template":"","meta":[],"product_brand":[150],"product_cat":[21],"product_tag":[],"class_list":{"0":"post-32736","1":"product","2":"type-product","3":"status-publish","4":"has-post-thumbnail","6":"product_brand-elca","7":"product_cat-radio-komande","9":"first","10":"instock","11":"taxable","12":"shipping-taxable","13":"purchasable","14":"product-type-simple"},"_links":{"self":[{"href":"https:\/\/gliki.at\/de\/wp-json\/wp\/v2\/product\/32736","targetHints":{"allow":["GET"]}}],"collection":[{"href":"https:\/\/gliki.at\/de\/wp-json\/wp\/v2\/product"}],"about":[{"href":"https:\/\/gliki.at\/de\/wp-json\/wp\/v2\/types\/product"}],"version-history":[{"count":2,"href":"https:\/\/gliki.at\/de\/wp-json\/wp\/v2\/product\/32736\/revisions"}],"predecessor-version":[{"id":32754,"href":"https:\/\/gliki.at\/de\/wp-json\/wp\/v2\/product\/32736\/revisions\/32754"}],"wp:featuredmedia":[{"embeddable":true,"href":"https:\/\/gliki.at\/de\/wp-json\/wp\/v2\/media\/32737"}],"wp:attachment":[{"href":"https:\/\/gliki.at\/de\/wp-json\/wp\/v2\/media?parent=32736"}],"wp:term":[{"taxonomy":"product_brand","embeddable":true,"href":"https:\/\/gliki.at\/de\/wp-json\/wp\/v2\/product_brand?post=32736"},{"taxonomy":"product_cat","embeddable":true,"href":"https:\/\/gliki.at\/de\/wp-json\/wp\/v2\/product_cat?post=32736"},{"taxonomy":"product_tag","embeddable":true,"href":"https:\/\/gliki.at\/de\/wp-json\/wp\/v2\/product_tag?post=32736"}],"curies":[{"name":"wp","href":"https:\/\/api.w.org\/{rel}","templated":true}]}}