{"id":32775,"date":"2025-07-22T20:41:49","date_gmt":"2025-07-22T18:41:49","guid":{"rendered":"https:\/\/gliki.at\/?post_type=product&#038;p=32775"},"modified":"2025-07-22T20:41:49","modified_gmt":"2025-07-22T18:41:49","slug":"baterija-nimh-72v-07ah-za-elca-genie-p-i-m-radioupravljace-model-pinc-07mh","status":"publish","type":"product","link":"https:\/\/gliki.at\/de\/shop\/radio-komande\/baterija-nimh-72v-07ah-za-elca-genie-p-i-m-radioupravljace-model-pinc-07mh\/","title":{"rendered":"Baterija NiMh 7,2V 0,7Ah za ELCA GENIE P i M radioupravlja\u010de \u2013 Model PINC-07MH"},"content":{"rendered":"<p>Model: PINC-07MH baterija<br \/>\nKod: 0401BA000112<br \/>\nZamena za: 0401BA000101<br \/>\nOpis: NiMh baterija 7,2V \u2013 0,7Ah<\/p>\n<p>Kompatibilna samo sa: GENIE P, GENIE M<br \/>\nKategorija: Baterije<br \/>\nUpareni daljinski upravlja\u010di: M, P<\/p>","protected":false},"excerpt":{"rendered":"<p>Pouzdano napajanje za be\u017ei\u010dne upravlja\u010de.<\/p>","protected":false},"featured_media":32776,"template":"","meta":[],"product_brand":[150],"product_cat":[21],"product_tag":[],"class_list":{"0":"post-32775","1":"product","2":"type-product","3":"status-publish","4":"has-post-thumbnail","6":"product_brand-elca","7":"product_cat-radio-komande","9":"first","10":"instock","11":"taxable","12":"shipping-taxable","13":"purchasable","14":"product-type-simple"},"_links":{"self":[{"href":"https:\/\/gliki.at\/de\/wp-json\/wp\/v2\/product\/32775","targetHints":{"allow":["GET"]}}],"collection":[{"href":"https:\/\/gliki.at\/de\/wp-json\/wp\/v2\/product"}],"about":[{"href":"https:\/\/gliki.at\/de\/wp-json\/wp\/v2\/types\/product"}],"version-history":[{"count":1,"href":"https:\/\/gliki.at\/de\/wp-json\/wp\/v2\/product\/32775\/revisions"}],"predecessor-version":[{"id":32778,"href":"https:\/\/gliki.at\/de\/wp-json\/wp\/v2\/product\/32775\/revisions\/32778"}],"wp:featuredmedia":[{"embeddable":true,"href":"https:\/\/gliki.at\/de\/wp-json\/wp\/v2\/media\/32776"}],"wp:attachment":[{"href":"https:\/\/gliki.at\/de\/wp-json\/wp\/v2\/media?parent=32775"}],"wp:term":[{"taxonomy":"product_brand","embeddable":true,"href":"https:\/\/gliki.at\/de\/wp-json\/wp\/v2\/product_brand?post=32775"},{"taxonomy":"product_cat","embeddable":true,"href":"https:\/\/gliki.at\/de\/wp-json\/wp\/v2\/product_cat?post=32775"},{"taxonomy":"product_tag","embeddable":true,"href":"https:\/\/gliki.at\/de\/wp-json\/wp\/v2\/product_tag?post=32775"}],"curies":[{"name":"wp","href":"https:\/\/api.w.org\/{rel}","templated":true}]}}