{"id":33410,"date":"2025-08-11T13:39:22","date_gmt":"2025-08-11T11:39:22","guid":{"rendered":"https:\/\/gliki.at\/?post_type=product&#038;p=33410"},"modified":"2025-08-11T13:39:23","modified_gmt":"2025-08-11T11:39:23","slug":"stepper-drajver-2m2280n-220v-ac-8a","status":"publish","type":"product","link":"https:\/\/gliki.at\/de\/shop\/servo-drive-sistemi\/step-drive\/stepper-drajver-2m2280n-220v-ac-8a\/","title":{"rendered":"Stepper drajver 2M2280N 220V AC \/ 8A"},"content":{"rendered":"<p>Serija 2M2280N stepper drajvera pru\u017ea pobolj\u0161ane performanse dinami\u010dkog upravljanja.<br \/>\nOva serija drajvera prihvata ulazni napon od 187\\~253 V AC, sa strujom do 8 A po fazi, i korisnicima omogu\u0107ava rezoluciju do 25.600 koraka po obrtaju.<br \/>\nKao dodatnu funkciju, drajver nudi mogu\u0107nost odabira automatskog smanjenja struje, \u0161to poma\u017ee u smanjenju potro\u0161nje energije i zagrevanja motora, produ\u017eavaju\u0107i tako radni vek motora.<br \/>\nTako\u0111e, izolovani ulazi poma\u017eu u smanjenju smetnji od spoljne elektri\u010dne opreme, kao i u pobolj\u0161anju performansi.<\/p>\n<p>&nbsp;<\/p>\n<ul>\n<li>Ulazni napon: 220 V AC \u00b115% (50 Hz \/ 60 Hz)<br \/>\n(187~253 V AC)<\/li>\n<li>Za\u0161tita od prenapona: 395 V DC<\/li>\n<li>Za\u0161tita od podnapona: 200 V DC<\/li>\n<li>Na\u010din hla\u0111enja: ventilatorsko hla\u0111enje<\/li>\n<li>Radna temperatura: 0 \u00b0C do +40 \u00b0C<\/li>\n<li>Radna vla\u017enost: 85% RH<br \/>\n(bez kondenzacije ili kapljica vode)<\/li>\n<li>Te\u017eina: 1,5 kg<\/li>\n<li>Temperatura skladi\u0161tenja: -20 \u00b0C do +70 \u00b0C<\/li>\n<li>Stepen za\u0161tite: IP20<\/li>\n<\/ul>","protected":false},"excerpt":{"rendered":"<p>Serija 2M2280N stepper drajvera pru\u017ea pobolj\u0161ane performanse dinami\u010dkog upravljanja. Ova serija drajvera prihvata ulazni napon od 187\\~253 V AC, sa<\/p>","protected":false},"featured_media":33412,"template":"","meta":[],"product_brand":[155],"product_cat":[124],"product_tag":[],"class_list":{"0":"post-33410","1":"product","2":"type-product","3":"status-publish","4":"has-post-thumbnail","6":"product_brand-kinco","7":"product_cat-step-drive","9":"first","10":"instock","11":"taxable","12":"shipping-taxable","13":"purchasable","14":"product-type-simple"},"_links":{"self":[{"href":"https:\/\/gliki.at\/de\/wp-json\/wp\/v2\/product\/33410","targetHints":{"allow":["GET"]}}],"collection":[{"href":"https:\/\/gliki.at\/de\/wp-json\/wp\/v2\/product"}],"about":[{"href":"https:\/\/gliki.at\/de\/wp-json\/wp\/v2\/types\/product"}],"version-history":[{"count":1,"href":"https:\/\/gliki.at\/de\/wp-json\/wp\/v2\/product\/33410\/revisions"}],"predecessor-version":[{"id":33414,"href":"https:\/\/gliki.at\/de\/wp-json\/wp\/v2\/product\/33410\/revisions\/33414"}],"wp:featuredmedia":[{"embeddable":true,"href":"https:\/\/gliki.at\/de\/wp-json\/wp\/v2\/media\/33412"}],"wp:attachment":[{"href":"https:\/\/gliki.at\/de\/wp-json\/wp\/v2\/media?parent=33410"}],"wp:term":[{"taxonomy":"product_brand","embeddable":true,"href":"https:\/\/gliki.at\/de\/wp-json\/wp\/v2\/product_brand?post=33410"},{"taxonomy":"product_cat","embeddable":true,"href":"https:\/\/gliki.at\/de\/wp-json\/wp\/v2\/product_cat?post=33410"},{"taxonomy":"product_tag","embeddable":true,"href":"https:\/\/gliki.at\/de\/wp-json\/wp\/v2\/product_tag?post=33410"}],"curies":[{"name":"wp","href":"https:\/\/api.w.org\/{rel}","templated":true}]}}