{"id":33420,"date":"2025-08-11T13:49:28","date_gmt":"2025-08-11T11:49:28","guid":{"rendered":"https:\/\/gliki.at\/?post_type=product&#038;p=33420"},"modified":"2025-08-11T14:55:51","modified_gmt":"2025-08-11T12:55:51","slug":"kinco-2s42q-0348-step-motor-42mm-2p-1-4a-0-34nm","status":"publish","type":"product","link":"https:\/\/gliki.at\/de\/shop\/step-upravljanje\/step-motori\/kinco-2s42q-0348-step-motor-42mm-2p-1-4a-0-34nm\/","title":{"rendered":"Kinco 2S42Q-0348 step motor 42mm, 2p, 1.4A, 0.34Nm"},"content":{"rendered":"<p>&nbsp;<\/p>\n<ul>\n<li>Flan\u0161 (mm): 42<\/li>\n<li>Zadr\u017eavaju\u0107i moment (Nm): 0,34<\/li>\n<li>Ugao koraka: 1,8\u00b0<\/li>\n<li>Struja faze u seriji: 0,7 A<\/li>\n<li>Struja faze u paraleli: 1,4 A<\/li>\n<li>Broj vodi\u010da: 8<\/li>\n<li>Maksimalno aksijalno optere\u0107enje: 10 N<\/li>\n<li>Maksimalno radijalno optere\u0107enje: 28 N<\/li>\n<li>Temperatura okoline: -20 \u2103 do +50 \u2103<\/li>\n<li>Dimenzije (L; L1; D): 40 mm; 16 mm; 5 mm<\/li>\n<li>Preporu\u010deni drajveri: 2CM525; 2M412<\/li>\n<li>Te\u017eina: 0,28 kg<\/li>\n<\/ul>","protected":false},"excerpt":{"rendered":"<p>Stepper motor 42 mm flan\u0161, zadr\u017eavaju\u0107i moment 0,34 Nm, ugao koraka 1,8\u00b0, struja faze 0,7 A (serijski) \/ 1,4 A (paralelni), 8 vodi\u010da, maksimalno optere\u0107enje 10 N aksijalno i 28 N radijalno, radna temperatura -20 do +50 \u00b0C, te\u017eina 0,28 kg.<\/p>","protected":false},"featured_media":33428,"template":"","meta":[],"product_brand":[155],"product_cat":[79],"product_tag":[],"class_list":{"0":"post-33420","1":"product","2":"type-product","3":"status-publish","4":"has-post-thumbnail","6":"product_brand-kinco","7":"product_cat-step-motori","9":"first","10":"instock","11":"taxable","12":"shipping-taxable","13":"purchasable","14":"product-type-simple"},"_links":{"self":[{"href":"https:\/\/gliki.at\/de\/wp-json\/wp\/v2\/product\/33420","targetHints":{"allow":["GET"]}}],"collection":[{"href":"https:\/\/gliki.at\/de\/wp-json\/wp\/v2\/product"}],"about":[{"href":"https:\/\/gliki.at\/de\/wp-json\/wp\/v2\/types\/product"}],"version-history":[{"count":2,"href":"https:\/\/gliki.at\/de\/wp-json\/wp\/v2\/product\/33420\/revisions"}],"predecessor-version":[{"id":33427,"href":"https:\/\/gliki.at\/de\/wp-json\/wp\/v2\/product\/33420\/revisions\/33427"}],"wp:featuredmedia":[{"embeddable":true,"href":"https:\/\/gliki.at\/de\/wp-json\/wp\/v2\/media\/33428"}],"wp:attachment":[{"href":"https:\/\/gliki.at\/de\/wp-json\/wp\/v2\/media?parent=33420"}],"wp:term":[{"taxonomy":"product_brand","embeddable":true,"href":"https:\/\/gliki.at\/de\/wp-json\/wp\/v2\/product_brand?post=33420"},{"taxonomy":"product_cat","embeddable":true,"href":"https:\/\/gliki.at\/de\/wp-json\/wp\/v2\/product_cat?post=33420"},{"taxonomy":"product_tag","embeddable":true,"href":"https:\/\/gliki.at\/de\/wp-json\/wp\/v2\/product_tag?post=33420"}],"curies":[{"name":"wp","href":"https:\/\/api.w.org\/{rel}","templated":true}]}}