{"id":33460,"date":"2025-08-11T14:37:12","date_gmt":"2025-08-11T12:37:12","guid":{"rendered":"https:\/\/gliki.at\/?post_type=product&#038;p=33460"},"modified":"2025-08-11T14:55:06","modified_gmt":"2025-08-11T12:55:06","slug":"kinco-2s86q-4580-step-motor-86mm-2p-6a-4-5nm","status":"publish","type":"product","link":"https:\/\/gliki.at\/de\/shop\/step-upravljanje\/step-motori\/kinco-2s86q-4580-step-motor-86mm-2p-6a-4-5nm\/","title":{"rendered":"Kinco 2S86Q-4580 step motor 86mm, 2p, 6A, 4.5Nm"},"content":{"rendered":"<p>&nbsp;<\/p>\n<ul>\n<li>Flan\u0161 (mm): 86<\/li>\n<li>Zadr\u017eavaju\u0107i moment (Nm): 4,5<\/li>\n<li>Ugao koraka: 1,8\u00b0<\/li>\n<li>Struja faze: 6,0 A<\/li>\n<li>Broj vodi\u010da: 4<\/li>\n<li>Maksimalno aksijalno optere\u0107enje: 60 N<\/li>\n<li>Maksimalno radijalno optere\u0107enje: 220 N<\/li>\n<li>Temperatura okoline: -20 \u2103 do +50 \u2103<\/li>\n<li>Dimenzije (Du\u017eina L; Pre\u010dnik D): 80 mm; 13,0 mm<\/li>\n<li>Preporu\u010deni drajveri: 2CM0870; 2CM880; 2M1180N<\/li>\n<li>Te\u017eina: 2,3 kg<\/li>\n<\/ul>","protected":false},"excerpt":{"rendered":"<p>Kinco stepper motor 86 mm flan\u0161, zadr\u017eavaju\u0107i moment 4,5 Nm, ugao koraka 1,8\u00b0, struja faze 6,0 A, 4 vodi\u010da, maksimalno optere\u0107enje 60 N aksijalno i 220 N radijalno, radna temperatura -20 do +50 \u00b0C, dimenzije 80&#215;13 mm, te\u017eina 2,3 kg.<\/p>","protected":false},"featured_media":33461,"template":"","meta":[],"product_brand":[155],"product_cat":[79],"product_tag":[],"class_list":{"0":"post-33460","1":"product","2":"type-product","3":"status-publish","4":"has-post-thumbnail","6":"product_brand-kinco","7":"product_cat-step-motori","9":"first","10":"instock","11":"taxable","12":"shipping-taxable","13":"purchasable","14":"product-type-simple"},"_links":{"self":[{"href":"https:\/\/gliki.at\/de\/wp-json\/wp\/v2\/product\/33460","targetHints":{"allow":["GET"]}}],"collection":[{"href":"https:\/\/gliki.at\/de\/wp-json\/wp\/v2\/product"}],"about":[{"href":"https:\/\/gliki.at\/de\/wp-json\/wp\/v2\/types\/product"}],"version-history":[{"count":1,"href":"https:\/\/gliki.at\/de\/wp-json\/wp\/v2\/product\/33460\/revisions"}],"predecessor-version":[{"id":33464,"href":"https:\/\/gliki.at\/de\/wp-json\/wp\/v2\/product\/33460\/revisions\/33464"}],"wp:featuredmedia":[{"embeddable":true,"href":"https:\/\/gliki.at\/de\/wp-json\/wp\/v2\/media\/33461"}],"wp:attachment":[{"href":"https:\/\/gliki.at\/de\/wp-json\/wp\/v2\/media?parent=33460"}],"wp:term":[{"taxonomy":"product_brand","embeddable":true,"href":"https:\/\/gliki.at\/de\/wp-json\/wp\/v2\/product_brand?post=33460"},{"taxonomy":"product_cat","embeddable":true,"href":"https:\/\/gliki.at\/de\/wp-json\/wp\/v2\/product_cat?post=33460"},{"taxonomy":"product_tag","embeddable":true,"href":"https:\/\/gliki.at\/de\/wp-json\/wp\/v2\/product_tag?post=33460"}],"curies":[{"name":"wp","href":"https:\/\/api.w.org\/{rel}","templated":true}]}}