{"id":33475,"date":"2025-08-11T14:46:23","date_gmt":"2025-08-11T12:46:23","guid":{"rendered":"https:\/\/gliki.at\/?post_type=product&#038;p=33475"},"modified":"2025-08-11T14:46:23","modified_gmt":"2025-08-11T12:46:23","slug":"kinco-3m458-step-drive","status":"publish","type":"product","link":"https:\/\/gliki.at\/de\/shop\/servo-drive-sistemi\/step-drive\/kinco-3m458-step-drive\/","title":{"rendered":"Kinco 3M458 step drive"},"content":{"rendered":"<p>Serija 3M458 stepper drajvera pru\u017ea pobolj\u0161ane performanse dinami\u010dkog upravljanja. Ova serija drajvera prihvata ulazni napon od 24\\~40 V DC, sa strujom do 5,8 A po fazi, i korisnicima omogu\u0107ava rezoluciju do 10.000 koraka po obrtaju. Kao dodatnu funkciju, drajver nudi mogu\u0107nost automatskog smanjenja struje, \u0161to poma\u017ee u smanjenju potro\u0161nje energije i zagrevanja motora, produ\u017eavaju\u0107i njegov radni vek. Tako\u0111e, izolovani ulazi poma\u017eu u minimiziranju smetnji od spoljne elektri\u010dne opreme, kao i u pobolj\u0161anju performansi.<\/p>\n<p>&nbsp;<\/p>\n<p>&nbsp;<\/p>\n<ul>\n<li>Napon napajanja: 24 ~ 40 V DC<\/li>\n<li>Izlazna struja po fazi: 3,0 ~ 5,8 A<\/li>\n<li>Ulazna struja upravlja\u010dkog signala: 6 ~ 16 mA<\/li>\n<li>Na\u010din hla\u0111enja: prirodno hla\u0111enje vazduhom<\/li>\n<li>Radna temperatura: -10 \u00b0C do 45 \u00b0C<\/li>\n<li>Radna vla\u017enost: 85%<br \/>\n(bez kondenzacije ili kapljica vode)<\/li>\n<li>Te\u017eina: 0,7 kg<\/li>\n<\/ul>","protected":false},"excerpt":{"rendered":"<p>Serija 3M458 stepper drajvera pru\u017ea pobolj\u0161ane performanse dinami\u010dkog upravljanja. Ova serija drajvera prihvata ulazni napon od 24\\~40 V DC, sa<\/p>","protected":false},"featured_media":33476,"template":"","meta":[],"product_brand":[155],"product_cat":[124],"product_tag":[],"class_list":{"0":"post-33475","1":"product","2":"type-product","3":"status-publish","4":"has-post-thumbnail","6":"product_brand-kinco","7":"product_cat-step-drive","9":"first","10":"instock","11":"taxable","12":"shipping-taxable","13":"product-type-simple"},"_links":{"self":[{"href":"https:\/\/gliki.at\/de\/wp-json\/wp\/v2\/product\/33475","targetHints":{"allow":["GET"]}}],"collection":[{"href":"https:\/\/gliki.at\/de\/wp-json\/wp\/v2\/product"}],"about":[{"href":"https:\/\/gliki.at\/de\/wp-json\/wp\/v2\/types\/product"}],"version-history":[{"count":1,"href":"https:\/\/gliki.at\/de\/wp-json\/wp\/v2\/product\/33475\/revisions"}],"predecessor-version":[{"id":33479,"href":"https:\/\/gliki.at\/de\/wp-json\/wp\/v2\/product\/33475\/revisions\/33479"}],"wp:featuredmedia":[{"embeddable":true,"href":"https:\/\/gliki.at\/de\/wp-json\/wp\/v2\/media\/33476"}],"wp:attachment":[{"href":"https:\/\/gliki.at\/de\/wp-json\/wp\/v2\/media?parent=33475"}],"wp:term":[{"taxonomy":"product_brand","embeddable":true,"href":"https:\/\/gliki.at\/de\/wp-json\/wp\/v2\/product_brand?post=33475"},{"taxonomy":"product_cat","embeddable":true,"href":"https:\/\/gliki.at\/de\/wp-json\/wp\/v2\/product_cat?post=33475"},{"taxonomy":"product_tag","embeddable":true,"href":"https:\/\/gliki.at\/de\/wp-json\/wp\/v2\/product_tag?post=33475"}],"curies":[{"name":"wp","href":"https:\/\/api.w.org\/{rel}","templated":true}]}}