{"id":33509,"date":"2025-08-11T15:13:43","date_gmt":"2025-08-11T13:13:43","guid":{"rendered":"https:\/\/gliki.at\/?post_type=product&#038;p=33509"},"modified":"2025-10-07T12:30:18","modified_gmt":"2025-10-07T10:30:18","slug":"kinco-gl100e-hmi","status":"publish","type":"product","link":"https:\/\/gliki.at\/de\/shop\/hmi-paneli\/kinco-hmi-paneli\/kinco-gl100e-hmi\/","title":{"rendered":"Kinco GL100e HMI"},"content":{"rendered":"<p>Ekran: 10,1&#8243; 16:9 TFT, dimenzije: 222 mm (\u0161irina) x 125 mm (visina); 16,77 miliona boja<\/p>\n<p>Rezolucija: 1024 x 600 piksela<\/p>\n<p>Pozadinsko osvetljenje: LED, vek trajanja &gt;30.000 sati<\/p>\n<p>Osvetljenost: 400 cd\/m\u00b2<\/p>\n<p>Procesor: 32-bitni ARM RISC na 792 MHz<\/p>\n<p>Memorija: 128 MB NAND Flash + 128 MB DDR3<\/p>\n<p>Ethernet: 10\/100 MHz automatska prilagodba<\/p>\n<p>COM portovi: COM0: RS232\/RS485\/RS422; COM2: RS232<\/p>\n<p>Port za \u0161tampa\u010d: USB Host \/ serijski port<\/p>\n<p>Preuzimanje programa: USB Slave \/ USB memorija<\/p>\n<p>Napajanje: 10\\~28 V DC, 6 W<\/p>\n<p>Stepen za\u0161tite: IP65 prednja plo\u010da<\/p>\n<p>Radna temperatura: 0\\~50 \u00b0C<\/p>\n<p>Temperatura skladi\u0161tenja: -20 \u00b0C do 60 \u00b0C<\/p>\n<p>Radna vla\u017enost: 10 \\~ 90 % RH (bez kondenzacije)<\/p>\n<p>Ku\u0107i\u0161te: industrijska plastika, crne boje<\/p>\n<p>Dimenzije (\u0161irina x visina x dubina): 280 \u00d7 193 \u00d7 36 mm<\/p>\n<p>Dimenzije otvora za ugradnju: 261 \u00d7 180 mm<\/p>\n<p>Na\u010din hla\u0111enja: prirodno hla\u0111enje vazduhom<\/p>\n<p>Te\u017eina: 0,9 kg<\/p>","protected":false},"excerpt":{"rendered":"<p>HMI panel sa 10,1&#8243; TFT ekranom rezolucije 1024&#215;600, 16,77 miliona boja, LED pozadinskim osvetljenjem, 32-bitnim ARM procesorom na 792 MHz, 128 MB memorije, Ethernet povezivanjem, podr\u0161kom za RS232\/RS485\/RS422, USB konekcijom, IP65 za\u0161titom i prirodnim hla\u0111enjem.<\/p>","protected":false},"featured_media":33510,"template":"","meta":[],"product_brand":[155],"product_cat":[220,109],"product_tag":[],"class_list":{"0":"post-33509","1":"product","2":"type-product","3":"status-publish","4":"has-post-thumbnail","6":"product_brand-kinco","7":"product_cat-kinco-hmi-paneli","8":"product_cat-hmi-paneli","10":"first","11":"instock","12":"taxable","13":"shipping-taxable","14":"purchasable","15":"product-type-simple"},"_links":{"self":[{"href":"https:\/\/gliki.at\/de\/wp-json\/wp\/v2\/product\/33509","targetHints":{"allow":["GET"]}}],"collection":[{"href":"https:\/\/gliki.at\/de\/wp-json\/wp\/v2\/product"}],"about":[{"href":"https:\/\/gliki.at\/de\/wp-json\/wp\/v2\/types\/product"}],"version-history":[{"count":2,"href":"https:\/\/gliki.at\/de\/wp-json\/wp\/v2\/product\/33509\/revisions"}],"predecessor-version":[{"id":33514,"href":"https:\/\/gliki.at\/de\/wp-json\/wp\/v2\/product\/33509\/revisions\/33514"}],"wp:featuredmedia":[{"embeddable":true,"href":"https:\/\/gliki.at\/de\/wp-json\/wp\/v2\/media\/33510"}],"wp:attachment":[{"href":"https:\/\/gliki.at\/de\/wp-json\/wp\/v2\/media?parent=33509"}],"wp:term":[{"taxonomy":"product_brand","embeddable":true,"href":"https:\/\/gliki.at\/de\/wp-json\/wp\/v2\/product_brand?post=33509"},{"taxonomy":"product_cat","embeddable":true,"href":"https:\/\/gliki.at\/de\/wp-json\/wp\/v2\/product_cat?post=33509"},{"taxonomy":"product_tag","embeddable":true,"href":"https:\/\/gliki.at\/de\/wp-json\/wp\/v2\/product_tag?post=33509"}],"curies":[{"name":"wp","href":"https:\/\/api.w.org\/{rel}","templated":true}]}}