{"id":33513,"date":"2025-08-11T15:19:21","date_gmt":"2025-08-11T13:19:21","guid":{"rendered":"https:\/\/gliki.at\/?post_type=product&#038;p=33513"},"modified":"2025-10-07T12:29:51","modified_gmt":"2025-10-07T10:29:51","slug":"kinco-gt070he-hmi","status":"publish","type":"product","link":"https:\/\/gliki.at\/de\/shop\/hmi-paneli\/kinco-hmi-paneli\/kinco-gt070he-hmi\/","title":{"rendered":"Kinco Gt070he HMI"},"content":{"rendered":"<p>Ekran:<\/p>\n<ul>\n<li>Veli\u010dina: 7&#8243; TFT<\/li>\n<li>Rezolucija: 1024\u00d7600 piksela<\/li>\n<li>Boje prikaza: 16,7 miliona<\/li>\n<li>Pozadinsko osvetljenje: LED<\/li>\n<li>Svetlina: 450 cd\/m\u00b2<\/li>\n<li>Vek trajanja LCD-a: vi\u0161e od 30.000 sati<\/li>\n<li>Panel osetljiv na dodir: 4-\u017ei\u010dna precizna otpornik mre\u017ea (tvrdo\u0107a povr\u0161ine 4H)<\/li>\n<\/ul>\n<p>Procesor i memorija:<\/p>\n<ul>\n<li>CPU: 32-bitni ARM RISC na 800 MHz<\/li>\n<li>Memorija: 256 MB Flash + 128 MB RAM<\/li>\n<\/ul>\n<p>Dodatne funkcije:<\/p>\n<ul>\n<li>RTC: ugra\u0111eni Real-Time Clock + 32 KB<\/li>\n<li>Spoljna memorija: USB Host<\/li>\n<li>Port za \u0161tampa\u010d: USB Host \/ Serijski port<\/li>\n<li>Ethernet: LAN0: 10\/100 Mbps<\/li>\n<li>Mre\u017eni pristup: Ethernet \/ WiFi (opciono) \/ 4G (opciono)<\/li>\n<li>Preuzimanje programa: U disk \/ Ethernet<\/li>\n<li>VPN podr\u0161ka: podr\u0161ka za daljinski upload, download i monitoring ekrana, kao i transparentni prenos programa, upload, download i onlajn debugovanje PLC-a<\/li>\n<\/ul>\n<p>Komunikacija:<\/p>\n<ul>\n<li>COM0: RS232\/RS485\/RS422<\/li>\n<li>COM2: RS232<\/li>\n<\/ul>","protected":false},"excerpt":{"rendered":"<p>7&#8243; HMI panel sa rezolucijom 1024\u00d7600, 16,7M boja, LED osvetljenjem, 32-bitnim ARM 800MHz procesorom, 256MB Flash + 128MB RAM memorije, Ethernet, WiFi\/4G opcijama, USB i serijskom komunikacijom, podr\u0161kom za VPN i daljinski pristup.<\/p>","protected":false},"featured_media":33515,"template":"","meta":[],"product_brand":[155],"product_cat":[220,109],"product_tag":[],"class_list":{"0":"post-33513","1":"product","2":"type-product","3":"status-publish","4":"has-post-thumbnail","6":"product_brand-kinco","7":"product_cat-kinco-hmi-paneli","8":"product_cat-hmi-paneli","10":"first","11":"instock","12":"taxable","13":"shipping-taxable","14":"product-type-simple"},"_links":{"self":[{"href":"https:\/\/gliki.at\/de\/wp-json\/wp\/v2\/product\/33513","targetHints":{"allow":["GET"]}}],"collection":[{"href":"https:\/\/gliki.at\/de\/wp-json\/wp\/v2\/product"}],"about":[{"href":"https:\/\/gliki.at\/de\/wp-json\/wp\/v2\/types\/product"}],"version-history":[{"count":1,"href":"https:\/\/gliki.at\/de\/wp-json\/wp\/v2\/product\/33513\/revisions"}],"predecessor-version":[{"id":33517,"href":"https:\/\/gliki.at\/de\/wp-json\/wp\/v2\/product\/33513\/revisions\/33517"}],"wp:featuredmedia":[{"embeddable":true,"href":"https:\/\/gliki.at\/de\/wp-json\/wp\/v2\/media\/33515"}],"wp:attachment":[{"href":"https:\/\/gliki.at\/de\/wp-json\/wp\/v2\/media?parent=33513"}],"wp:term":[{"taxonomy":"product_brand","embeddable":true,"href":"https:\/\/gliki.at\/de\/wp-json\/wp\/v2\/product_brand?post=33513"},{"taxonomy":"product_cat","embeddable":true,"href":"https:\/\/gliki.at\/de\/wp-json\/wp\/v2\/product_cat?post=33513"},{"taxonomy":"product_tag","embeddable":true,"href":"https:\/\/gliki.at\/de\/wp-json\/wp\/v2\/product_tag?post=33513"}],"curies":[{"name":"wp","href":"https:\/\/api.w.org\/{rel}","templated":true}]}}