{"id":33522,"date":"2025-08-11T15:24:20","date_gmt":"2025-08-11T13:24:20","guid":{"rendered":"https:\/\/gliki.at\/?post_type=product&#038;p=33522"},"modified":"2025-10-07T12:29:25","modified_gmt":"2025-10-07T10:29:25","slug":"kinco-4310c-hmi","status":"publish","type":"product","link":"https:\/\/gliki.at\/de\/shop\/hmi-paneli\/kinco-hmi-paneli\/kinco-4310c-hmi\/","title":{"rendered":"Kinco 4310c HMI"},"content":{"rendered":"<p>Serija MT4000 je veoma mo\u0107an HMI proizvod koji \u0107e unaprediti va\u0161u aplikaciju.<br \/>\nOva linija HMI ure\u0111aja dolazi sa prikazom od 65.536 boja, \u0161to pru\u017ea bogate boje i neuporedivu rezoluciju na ekranu osetljivom na dodir.<br \/>\nZahvaljuju\u0107i sna\u017enom 32-bitnom RISC procesoru od 400 MHz, MT4000 obezbe\u0111uje br\u017ee brzine obrade.<br \/>\nSvaki HMI podr\u017eava istovremenu komunikaciju preko vi\u0161e serijskih portova, omogu\u0107avaju\u0107i povezivanje sa razli\u010ditim kontrolerima istovremeno.<br \/>\nSa jednostavnim, prakti\u010dnim i mo\u0107nim HMIware softverom za konfiguraciju, korisnik mo\u017ee lako savladati metodu dizajna i efikasno kreirati vrhunske programe.<\/p>\n<ul>\n<li>65.536 istinskih boja TFT LCD<\/li>\n<li>32-bitni RISC procesor na 400 MHz<\/li>\n<li>128 MB FLASH + 64 MB SDRAM memorije<\/li>\n<li>512 KB memorije za recepte, jednostavno \u010duvanje podataka<\/li>\n<li>Real-Time Clock sa rezervom od 2 godine kada je ure\u0111aj isklju\u010den<\/li>\n<li>2 COM porta, podr\u017eava istovremenu komunikaciju; RS232\/RS422\/RS485<\/li>\n<\/ul>","protected":false},"excerpt":{"rendered":"<p>Mo\u0107an HMI sa 7&#8243; ekranom od 65.536 boja, 400 MHz 32-bitnim RISC procesorom, vi\u0161estrukim serijskim portovima za istovremenu komunikaciju i jednostavnim HMIware softverom za brzu i efikasnu konfiguraciju.<\/p>","protected":false},"featured_media":33523,"template":"","meta":[],"product_brand":[155],"product_cat":[220,109],"product_tag":[],"class_list":{"0":"post-33522","1":"product","2":"type-product","3":"status-publish","4":"has-post-thumbnail","6":"product_brand-kinco","7":"product_cat-kinco-hmi-paneli","8":"product_cat-hmi-paneli","10":"first","11":"instock","12":"taxable","13":"shipping-taxable","14":"product-type-simple"},"_links":{"self":[{"href":"https:\/\/gliki.at\/de\/wp-json\/wp\/v2\/product\/33522","targetHints":{"allow":["GET"]}}],"collection":[{"href":"https:\/\/gliki.at\/de\/wp-json\/wp\/v2\/product"}],"about":[{"href":"https:\/\/gliki.at\/de\/wp-json\/wp\/v2\/types\/product"}],"version-history":[{"count":1,"href":"https:\/\/gliki.at\/de\/wp-json\/wp\/v2\/product\/33522\/revisions"}],"predecessor-version":[{"id":33525,"href":"https:\/\/gliki.at\/de\/wp-json\/wp\/v2\/product\/33522\/revisions\/33525"}],"wp:featuredmedia":[{"embeddable":true,"href":"https:\/\/gliki.at\/de\/wp-json\/wp\/v2\/media\/33523"}],"wp:attachment":[{"href":"https:\/\/gliki.at\/de\/wp-json\/wp\/v2\/media?parent=33522"}],"wp:term":[{"taxonomy":"product_brand","embeddable":true,"href":"https:\/\/gliki.at\/de\/wp-json\/wp\/v2\/product_brand?post=33522"},{"taxonomy":"product_cat","embeddable":true,"href":"https:\/\/gliki.at\/de\/wp-json\/wp\/v2\/product_cat?post=33522"},{"taxonomy":"product_tag","embeddable":true,"href":"https:\/\/gliki.at\/de\/wp-json\/wp\/v2\/product_tag?post=33522"}],"curies":[{"name":"wp","href":"https:\/\/api.w.org\/{rel}","templated":true}]}}