{"id":33552,"date":"2025-08-14T12:00:29","date_gmt":"2025-08-14T10:00:29","guid":{"rendered":"https:\/\/gliki.at\/?post_type=product&#038;p=33552"},"modified":"2025-08-14T12:47:00","modified_gmt":"2025-08-14T10:47:00","slug":"mean-well-ddr-15g-24-pretvarac","status":"publish","type":"product","link":"https:\/\/gliki.at\/de\/shop\/mean-wall-napajanja\/mean-well-ddr-15g-24-pretvarac\/","title":{"rendered":"Mean Well DDR-15G-24 pretvara\u010d"},"content":{"rendered":"<p>Proizvo\u0111a\u010d<br \/>\nMEAN WELL<\/p>\n<p>Tip pretvara\u010da<br \/>\nDC\/DC<\/p>\n<p>Snaga<br \/>\n15 W<\/p>\n<p>Ulazni napon<br \/>\n9&#8230;36 V DC<\/p>\n<p>Izlazni napon<br \/>\n24 V DC<\/p>\n<p>Izlazna struja<br \/>\n0,63 A<\/p>\n<p>Monta\u017ea<br \/>\nza monta\u017eu na DIN \u0161inu<\/p>\n<p>Serija proizvo\u0111a\u010da<br \/>\nDDR<\/p>\n<p>Dimenzije ku\u0107i\u0161ta<br \/>\n17,5 \u00d7 90 \u00d7 54,5 mm<\/p>\n<p>Efikasnost<br \/>\n86 %<\/p>\n<p>Radna temperatura<br \/>\n-40&#8230;85 \u00b0C<\/p>\n<p>Za\u0161tita<\/p>\n<p>OCP \u2013 za\u0161tita od prekora\u010denja struje<\/p>\n<p>OPP \u2013 za\u0161tita od prekora\u010denja snage<\/p>\n<p>OVP \u2013 za\u0161tita od prenapona<\/p>\n<p>SCP \u2013 za\u0161tita od kratkog spoja<\/p>\n<p>OTP \u2013 za\u0161tita od pregrevanja<\/p>\n<p>BOP \u2013 za\u0161tita od pada napona<\/p>\n<p>Za\u0161tita od obrnutog polariteta<\/p>\n<p>Za\u0161tita od preoptere\u0107enja (OPP)<\/p>\n<p>Za\u0161tita od prenapona (OVP)<\/p>\n<p>Za\u0161tita od podnapona (UVP)<\/p>\n<p>Broj izlaza<br \/>\n1<\/p>\n<p>Elektri\u010dno povezivanje<br \/>\n\u0161rafne kleme<\/p>","protected":false},"excerpt":{"rendered":"<p>Kompaktni MEAN WELL DDR DC\/DC pretvara\u010d od 15 W za DIN \u0161inu, sa \u0161irokim ulaznim naponom 9\u201336 V DC, izlazom 24 V DC i vi\u0161estrukim za\u0161titama za pouzdan rad u zahtevnim uslovima.<\/p>","protected":false},"featured_media":33554,"template":"","meta":[],"product_brand":[156],"product_cat":[157,158],"product_tag":[],"class_list":{"0":"post-33552","1":"product","2":"type-product","3":"status-publish","4":"has-post-thumbnail","6":"product_brand-mean-well","7":"product_cat-mean-wall-napajanja","8":"product_cat-dc-dc-pretvaraci","10":"first","11":"instock","12":"taxable","13":"shipping-taxable","14":"purchasable","15":"product-type-simple"},"_links":{"self":[{"href":"https:\/\/gliki.at\/de\/wp-json\/wp\/v2\/product\/33552","targetHints":{"allow":["GET"]}}],"collection":[{"href":"https:\/\/gliki.at\/de\/wp-json\/wp\/v2\/product"}],"about":[{"href":"https:\/\/gliki.at\/de\/wp-json\/wp\/v2\/types\/product"}],"version-history":[{"count":2,"href":"https:\/\/gliki.at\/de\/wp-json\/wp\/v2\/product\/33552\/revisions"}],"predecessor-version":[{"id":33563,"href":"https:\/\/gliki.at\/de\/wp-json\/wp\/v2\/product\/33552\/revisions\/33563"}],"wp:featuredmedia":[{"embeddable":true,"href":"https:\/\/gliki.at\/de\/wp-json\/wp\/v2\/media\/33554"}],"wp:attachment":[{"href":"https:\/\/gliki.at\/de\/wp-json\/wp\/v2\/media?parent=33552"}],"wp:term":[{"taxonomy":"product_brand","embeddable":true,"href":"https:\/\/gliki.at\/de\/wp-json\/wp\/v2\/product_brand?post=33552"},{"taxonomy":"product_cat","embeddable":true,"href":"https:\/\/gliki.at\/de\/wp-json\/wp\/v2\/product_cat?post=33552"},{"taxonomy":"product_tag","embeddable":true,"href":"https:\/\/gliki.at\/de\/wp-json\/wp\/v2\/product_tag?post=33552"}],"curies":[{"name":"wp","href":"https:\/\/api.w.org\/{rel}","templated":true}]}}