{"id":33623,"date":"2025-08-14T14:40:07","date_gmt":"2025-08-14T12:40:07","guid":{"rendered":"https:\/\/gliki.at\/?post_type=product&#038;p=33623"},"modified":"2025-08-14T14:40:07","modified_gmt":"2025-08-14T12:40:07","slug":"mean-well-lrs-150-24-napajanje-u-kucistu","status":"publish","type":"product","link":"https:\/\/gliki.at\/de\/shop\/mean-wall-napajanja\/mean-well-lrs-150-24-napajanje-u-kucistu\/","title":{"rendered":"Mean Well LRS-150-24 napajanje u ku\u0107i\u0161tu"},"content":{"rendered":"<dl class=\"data-sheet\">\n<dt class=\"name\">PFC<\/dt>\n<dd class=\"value\">Bez<\/dd>\n<dt class=\"name\">Proizvod<\/dt>\n<dd class=\"value\">Napajanja u ku\u0107i\u0161tu<\/dd>\n<dt class=\"name\">Snaga (W)<\/dt>\n<dd class=\"value\">156<\/dd>\n<dt class=\"name\">Broj izlaza<\/dt>\n<dd class=\"value\">1<\/dd>\n<dt class=\"name\">Izlaz1<\/dt>\n<dd class=\"value\">24VDC 0-6.5A<\/dd>\n<dt class=\"name\">Ku\u0107i\u0161te<\/dt>\n<dd class=\"value\">Metalno<\/dd>\n<dt class=\"name\">Hla\u0111enje<\/dt>\n<dd class=\"value\">Pasivno<\/dd>\n<dt class=\"name\">Ulazni napon<\/dt>\n<dd class=\"value\">85-132\/170-264VAC<\/dd>\n<dt class=\"name\">Izlazni napon (VDC)<\/dt>\n<dd class=\"value\">Od 20 do 30<\/dd>\n<dt class=\"name\">Stabilisan izlazni napon (VDC)<\/dt>\n<dd class=\"value\">24<\/dd>\n<dt class=\"name\">Izlazna struja (A)<\/dt>\n<dd class=\"value\">Do 5<br \/>\nOd 5 do 10<\/dd>\n<dt class=\"name\">Ulazni napon (VAC)<\/dt>\n<dd class=\"value\">Do 130<br \/>\nNad 250<br \/>\nOd 130 do 250<\/dd>\n<\/dl>","protected":false},"excerpt":{"rendered":"<p>Napajanje u metalnom ku\u0107i\u0161tu snage 156 W sa stabilizovanim izlazom 24 VDC i strujom do 6,5 A, pasivnim hla\u0111enjem i jednim izlazom za pouzdano industrijsko napajanje.<\/p>","protected":false},"featured_media":33624,"template":"","meta":[],"product_brand":[156],"product_cat":[157,162],"product_tag":[],"class_list":{"0":"post-33623","1":"product","2":"type-product","3":"status-publish","4":"has-post-thumbnail","6":"product_brand-mean-well","7":"product_cat-mean-wall-napajanja","8":"product_cat-napajanja-u-kucistu","10":"first","11":"instock","12":"taxable","13":"shipping-taxable","14":"purchasable","15":"product-type-simple"},"_links":{"self":[{"href":"https:\/\/gliki.at\/de\/wp-json\/wp\/v2\/product\/33623","targetHints":{"allow":["GET"]}}],"collection":[{"href":"https:\/\/gliki.at\/de\/wp-json\/wp\/v2\/product"}],"about":[{"href":"https:\/\/gliki.at\/de\/wp-json\/wp\/v2\/types\/product"}],"version-history":[{"count":2,"href":"https:\/\/gliki.at\/de\/wp-json\/wp\/v2\/product\/33623\/revisions"}],"predecessor-version":[{"id":33627,"href":"https:\/\/gliki.at\/de\/wp-json\/wp\/v2\/product\/33623\/revisions\/33627"}],"wp:featuredmedia":[{"embeddable":true,"href":"https:\/\/gliki.at\/de\/wp-json\/wp\/v2\/media\/33624"}],"wp:attachment":[{"href":"https:\/\/gliki.at\/de\/wp-json\/wp\/v2\/media?parent=33623"}],"wp:term":[{"taxonomy":"product_brand","embeddable":true,"href":"https:\/\/gliki.at\/de\/wp-json\/wp\/v2\/product_brand?post=33623"},{"taxonomy":"product_cat","embeddable":true,"href":"https:\/\/gliki.at\/de\/wp-json\/wp\/v2\/product_cat?post=33623"},{"taxonomy":"product_tag","embeddable":true,"href":"https:\/\/gliki.at\/de\/wp-json\/wp\/v2\/product_tag?post=33623"}],"curies":[{"name":"wp","href":"https:\/\/api.w.org\/{rel}","templated":true}]}}