{"id":33643,"date":"2025-08-14T14:58:29","date_gmt":"2025-08-14T12:58:29","guid":{"rendered":"https:\/\/gliki.at\/?post_type=product&#038;p=33643"},"modified":"2025-08-14T14:58:29","modified_gmt":"2025-08-14T12:58:29","slug":"mean-well-mdr-10-5-napajanje-za-na-din-sinu","status":"publish","type":"product","link":"https:\/\/gliki.at\/de\/shop\/mean-wall-napajanja\/mean-well-mdr-10-5-napajanje-za-na-din-sinu\/","title":{"rendered":"Mean Well MDR 10-5 napajanje za na DIN \u0161inu"},"content":{"rendered":"<dl class=\"data-sheet\">\n<dt class=\"name\">PFC<\/dt>\n<dd class=\"value\">Bez<\/dd>\n<dt class=\"name\">Proizvod<\/dt>\n<dd class=\"value\">Napajanja za na DIN \u0161inu<\/dd>\n<dt class=\"name\">Snaga (W)<\/dt>\n<dd class=\"value\">10<\/dd>\n<dt class=\"name\">Broj izlaza<\/dt>\n<dd class=\"value\">1<\/dd>\n<dt class=\"name\">Izlaz1<\/dt>\n<dd class=\"value\">5VDC 0-2A<\/dd>\n<dt class=\"name\">Ku\u0107i\u0161te<\/dt>\n<dd class=\"value\">Za DIN letvu<\/dd>\n<dt class=\"name\">Hla\u0111enje<\/dt>\n<dd class=\"value\">Pasivno<\/dd>\n<dt class=\"name\">Ulazni napon<\/dt>\n<dd class=\"value\">85-264VAC<\/dd>\n<dt class=\"name\">Izlazni napon (VDC)<\/dt>\n<dd class=\"value\">Do 5<\/dd>\n<dt class=\"name\">Stabilisan izlazni napon (VDC)<\/dt>\n<dd class=\"value\">5<\/dd>\n<dt class=\"name\">Izlazna struja (A)<\/dt>\n<dd class=\"value\">Do 5<\/dd>\n<dt class=\"name\">Ulazni napon (VAC)<\/dt>\n<dd class=\"value\">Do 130<br \/>\nNad 250<br \/>\nOd 130 do 250<\/dd>\n<\/dl>","protected":false},"excerpt":{"rendered":"<p>DIN \u0161inski napajanje snage 10 W sa stabilizovanim izlazom 5 VDC i strujom do 2 A, pasivnim hla\u0111enjem i jednim izlazom za pouzdano napajanje ure\u0111aja.<\/p>","protected":false},"featured_media":33644,"template":"","meta":[],"product_brand":[156],"product_cat":[157,159],"product_tag":[],"class_list":{"0":"post-33643","1":"product","2":"type-product","3":"status-publish","4":"has-post-thumbnail","6":"product_brand-mean-well","7":"product_cat-mean-wall-napajanja","8":"product_cat-napajanja-za-din-sinu","10":"first","11":"instock","12":"taxable","13":"shipping-taxable","14":"purchasable","15":"product-type-simple"},"_links":{"self":[{"href":"https:\/\/gliki.at\/de\/wp-json\/wp\/v2\/product\/33643","targetHints":{"allow":["GET"]}}],"collection":[{"href":"https:\/\/gliki.at\/de\/wp-json\/wp\/v2\/product"}],"about":[{"href":"https:\/\/gliki.at\/de\/wp-json\/wp\/v2\/types\/product"}],"version-history":[{"count":1,"href":"https:\/\/gliki.at\/de\/wp-json\/wp\/v2\/product\/33643\/revisions"}],"predecessor-version":[{"id":33646,"href":"https:\/\/gliki.at\/de\/wp-json\/wp\/v2\/product\/33643\/revisions\/33646"}],"wp:featuredmedia":[{"embeddable":true,"href":"https:\/\/gliki.at\/de\/wp-json\/wp\/v2\/media\/33644"}],"wp:attachment":[{"href":"https:\/\/gliki.at\/de\/wp-json\/wp\/v2\/media?parent=33643"}],"wp:term":[{"taxonomy":"product_brand","embeddable":true,"href":"https:\/\/gliki.at\/de\/wp-json\/wp\/v2\/product_brand?post=33643"},{"taxonomy":"product_cat","embeddable":true,"href":"https:\/\/gliki.at\/de\/wp-json\/wp\/v2\/product_cat?post=33643"},{"taxonomy":"product_tag","embeddable":true,"href":"https:\/\/gliki.at\/de\/wp-json\/wp\/v2\/product_tag?post=33643"}],"curies":[{"name":"wp","href":"https:\/\/api.w.org\/{rel}","templated":true}]}}